{"id":149123,"date":"2023-01-13T19:14:43","date_gmt":"2025-05-11T13:14:40","guid":{"rendered":"https:\/\/kingarms.ee\/product\/emblemos-ukrainos-herbas-geltona-ir-melyna-m-tac\/"},"modified":"2025-05-11T16:14:40","modified_gmt":"2025-05-11T13:14:40","slug":"emblemos-ukrainos-herbas-geltona-ir-melyna-m-tac","status":"publish","type":"product","link":"https:\/\/kingarms.ee\/lt\/product\/emblemos-ukrainos-herbas-geltona-ir-melyna-m-tac\/","title":{"rendered":"Emblemos Ukrainos herbas, geltona ir m\u0117lyna (M-TAC)"},"content":{"rendered":"<p><img loading=\"lazy\" decoding=\"async\" class=\"alignnone size-full wp-image-72986\" src=\"https:\/\/kingarms.ee\/wp-content\/uploads\/2023\/01\/51348032-1.jpeg\" alt=\"\" width=\"600\" height=\"600\" srcset=\"https:\/\/kingarms.ee\/wp-content\/uploads\/2023\/01\/51348032-1.jpeg 600w, https:\/\/kingarms.ee\/wp-content\/uploads\/2023\/01\/51348032-1-300x300.jpeg 300w, https:\/\/kingarms.ee\/wp-content\/uploads\/2023\/01\/51348032-1-150x150.jpeg 150w, https:\/\/kingarms.ee\/wp-content\/uploads\/2023\/01\/51348032-1-500x500.jpeg 500w\" sizes=\"auto, (max-width: 600px) 100vw, 600px\" \/><\/p>\n","protected":false},"excerpt":{"rendered":"<p><strong>Emblemos Ukrainos herbas, geltona ir m\u0117lyna<\/strong><\/p>\n<p>M-Tac Ukrainos herbo pleistras yra originalus, moralinis pleistras, skirtas i\u0161did\u017eiai atpa\u017einti patriotines savininko vertybes.<\/p>\n<p>Pleistras yra pana\u0161us \u012f Ukrainos \u017eem\u0117lap\u012f m\u0117lynai geltoname fone. Centre yra herbas-vienas i\u0161 svarbiausi\u0173 m\u016bs\u0173 suverenios ir nepriklausomos valstyb\u0117s simboli\u0173.<\/p>\n<p>Pleistras pagamintas i\u0161 atsparios dr\u0117gmei ir UV spinduliams atsparios med\u017eiagos. Tvirtinamas prie drabu\u017ei\u0173, krep\u0161i\u0173, kuprini\u0173 ar \u012frangos su Velcro.<\/p>\n<p>\u0160is pleistras bus tinkamas j\u016bs\u0173 aprangos priedas ir palankiai pabr\u0117\u0161 savininko vertybes.<\/p>\n","protected":false},"featured_media":126686,"template":"","meta":{"_acf_changed":false},"product_brand":[],"product_cat":[1236],"product_tag":[],"class_list":{"0":"post-149123","1":"product","2":"type-product","3":"status-publish","4":"has-post-thumbnail","6":"product_cat-pleistrai","8":"first","9":"instock","10":"taxable","11":"shipping-taxable","12":"purchasable","13":"product-type-simple"},"acf":[],"_links":{"self":[{"href":"https:\/\/kingarms.ee\/lt\/wp-json\/wp\/v2\/product\/149123","targetHints":{"allow":["GET"]}}],"collection":[{"href":"https:\/\/kingarms.ee\/lt\/wp-json\/wp\/v2\/product"}],"about":[{"href":"https:\/\/kingarms.ee\/lt\/wp-json\/wp\/v2\/types\/product"}],"wp:featuredmedia":[{"embeddable":true,"href":"https:\/\/kingarms.ee\/lt\/wp-json\/wp\/v2\/media\/126686"}],"wp:attachment":[{"href":"https:\/\/kingarms.ee\/lt\/wp-json\/wp\/v2\/media?parent=149123"}],"wp:term":[{"taxonomy":"product_brand","embeddable":true,"href":"https:\/\/kingarms.ee\/lt\/wp-json\/wp\/v2\/product_brand?post=149123"},{"taxonomy":"product_cat","embeddable":true,"href":"https:\/\/kingarms.ee\/lt\/wp-json\/wp\/v2\/product_cat?post=149123"},{"taxonomy":"product_tag","embeddable":true,"href":"https:\/\/kingarms.ee\/lt\/wp-json\/wp\/v2\/product_tag?post=149123"}],"curies":[{"name":"wp","href":"https:\/\/api.w.org\/{rel}","templated":true}]}}