{"id":149125,"date":"2023-01-13T19:01:16","date_gmt":"2025-05-11T13:16:30","guid":{"rendered":"https:\/\/kingarms.ee\/product\/emblema-anonimine-atspindinti-m-blsk\/"},"modified":"2025-05-11T16:16:30","modified_gmt":"2025-05-11T13:16:30","slug":"emblema-anonimine-atspindinti-m-blsk","status":"publish","type":"product","link":"https:\/\/kingarms.ee\/lt\/product\/emblema-anonimine-atspindinti-m-blsk\/","title":{"rendered":"Emblema Anonimin\u0117 Atspindinti (M-BLSK)"},"content":{"rendered":"<p><img loading=\"lazy\" decoding=\"async\" class=\"alignnone size-full wp-image-72968\" src=\"https:\/\/kingarms.ee\/wp-content\/uploads\/2023\/01\/51321002-1.jpeg\" alt=\"\" width=\"600\" height=\"600\" srcset=\"https:\/\/kingarms.ee\/wp-content\/uploads\/2023\/01\/51321002-1.jpeg 600w, https:\/\/kingarms.ee\/wp-content\/uploads\/2023\/01\/51321002-1-300x300.jpeg 300w, https:\/\/kingarms.ee\/wp-content\/uploads\/2023\/01\/51321002-1-150x150.jpeg 150w, https:\/\/kingarms.ee\/wp-content\/uploads\/2023\/01\/51321002-1-500x500.jpeg 500w\" sizes=\"auto, (max-width: 600px) 100vw, 600px\" \/><\/p>\n","protected":false},"excerpt":{"rendered":"<p><strong>Herbas Anonimas<\/strong><\/p>\n<p>M-Tac prek\u0117s \u017eenklas i\u0161leido original\u0173 lipduk\u0105 su anonimin\u0117s kauk\u0117s atvaizdu. Tai personifikuoja anonimi\u0161kum\u0105 ir yra populiarus atributas protest\u0173 metu. Lipdukas gali papuo\u0161ti ne\u0161iojam\u0105j\u012f kompiuter\u012f, plan\u0161etin\u012f kompiuter\u012f, telefon\u0105, ne\u0161iojam\u0105j\u012f kompiuter\u012f ir visk\u0105, kam turite pakankamai fantazijos. Spalvingas ir vandeniui atsparus Lipdukas pad\u0117s i\u0161ry\u0161kinti j\u016bs\u0173 asmenyb\u0119 ir \u012fgyvendinti visas k\u016brybines id\u0117jas.   <\/p>\n","protected":false},"featured_media":132044,"template":"","meta":{"_acf_changed":false},"product_brand":[],"product_cat":[1236],"product_tag":[],"class_list":{"0":"post-149125","1":"product","2":"type-product","3":"status-publish","4":"has-post-thumbnail","6":"product_cat-pleistrai","8":"first","9":"onbackorder","10":"taxable","11":"shipping-taxable","12":"product-type-simple"},"acf":[],"_links":{"self":[{"href":"https:\/\/kingarms.ee\/lt\/wp-json\/wp\/v2\/product\/149125","targetHints":{"allow":["GET"]}}],"collection":[{"href":"https:\/\/kingarms.ee\/lt\/wp-json\/wp\/v2\/product"}],"about":[{"href":"https:\/\/kingarms.ee\/lt\/wp-json\/wp\/v2\/types\/product"}],"wp:featuredmedia":[{"embeddable":true,"href":"https:\/\/kingarms.ee\/lt\/wp-json\/wp\/v2\/media\/132044"}],"wp:attachment":[{"href":"https:\/\/kingarms.ee\/lt\/wp-json\/wp\/v2\/media?parent=149125"}],"wp:term":[{"taxonomy":"product_brand","embeddable":true,"href":"https:\/\/kingarms.ee\/lt\/wp-json\/wp\/v2\/product_brand?post=149125"},{"taxonomy":"product_cat","embeddable":true,"href":"https:\/\/kingarms.ee\/lt\/wp-json\/wp\/v2\/product_cat?post=149125"},{"taxonomy":"product_tag","embeddable":true,"href":"https:\/\/kingarms.ee\/lt\/wp-json\/wp\/v2\/product_tag?post=149125"}],"curies":[{"name":"wp","href":"https:\/\/api.w.org\/{rel}","templated":true}]}}