{"id":149131,"date":"2023-01-13T18:43:23","date_gmt":"2025-05-11T13:33:29","guid":{"rendered":"https:\/\/kingarms.ee\/product\/mulna-wool-type-5-m-tac\/"},"modified":"2025-05-11T16:33:29","modified_gmt":"2025-05-11T13:33:29","slug":"mulna-wool-type-5-m-tac","status":"publish","type":"product","link":"https:\/\/kingarms.ee\/lt\/product\/mulna-wool-type-5-m-tac\/","title":{"rendered":"\u201eMulna Wool Type 5\u201c (M-TAC)"},"content":{"rendered":"<p><img loading=\"lazy\" decoding=\"async\" class=\"alignnone size-full wp-image-72942\" src=\"https:\/\/kingarms.ee\/wp-content\/uploads\/2023\/01\/60022001-1.jpeg\" alt=\"\" width=\"600\" height=\"600\" srcset=\"https:\/\/kingarms.ee\/wp-content\/uploads\/2023\/01\/60022001-1.jpeg 600w, https:\/\/kingarms.ee\/wp-content\/uploads\/2023\/01\/60022001-1-300x300.jpeg 300w, https:\/\/kingarms.ee\/wp-content\/uploads\/2023\/01\/60022001-1-150x150.jpeg 150w, https:\/\/kingarms.ee\/wp-content\/uploads\/2023\/01\/60022001-1-500x500.jpeg 500w\" sizes=\"auto, (max-width: 600px) 100vw, 600px\" \/><\/p>\n","protected":false},"excerpt":{"rendered":"<p>Ar einate \u017evejoti, \u017eygiuoti ar i\u0161kylauti? Pasiimkite su savimi M-Tac 5. daugiafunkcinio \u012frankio tipas. Jame yra visi reikalingi \u012frankiai, kurie gali b\u016bti reikalingi tiek kasdieniame gyvenime, tiek aktyviam laisvalaikiui po atviru dangumi.<\/p>\n<p>Pagaminta i\u0161 402 ner\u016bdijan\u010dio plieno. Tai u\u017etikrina maksimal\u0173 patvarum\u0105 net ir aktyviai naudojant lauke.<\/p>\n<p>Daugiafunkciniame \u012frankyje yra daug nauding\u0173 \u012franki\u0173: adatin\u0117s repl\u0117s, repl\u0117s, vielos pjaustytuvai, peilis, metalo pj\u016bklas, atsuktuvas plok\u0161\u010dia galva ir buteli\u0173 atidarytuvas. \u0160is modelis taip pat turi karabin\u0105, kuris leid\u017eia lengvai pritvirtinti daugiafunkc\u012f \u012frank\u012f prie \u012frenginio. Visi elementai yra tvirtai pritvirtinti atviroje ir u\u017edaroje pad\u0117tyje. D\u0117l ergonomi\u0161kos formos daugiafunkcis \u012frankis puikiai s\u0117di ant rankos ir neslysta eksploatacijos metu. Ant rankenos u\u017ededamas stilingas prek\u0117s \u017eenklo logotipas.<\/p>\n<p>Daugiafunkcinis \u012frankis yra u\u017epildytas specialia danga, kuri\u0105 galima pritvirtinti prie prietaiso su dir\u017eu. D\u0117l kompakti\u0161ko dyd\u017eio jis puikiai telpa \u012f krep\u0161\u012f ar kuprin\u0119, neu\u017eimdamas daug vietos.<\/p>\n","protected":false},"featured_media":130911,"template":"","meta":{"_acf_changed":false},"product_brand":[],"product_cat":[1263],"product_tag":[],"class_list":{"0":"post-149131","1":"product","2":"type-product","3":"status-publish","4":"has-post-thumbnail","6":"product_cat-kelioniu-prekes","8":"first","9":"instock","10":"taxable","11":"shipping-taxable","12":"purchasable","13":"product-type-simple"},"acf":[],"_links":{"self":[{"href":"https:\/\/kingarms.ee\/lt\/wp-json\/wp\/v2\/product\/149131","targetHints":{"allow":["GET"]}}],"collection":[{"href":"https:\/\/kingarms.ee\/lt\/wp-json\/wp\/v2\/product"}],"about":[{"href":"https:\/\/kingarms.ee\/lt\/wp-json\/wp\/v2\/types\/product"}],"wp:featuredmedia":[{"embeddable":true,"href":"https:\/\/kingarms.ee\/lt\/wp-json\/wp\/v2\/media\/130911"}],"wp:attachment":[{"href":"https:\/\/kingarms.ee\/lt\/wp-json\/wp\/v2\/media?parent=149131"}],"wp:term":[{"taxonomy":"product_brand","embeddable":true,"href":"https:\/\/kingarms.ee\/lt\/wp-json\/wp\/v2\/product_brand?post=149131"},{"taxonomy":"product_cat","embeddable":true,"href":"https:\/\/kingarms.ee\/lt\/wp-json\/wp\/v2\/product_cat?post=149131"},{"taxonomy":"product_tag","embeddable":true,"href":"https:\/\/kingarms.ee\/lt\/wp-json\/wp\/v2\/product_tag?post=149131"}],"curies":[{"name":"wp","href":"https:\/\/api.w.org\/{rel}","templated":true}]}}