{"id":149133,"date":"2023-01-13T18:38:13","date_gmt":"2025-05-11T13:37:41","guid":{"rendered":"https:\/\/kingarms.ee\/product\/taktinis-laikrodis-su-pedometru-m-tac\/"},"modified":"2025-05-11T16:37:41","modified_gmt":"2025-05-11T13:37:41","slug":"taktinis-laikrodis-su-pedometru-m-tac","status":"publish","type":"product","link":"https:\/\/kingarms.ee\/lt\/product\/taktinis-laikrodis-su-pedometru-m-tac\/","title":{"rendered":"Taktinis laikrodis su pedometru (M-TAC)"},"content":{"rendered":"<p><img loading=\"lazy\" decoding=\"async\" class=\"alignnone size-full wp-image-72933\" src=\"https:\/\/kingarms.ee\/wp-content\/uploads\/2023\/01\/50001005-2.jpeg\" alt=\"\" width=\"600\" height=\"600\" srcset=\"https:\/\/kingarms.ee\/wp-content\/uploads\/2023\/01\/50001005-2.jpeg 600w, https:\/\/kingarms.ee\/wp-content\/uploads\/2023\/01\/50001005-2-300x300.jpeg 300w, https:\/\/kingarms.ee\/wp-content\/uploads\/2023\/01\/50001005-2-150x150.jpeg 150w, https:\/\/kingarms.ee\/wp-content\/uploads\/2023\/01\/50001005-2-500x500.jpeg 500w\" sizes=\"auto, (max-width: 600px) 100vw, 600px\" \/><\/p>\n","protected":false},"excerpt":{"rendered":"<p>M-tac Taktinis laikrodis yra puikus pasirinkimas sporto ir lauko pramog\u0173 m\u0117g\u0117jams. \u0160is laikrodis turi daug \u012fdomi\u0173 funkcij\u0173-\u017eingsniamatis (\u017eingsniamatis), dienos metu nuva\u017eiuotas atstumas, kalorij\u0173 skaitiklis. Visos \u0161ios funkcijos saugomos laikrod\u017eio atmintyje ir jas galima patikrinti pagal dat\u0105. Be to, \u0161is laikrodis turi du pavojaus signalus: valandos \u017eadintuv\u0105, chronometr\u0105 ir laikmat\u012f. Vandeniui atspari klas\u0117 yra 50. Galite plauti rankas, ir tai nebijo lietaus.<\/p>\n<p>Jud\u0117jimo kvarco tipas<\/p>\n","protected":false},"featured_media":133175,"template":"","meta":{"_acf_changed":false},"product_brand":[],"product_cat":[1224],"product_tag":[],"class_list":{"0":"post-149133","1":"product","2":"type-product","3":"status-publish","4":"has-post-thumbnail","6":"product_cat-ranku-laikrodis","8":"first","9":"onbackorder","10":"taxable","11":"shipping-taxable","12":"product-type-simple"},"acf":[],"_links":{"self":[{"href":"https:\/\/kingarms.ee\/lt\/wp-json\/wp\/v2\/product\/149133","targetHints":{"allow":["GET"]}}],"collection":[{"href":"https:\/\/kingarms.ee\/lt\/wp-json\/wp\/v2\/product"}],"about":[{"href":"https:\/\/kingarms.ee\/lt\/wp-json\/wp\/v2\/types\/product"}],"wp:featuredmedia":[{"embeddable":true,"href":"https:\/\/kingarms.ee\/lt\/wp-json\/wp\/v2\/media\/133175"}],"wp:attachment":[{"href":"https:\/\/kingarms.ee\/lt\/wp-json\/wp\/v2\/media?parent=149133"}],"wp:term":[{"taxonomy":"product_brand","embeddable":true,"href":"https:\/\/kingarms.ee\/lt\/wp-json\/wp\/v2\/product_brand?post=149133"},{"taxonomy":"product_cat","embeddable":true,"href":"https:\/\/kingarms.ee\/lt\/wp-json\/wp\/v2\/product_cat?post=149133"},{"taxonomy":"product_tag","embeddable":true,"href":"https:\/\/kingarms.ee\/lt\/wp-json\/wp\/v2\/product_tag?post=149133"}],"curies":[{"name":"wp","href":"https:\/\/api.w.org\/{rel}","templated":true}]}}