{"id":149137,"date":"2023-01-13T18:19:36","date_gmt":"2025-05-11T13:46:50","guid":{"rendered":"https:\/\/kingarms.ee\/product\/tactinis-baikrodis-m-tac-2\/"},"modified":"2025-05-11T16:46:50","modified_gmt":"2025-05-11T13:46:50","slug":"tactinis-baikrodis-m-tac-2","status":"publish","type":"product","link":"https:\/\/kingarms.ee\/lt\/product\/tactinis-baikrodis-m-tac-2\/","title":{"rendered":"Tactinis Baikrodis (M-TAC)"},"content":{"rendered":"<p><img loading=\"lazy\" decoding=\"async\" class=\"alignnone size-full wp-image-72915\" src=\"https:\/\/kingarms.ee\/wp-content\/uploads\/2023\/01\/50004001-2.jpeg\" alt=\"\" width=\"600\" height=\"600\" srcset=\"https:\/\/kingarms.ee\/wp-content\/uploads\/2023\/01\/50004001-2.jpeg 600w, https:\/\/kingarms.ee\/wp-content\/uploads\/2023\/01\/50004001-2-300x300.jpeg 300w, https:\/\/kingarms.ee\/wp-content\/uploads\/2023\/01\/50004001-2-150x150.jpeg 150w, https:\/\/kingarms.ee\/wp-content\/uploads\/2023\/01\/50004001-2-500x500.jpeg 500w\" sizes=\"auto, (max-width: 600px) 100vw, 600px\" \/><\/p>\n","protected":false},"excerpt":{"rendered":"<p>Platus funkcionalumas m-Tac. \u0160is modelis yra svarbus asistentas \u017emon\u0117ms, kurie gyvena aktyv\u0173 gyvenim\u0105, m\u0117gsta \u017eygius kalnuose ir Idealiai tinka kari\u0161kiams. Unikalios m-tac laikrod\u017eio savyb\u0117s yra naudingos ne tik \u017emon\u0117ms, u\u017esiimantiems ekstremaliu sportu, pavyzd\u017eiui, para\u0161iutu, bet ir yra b\u016btinos kasdieniame gyvenime. Tai gali rodyti atmosferos sl\u0117g\u012f ir oro temperat\u016br\u0105. Steb\u0117dami laikrod\u012f, galite i\u0161 anksto numatyti sveikatos pablog\u0117jim\u0105 ir \u0161iuo metu gerai paskirstyti savo darbo kr\u016bv\u012f.<\/p>\n<p>Daugiafunkcinis Taktinis laikrodis m-Tac turi patvar\u0173 d\u0117kl\u0105 i\u0161 polikarbonato ir patvar\u0173 ner\u016bdijan\u010dio plieno r\u0117m\u0105. Stiklas pagamintas i\u0161 organinio polikarbonato, kuris be problem\u0173 atlaiko \u012fbr\u0117\u017eimus ir atplai\u0161as. Atsparumas vandeniui 3 ATM.<\/p>\n","protected":false},"featured_media":126670,"template":"","meta":{"_acf_changed":false},"product_brand":[],"product_cat":[1224],"product_tag":[],"class_list":{"0":"post-149137","1":"product","2":"type-product","3":"status-publish","4":"has-post-thumbnail","6":"product_cat-ranku-laikrodis","8":"first","9":"onbackorder","10":"taxable","11":"shipping-taxable","12":"product-type-simple"},"acf":[],"_links":{"self":[{"href":"https:\/\/kingarms.ee\/lt\/wp-json\/wp\/v2\/product\/149137","targetHints":{"allow":["GET"]}}],"collection":[{"href":"https:\/\/kingarms.ee\/lt\/wp-json\/wp\/v2\/product"}],"about":[{"href":"https:\/\/kingarms.ee\/lt\/wp-json\/wp\/v2\/types\/product"}],"wp:featuredmedia":[{"embeddable":true,"href":"https:\/\/kingarms.ee\/lt\/wp-json\/wp\/v2\/media\/126670"}],"wp:attachment":[{"href":"https:\/\/kingarms.ee\/lt\/wp-json\/wp\/v2\/media?parent=149137"}],"wp:term":[{"taxonomy":"product_brand","embeddable":true,"href":"https:\/\/kingarms.ee\/lt\/wp-json\/wp\/v2\/product_brand?post=149137"},{"taxonomy":"product_cat","embeddable":true,"href":"https:\/\/kingarms.ee\/lt\/wp-json\/wp\/v2\/product_cat?post=149137"},{"taxonomy":"product_tag","embeddable":true,"href":"https:\/\/kingarms.ee\/lt\/wp-json\/wp\/v2\/product_tag?post=149137"}],"curies":[{"name":"wp","href":"https:\/\/api.w.org\/{rel}","templated":true}]}}