{"id":149139,"date":"2023-01-13T18:13:34","date_gmt":"2025-05-11T13:48:49","guid":{"rendered":"https:\/\/kingarms.ee\/product\/tactinis-baikrodis-m-tac-3\/"},"modified":"2025-05-11T16:48:49","modified_gmt":"2025-05-11T13:48:49","slug":"tactinis-baikrodis-m-tac-3","status":"publish","type":"product","link":"https:\/\/kingarms.ee\/lt\/product\/tactinis-baikrodis-m-tac-3\/","title":{"rendered":"Tactinis Baikrodis (M-TAC)"},"content":{"rendered":"<p><img loading=\"lazy\" decoding=\"async\" class=\"alignnone size-full wp-image-72905\" src=\"https:\/\/kingarms.ee\/wp-content\/uploads\/2023\/01\/50003001-2.jpeg\" alt=\"\" width=\"600\" height=\"600\" srcset=\"https:\/\/kingarms.ee\/wp-content\/uploads\/2023\/01\/50003001-2.jpeg 600w, https:\/\/kingarms.ee\/wp-content\/uploads\/2023\/01\/50003001-2-300x300.jpeg 300w, https:\/\/kingarms.ee\/wp-content\/uploads\/2023\/01\/50003001-2-150x150.jpeg 150w, https:\/\/kingarms.ee\/wp-content\/uploads\/2023\/01\/50003001-2-500x500.jpeg 500w\" sizes=\"auto, (max-width: 600px) 100vw, 600px\" \/><\/p>\n","protected":false},"excerpt":{"rendered":"<p>M-tac Taktinis laikrodis su kompasu yra puikus pasirinkimas tiems, kurie visada buvo \u012fvyki\u0173 centre. Rytinis b\u0117giojimas, \u017eygiai p\u0117s\u010diomis, ekstremalus sportas &#8211; bet kurioje, net ir sunkiausioje situacijoje. Patogus ir prakti\u0161kas, atsparus vandeniui, su patogiu plastikiniu dir\u017eeliu ir chronometru, kad laikas b\u016bt\u0173 tiksliausias. Pagrindinis bruo\u017eas yra elektroninis kompasas, kuris neleid\u017eia jo savininkui pasimesti.   <\/p>\n","protected":false},"featured_media":126668,"template":"","meta":{"_acf_changed":false},"product_brand":[],"product_cat":[1224],"product_tag":[],"class_list":{"0":"post-149139","1":"product","2":"type-product","3":"status-publish","4":"has-post-thumbnail","6":"product_cat-ranku-laikrodis","8":"first","9":"onbackorder","10":"taxable","11":"shipping-taxable","12":"product-type-simple"},"acf":[],"_links":{"self":[{"href":"https:\/\/kingarms.ee\/lt\/wp-json\/wp\/v2\/product\/149139","targetHints":{"allow":["GET"]}}],"collection":[{"href":"https:\/\/kingarms.ee\/lt\/wp-json\/wp\/v2\/product"}],"about":[{"href":"https:\/\/kingarms.ee\/lt\/wp-json\/wp\/v2\/types\/product"}],"wp:featuredmedia":[{"embeddable":true,"href":"https:\/\/kingarms.ee\/lt\/wp-json\/wp\/v2\/media\/126668"}],"wp:attachment":[{"href":"https:\/\/kingarms.ee\/lt\/wp-json\/wp\/v2\/media?parent=149139"}],"wp:term":[{"taxonomy":"product_brand","embeddable":true,"href":"https:\/\/kingarms.ee\/lt\/wp-json\/wp\/v2\/product_brand?post=149139"},{"taxonomy":"product_cat","embeddable":true,"href":"https:\/\/kingarms.ee\/lt\/wp-json\/wp\/v2\/product_cat?post=149139"},{"taxonomy":"product_tag","embeddable":true,"href":"https:\/\/kingarms.ee\/lt\/wp-json\/wp\/v2\/product_tag?post=149139"}],"curies":[{"name":"wp","href":"https:\/\/api.w.org\/{rel}","templated":true}]}}