{"id":149141,"date":"2023-01-13T17:58:44","date_gmt":"2025-05-11T13:55:01","guid":{"rendered":"https:\/\/kingarms.ee\/product\/4-5-zmoniu-pretenziju-rinkinys-m-tac\/"},"modified":"2025-05-11T16:55:01","modified_gmt":"2025-05-11T13:55:01","slug":"4-5-zmoniu-pretenziju-rinkinys-m-tac","status":"publish","type":"product","link":"https:\/\/kingarms.ee\/lt\/product\/4-5-zmoniu-pretenziju-rinkinys-m-tac\/","title":{"rendered":"4\u20135 \u017emoni\u0173 pretenzij\u0173 rinkinys (M-TAC)"},"content":{"rendered":"<p><img loading=\"lazy\" decoding=\"async\" class=\"alignnone size-full wp-image-72888\" src=\"https:\/\/kingarms.ee\/wp-content\/uploads\/2023\/01\/MTC-DM-FM-217-1.jpeg\" alt=\"\" width=\"600\" height=\"600\" srcset=\"https:\/\/kingarms.ee\/wp-content\/uploads\/2023\/01\/MTC-DM-FM-217-1.jpeg 600w, https:\/\/kingarms.ee\/wp-content\/uploads\/2023\/01\/MTC-DM-FM-217-1-300x300.jpeg 300w, https:\/\/kingarms.ee\/wp-content\/uploads\/2023\/01\/MTC-DM-FM-217-1-150x150.jpeg 150w, https:\/\/kingarms.ee\/wp-content\/uploads\/2023\/01\/MTC-DM-FM-217-1-500x500.jpeg 500w\" sizes=\"auto, (max-width: 600px) 100vw, 600px\" \/><\/p>\n","protected":false},"excerpt":{"rendered":"<p><strong>Pretenzij\u0173 rinkinys 4-5 \u017emon\u0117ms<\/strong><\/p>\n<p>M-Tac \u017eygi\u0173 rinkinys gali b\u016bti puikus priedas prie \u012frangos ilgiems \u017eygiams, kelion\u0117ms, i\u0161vykoms \u012f mi\u0161k\u0105, \u017dvejybai ir med\u017eioklei. \u017dygio rinkinys skirtas naudoti su degikliais ir skirtas 4-5 \u017emon\u0117ms.<\/p>\n<p>Jis pagamintas i\u0161 patvaraus ir be deformacij\u0173 anoduoto aliuminio. \u0160i med\u017eiaga yra tokia lengva, kad Virtuv\u0117s reikmenys neapkraus j\u016bs\u0173 \u012frangos, o plonos sienos u\u017etikrins, kad ji pakankamai greitai \u012fkais.<\/p>\n<p>&nbsp;<\/p>\n<p>\u012e komplekt\u0105 \u012feina:<\/p>\n<p>&#8211; vokas su dang\u010diu;<\/p>\n<p>&#8211; puodas su dang\u010diu;<\/p>\n<p>&#8211; gruzdintuv\u0117;<\/p>\n<p>&#8211; virdulys;<\/p>\n<p>&#8211; 2 plok\u0161t\u0117s;<\/p>\n<p>&#8211; 4 dubenys;<\/p>\n<p>&#8211; \u0161auk\u0161tas ir kau\u0161as virimui;<\/p>\n<p>&#8211; skalbimo kempin\u0117.<\/p>\n","protected":false},"featured_media":126664,"template":"","meta":{"_acf_changed":false},"product_brand":[],"product_cat":[1263],"product_tag":[],"class_list":{"0":"post-149141","1":"product","2":"type-product","3":"status-publish","4":"has-post-thumbnail","6":"product_cat-kelioniu-prekes","8":"first","9":"instock","10":"taxable","11":"shipping-taxable","12":"purchasable","13":"product-type-simple"},"acf":[],"_links":{"self":[{"href":"https:\/\/kingarms.ee\/lt\/wp-json\/wp\/v2\/product\/149141","targetHints":{"allow":["GET"]}}],"collection":[{"href":"https:\/\/kingarms.ee\/lt\/wp-json\/wp\/v2\/product"}],"about":[{"href":"https:\/\/kingarms.ee\/lt\/wp-json\/wp\/v2\/types\/product"}],"wp:featuredmedia":[{"embeddable":true,"href":"https:\/\/kingarms.ee\/lt\/wp-json\/wp\/v2\/media\/126664"}],"wp:attachment":[{"href":"https:\/\/kingarms.ee\/lt\/wp-json\/wp\/v2\/media?parent=149141"}],"wp:term":[{"taxonomy":"product_brand","embeddable":true,"href":"https:\/\/kingarms.ee\/lt\/wp-json\/wp\/v2\/product_brand?post=149141"},{"taxonomy":"product_cat","embeddable":true,"href":"https:\/\/kingarms.ee\/lt\/wp-json\/wp\/v2\/product_cat?post=149141"},{"taxonomy":"product_tag","embeddable":true,"href":"https:\/\/kingarms.ee\/lt\/wp-json\/wp\/v2\/product_tag?post=149141"}],"curies":[{"name":"wp","href":"https:\/\/api.w.org\/{rel}","templated":true}]}}