{"id":149143,"date":"2023-01-13T17:42:41","date_gmt":"2025-05-11T13:57:48","guid":{"rendered":"https:\/\/kingarms.ee\/product\/universalus-spaustuko-laikiklis-angelas-sargas\/"},"modified":"2025-05-11T16:57:48","modified_gmt":"2025-05-11T13:57:48","slug":"universalus-spaustuko-laikiklis-angelas-sargas","status":"publish","type":"product","link":"https:\/\/kingarms.ee\/lt\/product\/universalus-spaustuko-laikiklis-angelas-sargas\/","title":{"rendered":"Universalus spaustuko laikiklis (Angelas Sargas)"},"content":{"rendered":"<p><img loading=\"lazy\" decoding=\"async\" class=\"alignnone size-full wp-image-72832\" src=\"https:\/\/kingarms.ee\/wp-content\/uploads\/2023\/01\/15681__0dd5e2_b.jpg\" alt=\"\" width=\"1000\" height=\"1000\" srcset=\"https:\/\/kingarms.ee\/wp-content\/uploads\/2023\/01\/15681__0dd5e2_b.jpg 1000w, https:\/\/kingarms.ee\/wp-content\/uploads\/2023\/01\/15681__0dd5e2_b-300x300.jpg 300w, https:\/\/kingarms.ee\/wp-content\/uploads\/2023\/01\/15681__0dd5e2_b-150x150.jpg 150w, https:\/\/kingarms.ee\/wp-content\/uploads\/2023\/01\/15681__0dd5e2_b-768x768.jpg 768w, https:\/\/kingarms.ee\/wp-content\/uploads\/2023\/01\/15681__0dd5e2_b-500x500.jpg 500w\" sizes=\"auto, (max-width: 1000px) 100vw, 1000px\" \/><\/p>\n","protected":false},"excerpt":{"rendered":"<p>Universalus spaustuko laikiklis, pagamintas i\u0161 plieno ir gumos, kur\u012f galima \u012fsukti \u012f prietais\u0105 arba pritvirtinti magnetiniu u\u017esegimu. Galima pritvirtinti prie beveik bet kokio daikto, \u012fskaitant skryb\u0117les, dir\u017eus, krep\u0161ius, taktines liemenes, Moll dir\u017eus, kuprines ir kt.<\/p>\n<p>Suderinamas su Elite ir mikro \u012frenginiais<\/p>\n","protected":false},"featured_media":132092,"template":"","meta":{"_acf_changed":false},"product_brand":[],"product_cat":[1157],"product_tag":[],"class_list":{"0":"post-149143","1":"product","2":"type-product","3":"status-publish","4":"has-post-thumbnail","6":"product_cat-policija-kariuomene","8":"first","9":"instock","10":"taxable","11":"shipping-taxable","12":"purchasable","13":"product-type-simple"},"acf":[],"_links":{"self":[{"href":"https:\/\/kingarms.ee\/lt\/wp-json\/wp\/v2\/product\/149143","targetHints":{"allow":["GET"]}}],"collection":[{"href":"https:\/\/kingarms.ee\/lt\/wp-json\/wp\/v2\/product"}],"about":[{"href":"https:\/\/kingarms.ee\/lt\/wp-json\/wp\/v2\/types\/product"}],"wp:featuredmedia":[{"embeddable":true,"href":"https:\/\/kingarms.ee\/lt\/wp-json\/wp\/v2\/media\/132092"}],"wp:attachment":[{"href":"https:\/\/kingarms.ee\/lt\/wp-json\/wp\/v2\/media?parent=149143"}],"wp:term":[{"taxonomy":"product_brand","embeddable":true,"href":"https:\/\/kingarms.ee\/lt\/wp-json\/wp\/v2\/product_brand?post=149143"},{"taxonomy":"product_cat","embeddable":true,"href":"https:\/\/kingarms.ee\/lt\/wp-json\/wp\/v2\/product_cat?post=149143"},{"taxonomy":"product_tag","embeddable":true,"href":"https:\/\/kingarms.ee\/lt\/wp-json\/wp\/v2\/product_tag?post=149143"}],"curies":[{"name":"wp","href":"https:\/\/api.w.org\/{rel}","templated":true}]}}