{"id":149152,"date":"2023-01-13T17:05:47","date_gmt":"2025-05-11T14:23:43","guid":{"rendered":"https:\/\/kingarms.ee\/product\/mazas-universalus-spaustuko-laikiklis-angelas-sargas\/"},"modified":"2025-05-11T17:23:43","modified_gmt":"2025-05-11T14:23:43","slug":"mazas-universalus-spaustuko-laikiklis-angelas-sargas","status":"publish","type":"product","link":"https:\/\/kingarms.ee\/lt\/product\/mazas-universalus-spaustuko-laikiklis-angelas-sargas\/","title":{"rendered":"Ma\u017eas universalus spaustuko laikiklis (Angelas Sargas)"},"content":{"rendered":"<p><img loading=\"lazy\" decoding=\"async\" class=\"alignnone size-full wp-image-72741\" src=\"https:\/\/kingarms.ee\/wp-content\/uploads\/2023\/01\/15876__7676e5_b.jpg\" alt=\"\" width=\"1000\" height=\"1000\" srcset=\"https:\/\/kingarms.ee\/wp-content\/uploads\/2023\/01\/15876__7676e5_b.jpg 1000w, https:\/\/kingarms.ee\/wp-content\/uploads\/2023\/01\/15876__7676e5_b-300x300.jpg 300w, https:\/\/kingarms.ee\/wp-content\/uploads\/2023\/01\/15876__7676e5_b-150x150.jpg 150w, https:\/\/kingarms.ee\/wp-content\/uploads\/2023\/01\/15876__7676e5_b-768x768.jpg 768w, https:\/\/kingarms.ee\/wp-content\/uploads\/2023\/01\/15876__7676e5_b-500x500.jpg 500w\" sizes=\"auto, (max-width: 1000px) 100vw, 1000px\" \/><\/p>\n","protected":false},"excerpt":{"rendered":"<div class=\"pageImg clearfix none full\">\n<p><strong>Ma\u017eas universalus spaustuko laikiklis<\/strong><\/p>\n<ul>\n<li>Visi\u0161kai integruotas, \u012fmontuotas neodimio ret\u0173j\u0173 \u017eemi\u0173 magnetas<\/li>\n<li>Magneti\u0161kai prisitvirtina prie bet kurio Angelo Sargo prietaiso<\/li>\n<li>Galima tvirtai pritvirtinti prie bet kurio \u012frenginio dviem M3 12 mm var\u017etais (nepridedama)<\/li>\n<li>Stipr\u016bs spaustuko \u012ftempimo saug\u016bs spaustukai tvirtinami ant bet koki\u0173 drabu\u017ei\u0173<\/li>\n<li>Gumin\u0117 rankena ant spaustuko, kad neslyst\u0173<\/li>\n<li>\u012e vir\u0161\u0173 rekomenduojama mount Molle juostos<\/li>\n<li>Tinka ant platesni\u0173 nei 1,75&#8243;dir\u017e\u0173<\/li>\n<\/ul>\n<\/div>\n<ul>\n<li>Suderinamas su Elite ir mikro \u012frenginiais<\/li>\n<\/ul>\n","protected":false},"featured_media":126604,"template":"","meta":{"_acf_changed":false},"product_brand":[],"product_cat":[1157],"product_tag":[],"class_list":{"0":"post-149152","1":"product","2":"type-product","3":"status-publish","4":"has-post-thumbnail","6":"product_cat-policija-kariuomene","8":"first","9":"instock","10":"taxable","11":"shipping-taxable","12":"purchasable","13":"product-type-simple"},"acf":[],"_links":{"self":[{"href":"https:\/\/kingarms.ee\/lt\/wp-json\/wp\/v2\/product\/149152","targetHints":{"allow":["GET"]}}],"collection":[{"href":"https:\/\/kingarms.ee\/lt\/wp-json\/wp\/v2\/product"}],"about":[{"href":"https:\/\/kingarms.ee\/lt\/wp-json\/wp\/v2\/types\/product"}],"wp:featuredmedia":[{"embeddable":true,"href":"https:\/\/kingarms.ee\/lt\/wp-json\/wp\/v2\/media\/126604"}],"wp:attachment":[{"href":"https:\/\/kingarms.ee\/lt\/wp-json\/wp\/v2\/media?parent=149152"}],"wp:term":[{"taxonomy":"product_brand","embeddable":true,"href":"https:\/\/kingarms.ee\/lt\/wp-json\/wp\/v2\/product_brand?post=149152"},{"taxonomy":"product_cat","embeddable":true,"href":"https:\/\/kingarms.ee\/lt\/wp-json\/wp\/v2\/product_cat?post=149152"},{"taxonomy":"product_tag","embeddable":true,"href":"https:\/\/kingarms.ee\/lt\/wp-json\/wp\/v2\/product_tag?post=149152"}],"curies":[{"name":"wp","href":"https:\/\/api.w.org\/{rel}","templated":true}]}}