{"id":149156,"date":"2023-01-13T16:35:25","date_gmt":"2025-05-11T15:10:33","guid":{"rendered":"https:\/\/kingarms.ee\/product\/zandikaulio-klipas-mount-angelas-sargas\/"},"modified":"2025-05-11T18:10:33","modified_gmt":"2025-05-11T15:10:33","slug":"zandikaulio-klipas-mount-angelas-sargas","status":"publish","type":"product","link":"https:\/\/kingarms.ee\/lt\/product\/zandikaulio-klipas-mount-angelas-sargas\/","title":{"rendered":"\u017dandikaulio klipas -Mount (angelas sargas)"},"content":{"rendered":"<p><img loading=\"lazy\" decoding=\"async\" class=\"alignnone size-full wp-image-72695\" src=\"https:\/\/kingarms.ee\/wp-content\/uploads\/2023\/01\/15674__5bcd19_b.jpg\" alt=\"\" width=\"879\" height=\"1000\" srcset=\"https:\/\/kingarms.ee\/wp-content\/uploads\/2023\/01\/15674__5bcd19_b.jpg 879w, https:\/\/kingarms.ee\/wp-content\/uploads\/2023\/01\/15674__5bcd19_b-264x300.jpg 264w, https:\/\/kingarms.ee\/wp-content\/uploads\/2023\/01\/15674__5bcd19_b-768x874.jpg 768w, https:\/\/kingarms.ee\/wp-content\/uploads\/2023\/01\/15674__5bcd19_b-500x569.jpg 500w, https:\/\/kingarms.ee\/wp-content\/uploads\/2023\/01\/15674__5bcd19_b-150x171.jpg 150w\" sizes=\"auto, (max-width: 879px) 100vw, 879px\" \/><\/p>\n","protected":false},"excerpt":{"rendered":"<p><strong>Piestiprina pie krekla, jakas, atloka, plecu siksnas, \u0101r\u0113j\u0101s valk\u0101jam\u0101s vestes, molle siksnas, radio siksnas, dro\u0161\u012bbas vestes, jostas vai gandr\u012bz jebko citu.<\/strong><\/p>\n<p>Pagaminta i\u0161 stiprios polikarbonato pluo\u0161to austos med\u017eiagos<br \/>\nNeslystantys dantys tvirtai suima visk\u0105, prie ko pritvirtintas \u0161is priedas<br \/>\n\u012emontuotas spyruoklinis mechanizmas palengvina atidarym\u0105 ir u\u017etikrina saug\u0173 prispaudim\u0105<br \/>\nPrisitvirtina prie mar\u0161kini\u0173, \u0161varko, atlapo, pe\u010di\u0173 dir\u017eelio, i\u0161orin\u0117s ne\u0161iojamos liemen\u0117s, molle dir\u017eelio, radijo dir\u017eelio, apsaugin\u0117s liemen\u0117s, dir\u017eo ar beveik bet ko kito.<br \/>\nGalima tvirtai pritvirtinti prie prietaiso dviem ma\u017eais var\u017etais (var\u017etai pridedami prie laikiklio)<\/p>\n","protected":false},"featured_media":132056,"template":"","meta":{"_acf_changed":false},"product_brand":[],"product_cat":[1157],"product_tag":[],"class_list":{"0":"post-149156","1":"product","2":"type-product","3":"status-publish","4":"has-post-thumbnail","6":"product_cat-policija-kariuomene","8":"first","9":"instock","10":"taxable","11":"shipping-taxable","12":"purchasable","13":"product-type-simple"},"acf":[],"_links":{"self":[{"href":"https:\/\/kingarms.ee\/lt\/wp-json\/wp\/v2\/product\/149156","targetHints":{"allow":["GET"]}}],"collection":[{"href":"https:\/\/kingarms.ee\/lt\/wp-json\/wp\/v2\/product"}],"about":[{"href":"https:\/\/kingarms.ee\/lt\/wp-json\/wp\/v2\/types\/product"}],"wp:featuredmedia":[{"embeddable":true,"href":"https:\/\/kingarms.ee\/lt\/wp-json\/wp\/v2\/media\/132056"}],"wp:attachment":[{"href":"https:\/\/kingarms.ee\/lt\/wp-json\/wp\/v2\/media?parent=149156"}],"wp:term":[{"taxonomy":"product_brand","embeddable":true,"href":"https:\/\/kingarms.ee\/lt\/wp-json\/wp\/v2\/product_brand?post=149156"},{"taxonomy":"product_cat","embeddable":true,"href":"https:\/\/kingarms.ee\/lt\/wp-json\/wp\/v2\/product_cat?post=149156"},{"taxonomy":"product_tag","embeddable":true,"href":"https:\/\/kingarms.ee\/lt\/wp-json\/wp\/v2\/product_tag?post=149156"}],"curies":[{"name":"wp","href":"https:\/\/api.w.org\/{rel}","templated":true}]}}