{"id":149165,"date":"2023-01-10T18:30:48","date_gmt":"2025-05-11T15:25:31","guid":{"rendered":"https:\/\/kingarms.ee\/product\/m20-elektronines-ausines-earmor\/"},"modified":"2025-05-11T18:25:31","modified_gmt":"2025-05-11T15:25:31","slug":"m20-elektronines-ausines-earmor","status":"publish","type":"product","link":"https:\/\/kingarms.ee\/lt\/product\/m20-elektronines-ausines-earmor\/","title":{"rendered":"M20 elektronin\u0117s ausin\u0117s (\u201eEarmor\u201c)"},"content":{"rendered":"<p><img loading=\"lazy\" decoding=\"async\" class=\"alignnone size-full wp-image-71840\" src=\"https:\/\/kingarms.ee\/wp-content\/uploads\/2023\/01\/eng_pm_ELECTRONIC-EARPLUGS-FOR-HEARING-PROTECTION-M20-EARMOR-R-FOLIAGE-GREEN-49211_2.jpg\" alt=\"\" width=\"650\" height=\"514\" srcset=\"https:\/\/kingarms.ee\/wp-content\/uploads\/2023\/01\/eng_pm_ELECTRONIC-EARPLUGS-FOR-HEARING-PROTECTION-M20-EARMOR-R-FOLIAGE-GREEN-49211_2.jpg 650w, https:\/\/kingarms.ee\/wp-content\/uploads\/2023\/01\/eng_pm_ELECTRONIC-EARPLUGS-FOR-HEARING-PROTECTION-M20-EARMOR-R-FOLIAGE-GREEN-49211_2-300x237.jpg 300w, https:\/\/kingarms.ee\/wp-content\/uploads\/2023\/01\/eng_pm_ELECTRONIC-EARPLUGS-FOR-HEARING-PROTECTION-M20-EARMOR-R-FOLIAGE-GREEN-49211_2-500x395.jpg 500w, https:\/\/kingarms.ee\/wp-content\/uploads\/2023\/01\/eng_pm_ELECTRONIC-EARPLUGS-FOR-HEARING-PROTECTION-M20-EARMOR-R-FOLIAGE-GREEN-49211_2-150x119.jpg 150w\" sizes=\"auto, (max-width: 650px) 100vw, 650px\" \/><\/p>\n","protected":false},"excerpt":{"rendered":"<p>\u201eEarmor\u201c elektronin\u0117s ausin\u0117s M20 yra aktyvi triuk\u0161mo suma\u017einta minimalistin\u0117 ausin\u0117, skirta dirbti didelio triuk\u0161mo vietose. \u201eIPX4\u201c klasifikacijos ir \u0161ulinio ir gerosios ir \u0161ulinio dizaino d\u0117ka M20 na\u0161umas kain\u0173 diapazone yra pavyzdingas. Ausin\u0117s ir doko stotis yra pagamintos i\u0161 auk\u0161tos kokyb\u0117s polimer\u0173, kai kurie ma\u017ei elementai yra pagaminti i\u0161 metalo. \u012e klausos apsaugas integruotos trys ausin\u0117s, kurios u\u017etikrina geresn\u012f garso slopinim\u0105 ir patogum\u0105 ilgalaikio naudojimo metu. \u201eM20\u201c si\u016blo daugyb\u0119 dizain\u0173: &#8211; Ypa\u010d minimalistinis ir lengvas dizainas &#8211; neper\u0161lampamas ir patvarus ausini\u0173 dizainas &#8211; ai\u0161ki balso steb\u0117jimo technologija, skirta geresniam balso atpa\u017einimui &#8211; iki 8 darbo valand\u0173 &#8211; akumuliatoriaus taupymo re\u017eimas    <\/p>\n","protected":false},"featured_media":126492,"template":"","meta":{"_acf_changed":false},"product_brand":[],"product_cat":[1160],"product_tag":[],"class_list":{"0":"post-149165","1":"product","2":"type-product","3":"status-publish","4":"has-post-thumbnail","6":"product_cat-aktyvios-ausines","8":"first","9":"instock","10":"sale","11":"taxable","12":"shipping-taxable","13":"purchasable","14":"product-type-simple"},"acf":[],"_links":{"self":[{"href":"https:\/\/kingarms.ee\/lt\/wp-json\/wp\/v2\/product\/149165","targetHints":{"allow":["GET"]}}],"collection":[{"href":"https:\/\/kingarms.ee\/lt\/wp-json\/wp\/v2\/product"}],"about":[{"href":"https:\/\/kingarms.ee\/lt\/wp-json\/wp\/v2\/types\/product"}],"wp:featuredmedia":[{"embeddable":true,"href":"https:\/\/kingarms.ee\/lt\/wp-json\/wp\/v2\/media\/126492"}],"wp:attachment":[{"href":"https:\/\/kingarms.ee\/lt\/wp-json\/wp\/v2\/media?parent=149165"}],"wp:term":[{"taxonomy":"product_brand","embeddable":true,"href":"https:\/\/kingarms.ee\/lt\/wp-json\/wp\/v2\/product_brand?post=149165"},{"taxonomy":"product_cat","embeddable":true,"href":"https:\/\/kingarms.ee\/lt\/wp-json\/wp\/v2\/product_cat?post=149165"},{"taxonomy":"product_tag","embeddable":true,"href":"https:\/\/kingarms.ee\/lt\/wp-json\/wp\/v2\/product_tag?post=149165"}],"curies":[{"name":"wp","href":"https:\/\/api.w.org\/{rel}","templated":true}]}}