{"id":149167,"date":"2023-01-10T13:24:45","date_gmt":"2025-05-11T15:26:43","guid":{"rendered":"https:\/\/kingarms.ee\/product\/ht30r-lep-zibintuvelis-fenix\/"},"modified":"2025-05-11T18:26:43","modified_gmt":"2025-05-11T15:26:43","slug":"ht30r-lep-zibintuvelis-fenix","status":"publish","type":"product","link":"https:\/\/kingarms.ee\/lt\/product\/ht30r-lep-zibintuvelis-fenix\/","title":{"rendered":"\u201eHT30R LEP\u201c \u017eibintuv\u0117lis (\u201eFenix\u201c)"},"content":{"rendered":"<p><img loading=\"lazy\" decoding=\"async\" class=\"alignnone size-full wp-image-71611\" src=\"https:\/\/kingarms.ee\/wp-content\/uploads\/2023\/01\/1.png\" alt=\"\" width=\"380\" height=\"380\" srcset=\"https:\/\/kingarms.ee\/wp-content\/uploads\/2023\/01\/1.png 380w, https:\/\/kingarms.ee\/wp-content\/uploads\/2023\/01\/1-300x300.png 300w, https:\/\/kingarms.ee\/wp-content\/uploads\/2023\/01\/1-150x150.png 150w\" sizes=\"auto, (max-width: 380px) 100vw, 380px\" \/><\/p>\n","protected":false},"excerpt":{"rendered":"<p>\u201eFenix HT30R\u201c yra unikalus \u0161viestuv\u0105, kuris slepia naujos kartos \u0161viesos \u0161altin\u012f &#8211; LEP element\u0105 (\u0161viesos su\u017eadinimo fosfor\u0105). Kitaip tariant, tai yra tikras m\u0117lynasis lazeris, turintis fluorescencin\u0119 kristalin\u0119 med\u017eiag\u0105, kuri turi b\u016bti balta, ir yra saugi trigubiems l\u0119\u0161iams, kad priva\u010diame sektoriuje b\u016bt\u0173 galima naudoti lemp\u0105 be speciali\u0173 apribojim\u0173. \u201eFenix HT30R\u201c \u0161viesos pie\u0161inyje yra ypa\u010d siauras ir koncentruotas bei prakti\u0161kai be difuzin\u0117s periferijos. Viso LEP elemento 500 m \u0161viesos galia yra sukoncentruota viename ta\u0161ke, suteikiant kompakti\u0161kos lempos maksimaliam \u0161vie\u010dian\u010diam srautui &#8211; 1500 metr\u0173 (1,5 km). Tai yra ypatingas taktinis ap\u0161vietimas situacijose, kai reikia efektyviai nu\u0161viesti labai tolimus objektus, neu\u017edeginant sav\u0119s ir kiek nematomas kitiems. Dydis ir mechaninis dizainas leid\u017eia \u201eFenix HT30R\u201c s\u0117kmingai naudoti kaip ginklo lemp\u0105 ir taktin\u0119 \u0161vies\u0105. \u201eHT30R\u201c bendrasis dizainas ir strukt\u016bra yra pana\u0161\u016bs \u012f labiausiai paplitusius taktinius lempas. Lempos gale yra taktinis maitinimo jungiklis su atskiru re\u017eimo jungikliu. Lempoje yra trys veikimo re\u017eimai: max.500lm@1500m, 100Lm@600m ir \u201epasl\u0117pta\u201c prieiga prie \u201eStrobo\u201c \u0161viesos intensyvumo 500Lm. Maitinimo \u0161altinis yra standartin\u0117 \u201eFenix\u201c naujos kartos didel\u0117s talpos tipo 21700 Li-jon\u0173 akumuliatorius. Akumuliatorius yra tiesiogiai pakrautas, nenuimant jo i\u0161 lempos. Apatin\u0117je labi galvut\u0117s dalyje yra apsauginis aliuminio \u017eiedas, kuris atidaro tiesiogiai \u012fkrovimo lempos prievad\u0105 \u012f lemp\u0105. Be to, lemput\u0117 turi integruot\u0105 lub\u0173 lygio indikatori\u0173, \u012fsp\u0117jant apie ma\u017e\u0105 mokes\u010dio lyg\u012f ir atminties funkcij\u0105. HT30R korpusas pagamintas i\u0161 anoduoto aliuminio. \u017diemies matuoklio matmenys yra 179 mm (ilgis) x 40 mm (galvos skersmuo) x 26 mm (korpuso skersmuo) ir yra pritaikyti prie \u201eFenix\u201c priedo i\u0161 atstumo jungiklio (\u201eFenix AER-05\u201c) ir baigiasi \u0161viesiais k\u016bgiais. \u201eFenix HT30R\u201c yra visi\u0161kai atsparus vandeniui (i\u0161bandytas 2H30 min. 21700 Li -on baterija, USB -C \u012fkrovimo kabelis, lengvas liemen\u0117, apyrank\u0117, atsarginis \u017eiedo sandariklis ir vartotojo vadovas.<\/p>\n","protected":false},"featured_media":126476,"template":"","meta":{"_acf_changed":false},"product_brand":[],"product_cat":[1173],"product_tag":[],"class_list":{"0":"post-149167","1":"product","2":"type-product","3":"status-publish","4":"has-post-thumbnail","6":"product_cat-zibintuvelis","8":"first","9":"instock","10":"taxable","11":"shipping-taxable","12":"purchasable","13":"product-type-simple"},"acf":[],"_links":{"self":[{"href":"https:\/\/kingarms.ee\/lt\/wp-json\/wp\/v2\/product\/149167","targetHints":{"allow":["GET"]}}],"collection":[{"href":"https:\/\/kingarms.ee\/lt\/wp-json\/wp\/v2\/product"}],"about":[{"href":"https:\/\/kingarms.ee\/lt\/wp-json\/wp\/v2\/types\/product"}],"wp:featuredmedia":[{"embeddable":true,"href":"https:\/\/kingarms.ee\/lt\/wp-json\/wp\/v2\/media\/126476"}],"wp:attachment":[{"href":"https:\/\/kingarms.ee\/lt\/wp-json\/wp\/v2\/media?parent=149167"}],"wp:term":[{"taxonomy":"product_brand","embeddable":true,"href":"https:\/\/kingarms.ee\/lt\/wp-json\/wp\/v2\/product_brand?post=149167"},{"taxonomy":"product_cat","embeddable":true,"href":"https:\/\/kingarms.ee\/lt\/wp-json\/wp\/v2\/product_cat?post=149167"},{"taxonomy":"product_tag","embeddable":true,"href":"https:\/\/kingarms.ee\/lt\/wp-json\/wp\/v2\/product_tag?post=149167"}],"curies":[{"name":"wp","href":"https:\/\/api.w.org\/{rel}","templated":true}]}}