{"id":149168,"date":"2023-01-09T19:20:21","date_gmt":"2025-05-11T15:29:34","guid":{"rendered":"https:\/\/kingarms.ee\/product\/holografinis-raudonu-tasku-taikinys-aim-o\/"},"modified":"2025-05-11T18:29:34","modified_gmt":"2025-05-11T15:29:34","slug":"holografinis-raudonu-tasku-taikinys-aim-o","status":"publish","type":"product","link":"https:\/\/kingarms.ee\/lt\/product\/holografinis-raudonu-tasku-taikinys-aim-o\/","title":{"rendered":"Holografinis raudon\u0173 ta\u0161k\u0173 taikinys (Aim-o)"},"content":{"rendered":"<p><img loading=\"lazy\" decoding=\"async\" class=\"alignnone size-full wp-image-71526\" src=\"https:\/\/kingarms.ee\/wp-content\/uploads\/2023\/01\/aim-o-red-dot-olografico-sgancio-rapido-comandi-posteriori-nero-ao5019-b.jpg\" alt=\"\" width=\"1000\" height=\"1000\" srcset=\"https:\/\/kingarms.ee\/wp-content\/uploads\/2023\/01\/aim-o-red-dot-olografico-sgancio-rapido-comandi-posteriori-nero-ao5019-b.jpg 1000w, https:\/\/kingarms.ee\/wp-content\/uploads\/2023\/01\/aim-o-red-dot-olografico-sgancio-rapido-comandi-posteriori-nero-ao5019-b-300x300.jpg 300w, https:\/\/kingarms.ee\/wp-content\/uploads\/2023\/01\/aim-o-red-dot-olografico-sgancio-rapido-comandi-posteriori-nero-ao5019-b-150x150.jpg 150w, https:\/\/kingarms.ee\/wp-content\/uploads\/2023\/01\/aim-o-red-dot-olografico-sgancio-rapido-comandi-posteriori-nero-ao5019-b-768x768.jpg 768w, https:\/\/kingarms.ee\/wp-content\/uploads\/2023\/01\/aim-o-red-dot-olografico-sgancio-rapido-comandi-posteriori-nero-ao5019-b-500x500.jpg 500w\" sizes=\"auto, (max-width: 1000px) 100vw, 1000px\" \/><\/p>\n","protected":false},"excerpt":{"rendered":"<p><strong>Holografinis raudonojo ta\u0161ko taikinys<\/strong><\/p>\n<p>Holografinis Raudonas Ta\u0161kas<br \/>\nRaudonas arba \u017ealias ta\u0161kas 1 MOA su reguliuojamu intensyvumu<br \/>\nAtgal riboti patikrinimai<br \/>\nPilnas metalas<br \/>\nK\u0117limo ir dreifo reguliavimas<br \/>\n20 mm standartinis slydimo laikiklis su greitu tvirtinimu<br \/>\nReikalingos 2 AAA baterijos (nepridedamos)<br \/>\nMatmenys 130mm ir 58mm ir 70mm<br \/>\nSvoris 290g<br \/>\nSpalva Juoda<\/p>\n","protected":false},"featured_media":126452,"template":"","meta":{"_acf_changed":false},"product_brand":[],"product_cat":[1205],"product_tag":[],"class_list":{"0":"post-149168","1":"product","2":"type-product","3":"status-publish","4":"has-post-thumbnail","6":"product_cat-vaizdai-lt","8":"first","9":"instock","10":"taxable","11":"shipping-taxable","12":"purchasable","13":"product-type-simple"},"acf":[],"_links":{"self":[{"href":"https:\/\/kingarms.ee\/lt\/wp-json\/wp\/v2\/product\/149168","targetHints":{"allow":["GET"]}}],"collection":[{"href":"https:\/\/kingarms.ee\/lt\/wp-json\/wp\/v2\/product"}],"about":[{"href":"https:\/\/kingarms.ee\/lt\/wp-json\/wp\/v2\/types\/product"}],"wp:featuredmedia":[{"embeddable":true,"href":"https:\/\/kingarms.ee\/lt\/wp-json\/wp\/v2\/media\/126452"}],"wp:attachment":[{"href":"https:\/\/kingarms.ee\/lt\/wp-json\/wp\/v2\/media?parent=149168"}],"wp:term":[{"taxonomy":"product_brand","embeddable":true,"href":"https:\/\/kingarms.ee\/lt\/wp-json\/wp\/v2\/product_brand?post=149168"},{"taxonomy":"product_cat","embeddable":true,"href":"https:\/\/kingarms.ee\/lt\/wp-json\/wp\/v2\/product_cat?post=149168"},{"taxonomy":"product_tag","embeddable":true,"href":"https:\/\/kingarms.ee\/lt\/wp-json\/wp\/v2\/product_tag?post=149168"}],"curies":[{"name":"wp","href":"https:\/\/api.w.org\/{rel}","templated":true}]}}