{"id":149178,"date":"2023-01-09T15:14:06","date_gmt":"2025-05-11T15:46:28","guid":{"rendered":"https:\/\/kingarms.ee\/product\/spyruoklinis-graztas-pm49-borner\/"},"modified":"2025-05-11T18:46:28","modified_gmt":"2025-05-11T15:46:28","slug":"spyruoklinis-graztas-pm49-borner","status":"publish","type":"product","link":"https:\/\/kingarms.ee\/lt\/product\/spyruoklinis-graztas-pm49-borner\/","title":{"rendered":"Spyruoklinis gr\u0105\u017etas pm49 (Borner)"},"content":{"rendered":"<p><img loading=\"lazy\" decoding=\"async\" class=\"alignnone size-full wp-image-71318\" src=\"https:\/\/kingarms.ee\/wp-content\/uploads\/2023\/01\/162476.webp\" alt=\"\" width=\"1024\" height=\"768\" srcset=\"https:\/\/kingarms.ee\/wp-content\/uploads\/2023\/01\/162476.webp 1024w, https:\/\/kingarms.ee\/wp-content\/uploads\/2023\/01\/162476-300x225.webp 300w, https:\/\/kingarms.ee\/wp-content\/uploads\/2023\/01\/162476-768x576.webp 768w, https:\/\/kingarms.ee\/wp-content\/uploads\/2023\/01\/162476-600x450.webp 600w, https:\/\/kingarms.ee\/wp-content\/uploads\/2023\/01\/162476-500x375.webp 500w, https:\/\/kingarms.ee\/wp-content\/uploads\/2023\/01\/162476-150x113.webp 150w\" sizes=\"auto, (max-width: 1024px) 100vw, 1024px\" \/><\/p>\n","protected":false},"excerpt":{"rendered":"<p><strong>Spyruoklinis gr\u0105\u017etas pm49<\/strong><\/p>\n<p>Pakaitin\u0117 pistoleto mechanizmo dalis, skirta Borner PM49 trigerio spyruokl\u0117s pavidalu. \u0160i dalis pagaminta remiantis Originalu ir visi\u0161kai atitinka visus reikiamus parametrus ir rodiklius. \u0160is metodas leid\u017eia greitai ir kokybi\u0161kai pakeisti!<\/p>\n<p>Funkcija:<\/p>\n<p>&#8211; kokybi\u0161kas;<br \/>\n&#8211; prieinama kaina;<br \/>\n&#8211; patvarumas;<br \/>\n&#8211; prakti\u0161kumas ir prisitaikymas.<\/p>\n","protected":false},"featured_media":126392,"template":"","meta":{"_acf_changed":false},"product_brand":[],"product_cat":[1273],"product_tag":[],"class_list":{"0":"post-149178","1":"product","2":"type-product","3":"status-publish","4":"has-post-thumbnail","6":"product_cat-atsargines-dalys","8":"first","9":"instock","10":"taxable","11":"shipping-taxable","12":"purchasable","13":"product-type-simple"},"acf":[],"_links":{"self":[{"href":"https:\/\/kingarms.ee\/lt\/wp-json\/wp\/v2\/product\/149178","targetHints":{"allow":["GET"]}}],"collection":[{"href":"https:\/\/kingarms.ee\/lt\/wp-json\/wp\/v2\/product"}],"about":[{"href":"https:\/\/kingarms.ee\/lt\/wp-json\/wp\/v2\/types\/product"}],"wp:featuredmedia":[{"embeddable":true,"href":"https:\/\/kingarms.ee\/lt\/wp-json\/wp\/v2\/media\/126392"}],"wp:attachment":[{"href":"https:\/\/kingarms.ee\/lt\/wp-json\/wp\/v2\/media?parent=149178"}],"wp:term":[{"taxonomy":"product_brand","embeddable":true,"href":"https:\/\/kingarms.ee\/lt\/wp-json\/wp\/v2\/product_brand?post=149178"},{"taxonomy":"product_cat","embeddable":true,"href":"https:\/\/kingarms.ee\/lt\/wp-json\/wp\/v2\/product_cat?post=149178"},{"taxonomy":"product_tag","embeddable":true,"href":"https:\/\/kingarms.ee\/lt\/wp-json\/wp\/v2\/product_tag?post=149178"}],"curies":[{"name":"wp","href":"https:\/\/api.w.org\/{rel}","templated":true}]}}