{"id":149180,"date":"2023-01-09T15:04:46","date_gmt":"2025-05-11T15:50:20","guid":{"rendered":"https:\/\/kingarms.ee\/product\/mk-175s\/"},"modified":"2025-05-11T18:50:20","modified_gmt":"2025-05-11T15:50:20","slug":"mk-175s","status":"publish","type":"product","link":"https:\/\/kingarms.ee\/lt\/product\/mk-175s\/","title":{"rendered":"MK-175s"},"content":{"rendered":"<p><img loading=\"lazy\" decoding=\"async\" class=\"alignnone size-full wp-image-71308\" src=\"https:\/\/kingarms.ee\/wp-content\/uploads\/2023\/01\/832fc91c-6cb7-11ed-b775-00155d8ed203_696bd33e-6cc3-11ed-b775-00155d8ed203-2.jpg\" alt=\"\" width=\"2000\" height=\"2000\" srcset=\"https:\/\/kingarms.ee\/wp-content\/uploads\/2023\/01\/832fc91c-6cb7-11ed-b775-00155d8ed203_696bd33e-6cc3-11ed-b775-00155d8ed203-2.jpg 2000w, https:\/\/kingarms.ee\/wp-content\/uploads\/2023\/01\/832fc91c-6cb7-11ed-b775-00155d8ed203_696bd33e-6cc3-11ed-b775-00155d8ed203-2-300x300.jpg 300w, https:\/\/kingarms.ee\/wp-content\/uploads\/2023\/01\/832fc91c-6cb7-11ed-b775-00155d8ed203_696bd33e-6cc3-11ed-b775-00155d8ed203-2-1024x1024.jpg 1024w, https:\/\/kingarms.ee\/wp-content\/uploads\/2023\/01\/832fc91c-6cb7-11ed-b775-00155d8ed203_696bd33e-6cc3-11ed-b775-00155d8ed203-2-150x150.jpg 150w, https:\/\/kingarms.ee\/wp-content\/uploads\/2023\/01\/832fc91c-6cb7-11ed-b775-00155d8ed203_696bd33e-6cc3-11ed-b775-00155d8ed203-2-768x768.jpg 768w, https:\/\/kingarms.ee\/wp-content\/uploads\/2023\/01\/832fc91c-6cb7-11ed-b775-00155d8ed203_696bd33e-6cc3-11ed-b775-00155d8ed203-2-1536x1536.jpg 1536w, https:\/\/kingarms.ee\/wp-content\/uploads\/2023\/01\/832fc91c-6cb7-11ed-b775-00155d8ed203_696bd33e-6cc3-11ed-b775-00155d8ed203-2-500x500.jpg 500w\" sizes=\"auto, (max-width: 2000px) 100vw, 2000px\" \/><\/p>\n","protected":false},"excerpt":{"rendered":"<p><strong>MK-175s<\/strong><\/p>\n<p>Arbaletas man Kung MK-175s yra su dviem gal\u016bni\u0173 galais ir tinka \u0161iems arbaletams:<br \/>\nVyras kung MK-175<br \/>\nMan kung MK-175GC<\/p>\n<p>Med\u017eiaga: Poliesteris<\/p>\n","protected":false},"featured_media":126390,"template":"","meta":{"_acf_changed":false},"product_brand":[],"product_cat":[1155],"product_tag":[],"class_list":{"0":"post-149180","1":"product","2":"type-product","3":"status-publish","4":"has-post-thumbnail","6":"product_cat-priedai","8":"first","9":"instock","10":"taxable","11":"shipping-taxable","12":"purchasable","13":"product-type-simple"},"acf":[],"_links":{"self":[{"href":"https:\/\/kingarms.ee\/lt\/wp-json\/wp\/v2\/product\/149180","targetHints":{"allow":["GET"]}}],"collection":[{"href":"https:\/\/kingarms.ee\/lt\/wp-json\/wp\/v2\/product"}],"about":[{"href":"https:\/\/kingarms.ee\/lt\/wp-json\/wp\/v2\/types\/product"}],"wp:featuredmedia":[{"embeddable":true,"href":"https:\/\/kingarms.ee\/lt\/wp-json\/wp\/v2\/media\/126390"}],"wp:attachment":[{"href":"https:\/\/kingarms.ee\/lt\/wp-json\/wp\/v2\/media?parent=149180"}],"wp:term":[{"taxonomy":"product_brand","embeddable":true,"href":"https:\/\/kingarms.ee\/lt\/wp-json\/wp\/v2\/product_brand?post=149180"},{"taxonomy":"product_cat","embeddable":true,"href":"https:\/\/kingarms.ee\/lt\/wp-json\/wp\/v2\/product_cat?post=149180"},{"taxonomy":"product_tag","embeddable":true,"href":"https:\/\/kingarms.ee\/lt\/wp-json\/wp\/v2\/product_tag?post=149180"}],"curies":[{"name":"wp","href":"https:\/\/api.w.org\/{rel}","templated":true}]}}