{"id":149182,"date":"2023-01-09T13:22:37","date_gmt":"2025-05-12T08:02:23","guid":{"rendered":"https:\/\/kingarms.ee\/product\/tikline-dalis-borner\/"},"modified":"2025-05-12T11:02:23","modified_gmt":"2025-05-12T08:02:23","slug":"tikline-dalis-borner","status":"publish","type":"product","link":"https:\/\/kingarms.ee\/lt\/product\/tikline-dalis-borner\/","title":{"rendered":"Tiklin\u0117 Dalis (\u201eBorner\u201c)"},"content":{"rendered":"<p><img loading=\"lazy\" decoding=\"async\" class=\"alignnone size-full wp-image-71265\" src=\"https:\/\/kingarms.ee\/wp-content\/uploads\/2023\/01\/products-img_9842_150x150-750x500-1.jpg\" alt=\"\" width=\"750\" height=\"500\" srcset=\"https:\/\/kingarms.ee\/wp-content\/uploads\/2023\/01\/products-img_9842_150x150-750x500-1.jpg 750w, https:\/\/kingarms.ee\/wp-content\/uploads\/2023\/01\/products-img_9842_150x150-750x500-1-300x200.jpg 300w, https:\/\/kingarms.ee\/wp-content\/uploads\/2023\/01\/products-img_9842_150x150-750x500-1-500x333.jpg 500w, https:\/\/kingarms.ee\/wp-content\/uploads\/2023\/01\/products-img_9842_150x150-750x500-1-150x100.jpg 150w\" sizes=\"auto, (max-width: 750px) 100vw, 750px\" \/><\/p>\n","protected":false},"excerpt":{"rendered":"<p>Modelis: Granuli\u0173 Gaudykl\u0117<br \/>\nGamintojas: Borner<br \/>\n\u0160audmen\u0173 tipas: granul\u0117s<br \/>\nSvoris: 4630 g<br \/>\nMatmenys: 51 cm (L) ir 24 cm K) 22 cm (P)<br \/>\nIlgaam\u017e\u0117 patvari plieno konstrukcija<br \/>\n\u0160audykite, kad i\u0161 naujo nustatytum\u0117te nuolatini\u0173 pramog\u0173 tikslus<br \/>\nKeturi taikiniai, kuri\u0173 matmenys yra 8,25 cm ir 5,08 cm, ir 1 i\u0161 naujo nustatytas taikinys, kurio skersmuo yra 3,81 cm<br \/>\nMontuojamas ant sienos arba laisvai pastatomas<br \/>\nNe\u0161iojamas, nereikia surinkimo<br \/>\nPuikiai tinka naudoti viduje ir lauke<br \/>\nMinimalus atstumas: 10 m<\/p>\n<p>Artikli nr: TM (SNP-6)<\/p>\n<p>See pardi sihtm\u00e4rkkarp on loodud mahutama 4 pardi sihtm\u00e4rgiketast ja 1 \u00fcmmargune. L\u00f6\u00f6ge kaks v\u00e4limist parti lihtsalt maha ja seej\u00e4rel vajutage keskmist ketast, et v\u00e4lised kettad algasendisse viia. \u0160is taikinys skirtas naudoti tik su 0,177 (4,5 mm) oro \u0161autuvo granul\u0117mis.<\/p>\n","protected":false},"featured_media":126380,"template":"","meta":{"_acf_changed":false},"product_brand":[],"product_cat":[1201],"product_tag":[],"class_list":{"0":"post-149182","1":"product","2":"type-product","3":"status-publish","4":"has-post-thumbnail","6":"product_cat-taikiniai","8":"first","9":"instock","10":"taxable","11":"shipping-taxable","12":"purchasable","13":"product-type-simple"},"acf":[],"_links":{"self":[{"href":"https:\/\/kingarms.ee\/lt\/wp-json\/wp\/v2\/product\/149182","targetHints":{"allow":["GET"]}}],"collection":[{"href":"https:\/\/kingarms.ee\/lt\/wp-json\/wp\/v2\/product"}],"about":[{"href":"https:\/\/kingarms.ee\/lt\/wp-json\/wp\/v2\/types\/product"}],"wp:featuredmedia":[{"embeddable":true,"href":"https:\/\/kingarms.ee\/lt\/wp-json\/wp\/v2\/media\/126380"}],"wp:attachment":[{"href":"https:\/\/kingarms.ee\/lt\/wp-json\/wp\/v2\/media?parent=149182"}],"wp:term":[{"taxonomy":"product_brand","embeddable":true,"href":"https:\/\/kingarms.ee\/lt\/wp-json\/wp\/v2\/product_brand?post=149182"},{"taxonomy":"product_cat","embeddable":true,"href":"https:\/\/kingarms.ee\/lt\/wp-json\/wp\/v2\/product_cat?post=149182"},{"taxonomy":"product_tag","embeddable":true,"href":"https:\/\/kingarms.ee\/lt\/wp-json\/wp\/v2\/product_tag?post=149182"}],"curies":[{"name":"wp","href":"https:\/\/api.w.org\/{rel}","templated":true}]}}