{"id":149186,"date":"2023-01-09T12:35:44","date_gmt":"2025-05-12T10:19:21","guid":{"rendered":"https:\/\/kingarms.ee\/product\/b71pro-zibintuvelis-nicrron\/"},"modified":"2025-05-12T13:19:21","modified_gmt":"2025-05-12T10:19:21","slug":"b71pro-zibintuvelis-nicrron","status":"publish","type":"product","link":"https:\/\/kingarms.ee\/lt\/product\/b71pro-zibintuvelis-nicrron\/","title":{"rendered":"\u201eB71Pro\u201c \u017eibintuv\u0117lis (NICRRON)"},"content":{"rendered":"<p><img loading=\"lazy\" decoding=\"async\" class=\"alignnone size-full wp-image-71201\" src=\"https:\/\/kingarms.ee\/wp-content\/uploads\/2023\/01\/B71pro_frpg-1.jpg\" alt=\"\" width=\"300\" height=\"200\" srcset=\"https:\/\/kingarms.ee\/wp-content\/uploads\/2023\/01\/B71pro_frpg-1.jpg 300w, https:\/\/kingarms.ee\/wp-content\/uploads\/2023\/01\/B71pro_frpg-1-150x100.jpg 150w\" sizes=\"auto, (max-width: 300px) 100vw, 300px\" \/><\/p>\n","protected":false},"excerpt":{"rendered":"<p><strong>\u201eB71Pro\u201c \u017eibintuv\u0117lis<\/strong><\/p>\n<p>Nicron B71Pro yra dalis Nicron profesionalus serialas <em>televizija<\/em> ish zibintai. Tailando unikalus, mechanishkai Laba stiprus zibintuvevellis, kuriu galvos dalalate galima reguliuoti kampu nuo 0 iki 90 laiptsniogu. Nicron b71pro yra daugialypemma lempa su metaline konstrukcija (Aliuminis). IR didelio tempimo magnetogu nugaroje. Kisheninio segtuko pagalba lempate gali pritvirtinti prie drabuzhiates, pakinktatma IR kisheniates. \u017dibint\u0105 galima montu klavi\u0161\u0105 vertikali a gale, s\u0105mojo paglostyti pritvirtinti prie feromagnetini\u0173 pavir\u0161i\u0173 staty galing \u00e1 kurio) \u00e1 pad\u0117tyje, naudojant stipr\u0173 magnet\u0105 gale. Kamuolys b\u016bdu i\u0161 nicr vienas kampin\u0119 lemp\u0105 galima akimirksniu pavers buvo laisv\u0173 rank\u0173 darbo lemput i\u0161, kurios \u0161vies\u0105 galima nukreipti net 360 laipsni\u0173 gaujos. Nicron b71pro ilgis ilgiausioje padangalgje yra 160 mm, o korpuso ir galvoso skersmuo-26 mm. didjiusia sviesos su kojele baltos sviesos dir yra 1200 slide, o sviesos srauto diapazonas-iki 178 metraad. Be to, galimas antrasis raudono ir \u017ealios \u0161viesos re\u017e. Ish viso lempa turi keturis baltus \u0161viesos stiprumus (1200lm ,500lm, 80lm, 10LM), du paslamptus specialiuosius dirimus (strobe IR SOS) ir antrinius zalius, raudonos IR mirksinalistios raudonos \u0161viesos dirimus. Sviesos pieshinys turi Gana platalate ir universalate pieshinaatti. Kaip maitinimo \u0161altin\u012f nicr vienas b71pro naud valstie\u010di\u0173 standartin\u0119 kei\u010diam\u0105 PCB apsaugot\u0105 18650 tipo li\u010dio jon\u0173 baterij\u0105. Norintatkraut akumuliatori, jo nereik ishimti ish lempos, tiesioginisatkrovimas atliekamas per USB-CAKKROVIMO lizdatka lempos shvietaamat. Nicron b71pro veikimasir darbo directiona perjungimas atliekamas per jungikllati lempos spindalgjo. Tie Akumuliatoriai ishsikrovimo indikatoriai su Trijulatus spalvate shviesos indikacija (raudona mirksi-raudona-geltonona-zhalia), tietinimo shaltinioaultkrovimo indikatoriai yra integruoti-jungiklulite. Nicron B71pro yra Lietuva ir purslams atpari lempa ir attinka IP65 apsaugos ish klasalim. Nicr vienas b71pro tiekiamas kaip vizas \u00e1 komplekta, \u012fskaitant 2600 mAh Li\u010dio jon\u0173 baterij\u0105, standartin\u012f USB-C \u012fkrovimo laid\u0105 ir vartotojo vadov\u0105 b\u016bti lempo \u00e1.                 <\/p>\n","protected":false},"featured_media":126356,"template":"","meta":{"_acf_changed":false},"product_brand":[],"product_cat":[1173],"product_tag":[],"class_list":{"0":"post-149186","1":"product","2":"type-product","3":"status-publish","4":"has-post-thumbnail","6":"product_cat-zibintuvelis","8":"first","9":"instock","10":"taxable","11":"shipping-taxable","12":"purchasable","13":"product-type-simple"},"acf":[],"_links":{"self":[{"href":"https:\/\/kingarms.ee\/lt\/wp-json\/wp\/v2\/product\/149186","targetHints":{"allow":["GET"]}}],"collection":[{"href":"https:\/\/kingarms.ee\/lt\/wp-json\/wp\/v2\/product"}],"about":[{"href":"https:\/\/kingarms.ee\/lt\/wp-json\/wp\/v2\/types\/product"}],"wp:featuredmedia":[{"embeddable":true,"href":"https:\/\/kingarms.ee\/lt\/wp-json\/wp\/v2\/media\/126356"}],"wp:attachment":[{"href":"https:\/\/kingarms.ee\/lt\/wp-json\/wp\/v2\/media?parent=149186"}],"wp:term":[{"taxonomy":"product_brand","embeddable":true,"href":"https:\/\/kingarms.ee\/lt\/wp-json\/wp\/v2\/product_brand?post=149186"},{"taxonomy":"product_cat","embeddable":true,"href":"https:\/\/kingarms.ee\/lt\/wp-json\/wp\/v2\/product_cat?post=149186"},{"taxonomy":"product_tag","embeddable":true,"href":"https:\/\/kingarms.ee\/lt\/wp-json\/wp\/v2\/product_tag?post=149186"}],"curies":[{"name":"wp","href":"https:\/\/api.w.org\/{rel}","templated":true}]}}