{"id":149191,"date":"2023-01-06T17:47:00","date_gmt":"2025-05-12T11:14:33","guid":{"rendered":"https:\/\/kingarms.ee\/product\/atstumo-jungiklis-aer-02-v2-0-feniksas\/"},"modified":"2025-05-12T14:14:33","modified_gmt":"2025-05-12T11:14:33","slug":"atstumo-jungiklis-aer-02-v2-0-feniksas","status":"publish","type":"product","link":"https:\/\/kingarms.ee\/lt\/product\/atstumo-jungiklis-aer-02-v2-0-feniksas\/","title":{"rendered":"Atstumo jungiklis AER &#8211; 02 V2. 0 (Feniksas)"},"content":{"rendered":"<p><img loading=\"lazy\" decoding=\"async\" class=\"alignnone size-full wp-image-71053\" src=\"https:\/\/kingarms.ee\/wp-content\/uploads\/2023\/01\/1-10.jpg\" alt=\"\" width=\"850\" height=\"850\" srcset=\"https:\/\/kingarms.ee\/wp-content\/uploads\/2023\/01\/1-10.jpg 850w, https:\/\/kingarms.ee\/wp-content\/uploads\/2023\/01\/1-10-300x300.jpg 300w, https:\/\/kingarms.ee\/wp-content\/uploads\/2023\/01\/1-10-150x150.jpg 150w, https:\/\/kingarms.ee\/wp-content\/uploads\/2023\/01\/1-10-768x768.jpg 768w, https:\/\/kingarms.ee\/wp-content\/uploads\/2023\/01\/1-10-500x500.jpg 500w\" sizes=\"auto, (max-width: 850px) 100vw, 850px\" \/><\/p>\n","protected":false},"excerpt":{"rendered":"<p>Atstumo jungiklis Fenikso \u017eibintuv\u0117liams. Jungiklis turi du mygtukus, leid\u017eian\u010dius akimirksniu ap\u0161viesti lemp\u0105, perjungti lemp\u0105 \u012f nuolatin\u012f veikim\u0105 ir pasirinkti lempos \u0161viesos intensyvum\u0105 (funkcijos gali \u0161iek tiek skirtis priklausomai nuo lempos). Jungiklio konstrukcija yra visi\u0161kai atspari vandeniui ir oro s\u0105lygoms, veikimas tylus. Did\u017eiausias bendras atstumo jungiklio ilgis yra 34 cm.<\/p>\n<p>Tinka \u0161iems Fenikso \u017eibintuv\u0117liams:<\/p>\n<p><strong>PD35 V3.0, PD32 V2.0, UC35 V2. 0, TK11TAC, FD41<\/strong><\/p>\n<p>Jei turite klausim\u0173 apie atstumo jungiklio tinkamum\u0105, susisiekite Taskulambid.eu klient\u0173 aptarnavimas.<\/p>\n","protected":false},"featured_media":126306,"template":"","meta":{"_acf_changed":false},"product_brand":[],"product_cat":[1173],"product_tag":[],"class_list":{"0":"post-149191","1":"product","2":"type-product","3":"status-publish","4":"has-post-thumbnail","6":"product_cat-zibintuvelis","8":"first","9":"instock","10":"taxable","11":"shipping-taxable","12":"purchasable","13":"product-type-simple"},"acf":[],"_links":{"self":[{"href":"https:\/\/kingarms.ee\/lt\/wp-json\/wp\/v2\/product\/149191","targetHints":{"allow":["GET"]}}],"collection":[{"href":"https:\/\/kingarms.ee\/lt\/wp-json\/wp\/v2\/product"}],"about":[{"href":"https:\/\/kingarms.ee\/lt\/wp-json\/wp\/v2\/types\/product"}],"wp:featuredmedia":[{"embeddable":true,"href":"https:\/\/kingarms.ee\/lt\/wp-json\/wp\/v2\/media\/126306"}],"wp:attachment":[{"href":"https:\/\/kingarms.ee\/lt\/wp-json\/wp\/v2\/media?parent=149191"}],"wp:term":[{"taxonomy":"product_brand","embeddable":true,"href":"https:\/\/kingarms.ee\/lt\/wp-json\/wp\/v2\/product_brand?post=149191"},{"taxonomy":"product_cat","embeddable":true,"href":"https:\/\/kingarms.ee\/lt\/wp-json\/wp\/v2\/product_cat?post=149191"},{"taxonomy":"product_tag","embeddable":true,"href":"https:\/\/kingarms.ee\/lt\/wp-json\/wp\/v2\/product_tag?post=149191"}],"curies":[{"name":"wp","href":"https:\/\/api.w.org\/{rel}","templated":true}]}}