{"id":149195,"date":"2023-01-06T16:59:44","date_gmt":"2025-05-12T11:22:28","guid":{"rendered":"https:\/\/kingarms.ee\/product\/akumuliatoriaus-akumuliatoriaus-ikroviklis-yra-d2-lcd-fenix\/"},"modified":"2025-05-12T14:22:28","modified_gmt":"2025-05-12T11:22:28","slug":"akumuliatoriaus-akumuliatoriaus-ikroviklis-yra-d2-lcd-fenix","status":"publish","type":"product","link":"https:\/\/kingarms.ee\/lt\/product\/akumuliatoriaus-akumuliatoriaus-ikroviklis-yra-d2-lcd-fenix\/","title":{"rendered":"Akumuliatoriaus akumuliatoriaus \u012fkroviklis yra D2 LCD (\u201eFenix\u201c)"},"content":{"rendered":"<p><img loading=\"lazy\" decoding=\"async\" class=\"alignnone size-full wp-image-70932\" src=\"https:\/\/kingarms.ee\/wp-content\/uploads\/2023\/01\/1-5.jpg\" alt=\"\" width=\"380\" height=\"380\" srcset=\"https:\/\/kingarms.ee\/wp-content\/uploads\/2023\/01\/1-5.jpg 380w, https:\/\/kingarms.ee\/wp-content\/uploads\/2023\/01\/1-5-300x300.jpg 300w, https:\/\/kingarms.ee\/wp-content\/uploads\/2023\/01\/1-5-150x150.jpg 150w\" sizes=\"auto, (max-width: 380px) 100vw, 380px\" \/><\/p>\n","protected":false},"excerpt":{"rendered":"<p>\u201eFenix\u201c yra automatinis (intelektualus) akumuliatoriaus \u012fkroviklis su dviem nepriklausomais \u012fkrovimo lizdais ir LCD informacija, tinkama \u012fkrauti cilindri\u0161kiausius Li-jon\u0173, NIMH ir NICD baterijas. Be to, viena i\u0161 \u201eFenix Are\u201c \u012fkrovimo kojini\u0173 taip pat veikia kaip akumuliatoriaus bankas. Tai \u012fkroviklis, valdantis \u201eMicro-USB Power\u201c, turi USB-A i\u0161vest\u012f ir skirtas naudoti patalpose. Pakrovimo lizdai yra nepriklausomi ir tuo pat metu gali b\u016bti apmokestinti palaikomais specialiais tipais ar skirting\u0173 dyd\u017ei\u0173\/talpos baterijomis. \u012ekrovimo proceso metu LCD ekrane rodomas \u012fkrovimo tipas, apkrovos lygis (kaip diagrama) ir selektyviai apkrovos stipris, \u012fkrovimo laikas ir akumuliatoriaus \u012ftampa. Be to, rankiniu b\u016bdu galima pasirinkti \u012fkrovimo srov\u0117s stiprum\u0105. Dirbant akumuliatoriaus banku, ekrane taip pat rodoma i\u0161krovimo informacija. Palaikoma 10440, 14500, 16340, 18650, 21700 ir 26650 Li-Ion baterijos ir AA, AAA ir C NIMH\/NICD baterijos. \u012ekroviklis yra apr\u016bpintas apsauga nuo trumpo grandin\u0117s, apsaugos nuo perpildymo, apsauga nuo vir\u0161\u012ftampio ir atvirk\u0161tin\u0117s poli\u0161kumo apsauga.        <\/p>\n","protected":false},"featured_media":126254,"template":"","meta":{"_acf_changed":false},"product_brand":[],"product_cat":[1193],"product_tag":[],"class_list":{"0":"post-149195","1":"product","2":"type-product","3":"status-publish","4":"has-post-thumbnail","6":"product_cat-ikrovikliai","8":"first","9":"instock","10":"taxable","11":"shipping-taxable","12":"purchasable","13":"product-type-simple"},"acf":[],"_links":{"self":[{"href":"https:\/\/kingarms.ee\/lt\/wp-json\/wp\/v2\/product\/149195","targetHints":{"allow":["GET"]}}],"collection":[{"href":"https:\/\/kingarms.ee\/lt\/wp-json\/wp\/v2\/product"}],"about":[{"href":"https:\/\/kingarms.ee\/lt\/wp-json\/wp\/v2\/types\/product"}],"wp:featuredmedia":[{"embeddable":true,"href":"https:\/\/kingarms.ee\/lt\/wp-json\/wp\/v2\/media\/126254"}],"wp:attachment":[{"href":"https:\/\/kingarms.ee\/lt\/wp-json\/wp\/v2\/media?parent=149195"}],"wp:term":[{"taxonomy":"product_brand","embeddable":true,"href":"https:\/\/kingarms.ee\/lt\/wp-json\/wp\/v2\/product_brand?post=149195"},{"taxonomy":"product_cat","embeddable":true,"href":"https:\/\/kingarms.ee\/lt\/wp-json\/wp\/v2\/product_cat?post=149195"},{"taxonomy":"product_tag","embeddable":true,"href":"https:\/\/kingarms.ee\/lt\/wp-json\/wp\/v2\/product_tag?post=149195"}],"curies":[{"name":"wp","href":"https:\/\/api.w.org\/{rel}","templated":true}]}}