{"id":149197,"date":"2023-01-06T16:52:27","date_gmt":"2025-05-12T11:23:54","guid":{"rendered":"https:\/\/kingarms.ee\/product\/akumuliatoriaus-ikroviklis-yra-a4-lcd-fenix\/"},"modified":"2025-05-12T14:23:54","modified_gmt":"2025-05-12T11:23:54","slug":"akumuliatoriaus-ikroviklis-yra-a4-lcd-fenix","status":"publish","type":"product","link":"https:\/\/kingarms.ee\/lt\/product\/akumuliatoriaus-ikroviklis-yra-a4-lcd-fenix\/","title":{"rendered":"Akumuliatoriaus \u012fkroviklis yra A4 LCD (\u201eFenix\u201c)"},"content":{"rendered":"<p><img loading=\"lazy\" decoding=\"async\" class=\"alignnone size-full wp-image-70900\" src=\"https:\/\/kingarms.ee\/wp-content\/uploads\/2023\/01\/1-4.jpg\" alt=\"\" width=\"850\" height=\"850\" srcset=\"https:\/\/kingarms.ee\/wp-content\/uploads\/2023\/01\/1-4.jpg 850w, https:\/\/kingarms.ee\/wp-content\/uploads\/2023\/01\/1-4-300x300.jpg 300w, https:\/\/kingarms.ee\/wp-content\/uploads\/2023\/01\/1-4-150x150.jpg 150w, https:\/\/kingarms.ee\/wp-content\/uploads\/2023\/01\/1-4-768x768.jpg 768w, https:\/\/kingarms.ee\/wp-content\/uploads\/2023\/01\/1-4-500x500.jpg 500w\" sizes=\"auto, (max-width: 850px) 100vw, 850px\" \/><\/p>\n","protected":false},"excerpt":{"rendered":"<p>\u201eFenix Ar-A4\u201c yra automatinis (intelektualus) akumuliatoriaus \u012fkroviklis su keturiais nepriklausomais \u012fkrovimo lizdais ir LCD informacija, tinkama \u012fkrauti daugiausiai cilindri\u0161k\u0173 Li-jon\u0173, NIMH ir NICD baterij\u0173. Tai \u012fkroviklis, valdantis maitinimo \u0161altin\u012f (100\u2013240 V AC) ir skirtas naudoti patalpose. Pakrovimo lizdai yra nepriklausomi ir tuo pat metu gali b\u016bti apmokestinti palaikomais specialiais tipais ar skirting\u0173 dyd\u017ei\u0173\/talpos baterijomis. \u012ekrovimo proceso metu LCD ekrane rodomas \u012fkrovimo tipas, apkrovos lygis (kaip diagrama) ir selektyviai apkrovos stipris, \u012fkrovimo laikas ir akumuliatoriaus \u012ftampa. Palaikoma 10440, 14500, 16340, 18650, 21700 ir 26650 Li-Ion baterijos ir AA, AAA ir C NIMH\/NICD baterijos. \u012ekroviklis yra apr\u016bpintas apsauga nuo trumpo grandin\u0117s, apsaugos nuo perpildymo, apsauga nuo vir\u0161\u012ftampio ir atvirk\u0161tin\u0117s poli\u0161kumo apsauga.     <\/p>\n","protected":false},"featured_media":126240,"template":"","meta":{"_acf_changed":false},"product_brand":[],"product_cat":[1193],"product_tag":[],"class_list":{"0":"post-149197","1":"product","2":"type-product","3":"status-publish","4":"has-post-thumbnail","6":"product_cat-ikrovikliai","8":"first","9":"instock","10":"taxable","11":"shipping-taxable","12":"purchasable","13":"product-type-simple"},"acf":[],"_links":{"self":[{"href":"https:\/\/kingarms.ee\/lt\/wp-json\/wp\/v2\/product\/149197","targetHints":{"allow":["GET"]}}],"collection":[{"href":"https:\/\/kingarms.ee\/lt\/wp-json\/wp\/v2\/product"}],"about":[{"href":"https:\/\/kingarms.ee\/lt\/wp-json\/wp\/v2\/types\/product"}],"wp:featuredmedia":[{"embeddable":true,"href":"https:\/\/kingarms.ee\/lt\/wp-json\/wp\/v2\/media\/126240"}],"wp:attachment":[{"href":"https:\/\/kingarms.ee\/lt\/wp-json\/wp\/v2\/media?parent=149197"}],"wp:term":[{"taxonomy":"product_brand","embeddable":true,"href":"https:\/\/kingarms.ee\/lt\/wp-json\/wp\/v2\/product_brand?post=149197"},{"taxonomy":"product_cat","embeddable":true,"href":"https:\/\/kingarms.ee\/lt\/wp-json\/wp\/v2\/product_cat?post=149197"},{"taxonomy":"product_tag","embeddable":true,"href":"https:\/\/kingarms.ee\/lt\/wp-json\/wp\/v2\/product_tag?post=149197"}],"curies":[{"name":"wp","href":"https:\/\/api.w.org\/{rel}","templated":true}]}}