{"id":149201,"date":"2023-01-06T16:32:42","date_gmt":"2025-05-12T13:38:07","guid":{"rendered":"https:\/\/kingarms.ee\/product\/taktinis-piestukas-t6-fenix\/"},"modified":"2025-05-12T16:38:07","modified_gmt":"2025-05-12T13:38:07","slug":"taktinis-piestukas-t6-fenix","status":"publish","type":"product","link":"https:\/\/kingarms.ee\/lt\/product\/taktinis-piestukas-t6-fenix\/","title":{"rendered":"Taktinis pie\u0161tukas T6 (\u201eFenix\u201c)"},"content":{"rendered":"<p><img loading=\"lazy\" decoding=\"async\" class=\"alignnone size-full wp-image-70843\" src=\"https:\/\/kingarms.ee\/wp-content\/uploads\/2023\/01\/1662712385.jpg\" alt=\"\" width=\"850\" height=\"850\" srcset=\"https:\/\/kingarms.ee\/wp-content\/uploads\/2023\/01\/1662712385.jpg 850w, https:\/\/kingarms.ee\/wp-content\/uploads\/2023\/01\/1662712385-300x300.jpg 300w, https:\/\/kingarms.ee\/wp-content\/uploads\/2023\/01\/1662712385-150x150.jpg 150w, https:\/\/kingarms.ee\/wp-content\/uploads\/2023\/01\/1662712385-768x768.jpg 768w, https:\/\/kingarms.ee\/wp-content\/uploads\/2023\/01\/1662712385-500x500.jpg 500w\" sizes=\"auto, (max-width: 850px) 100vw, 850px\" \/><\/p>\n","protected":false},"excerpt":{"rendered":"<p>Taktinis pie\u0161tukas T6 (\u201eFenix\u201c)<\/p>\n<p>Feniksas T6 yra daugiafunkcinis Taktinis tu\u0161inukas-\u017eibintuv\u0117lis. Tu\u0161inuko ilgis yra 140 mm, o did\u017eiausias skersmuo-14 mm. Pagaminta i\u0161 III tipo anoduoto aliuminio. Apatin\u0117 siauresn\u0117 Fenikso T6 dalis sudaro tu\u0161inuko \u0161erdies d\u0117kl\u0105. Vir\u0161utin\u0117je, platesn\u0117je pus\u0117je \u0161viestuvas turi integruot\u0105 akumuliatori\u0173 ir \u012fkrovimo sistem\u0105. Pastapliiatsi k\u00f5ige \u00fclemisse otsa on paigaldatud keraamilise pinnaga klaasipurusti otstarvet t\u00e4itev pea. Fenikso T6 tushinuko sherdys yra 68 mm ilgio Schmidt sherdys (pridedama Juoda uzhpildymo sherdis). Normaalasendis on s\u00fcdamik peidus pastapliiatsi sees. Kirjutamiseks tuleb kergelt keerata pastapliiatsi alaosa ning s\u00fcdamik tuleb n\u00e4htavale. Taskulambi osa peidab endas 100mAh mahutavusega USB-C otselaetavat LiFePO4 akut. Kokku on saadaval kolm erinevat valgustugevust (80lm, 20lm, 1lm). Maksimaalseks valgusvoo ulatuseks on 18 meetrit. Lambi t\u00f6\u00f6sse l\u00fclitamine toimub l\u00e4bi tagaosas k\u00fcljel asuva v\u00e4ikese l\u00fcliti. Lambi osa on varustatud veel ka neljaastmelise aku t\u00fchjenemise indikatsiooniga, laadimisindikatsiooniga ning lambi t\u00f6\u00f6temperatuuri j\u00e4lgiva \u00fclekuumenemiskaitsega.<\/p>\n","protected":false},"featured_media":126216,"template":"","meta":{"_acf_changed":false},"product_brand":[],"product_cat":[1173],"product_tag":[],"class_list":{"0":"post-149201","1":"product","2":"type-product","3":"status-publish","4":"has-post-thumbnail","6":"product_cat-zibintuvelis","8":"first","9":"instock","10":"taxable","11":"shipping-taxable","12":"purchasable","13":"product-type-simple"},"acf":[],"_links":{"self":[{"href":"https:\/\/kingarms.ee\/lt\/wp-json\/wp\/v2\/product\/149201","targetHints":{"allow":["GET"]}}],"collection":[{"href":"https:\/\/kingarms.ee\/lt\/wp-json\/wp\/v2\/product"}],"about":[{"href":"https:\/\/kingarms.ee\/lt\/wp-json\/wp\/v2\/types\/product"}],"wp:featuredmedia":[{"embeddable":true,"href":"https:\/\/kingarms.ee\/lt\/wp-json\/wp\/v2\/media\/126216"}],"wp:attachment":[{"href":"https:\/\/kingarms.ee\/lt\/wp-json\/wp\/v2\/media?parent=149201"}],"wp:term":[{"taxonomy":"product_brand","embeddable":true,"href":"https:\/\/kingarms.ee\/lt\/wp-json\/wp\/v2\/product_brand?post=149201"},{"taxonomy":"product_cat","embeddable":true,"href":"https:\/\/kingarms.ee\/lt\/wp-json\/wp\/v2\/product_cat?post=149201"},{"taxonomy":"product_tag","embeddable":true,"href":"https:\/\/kingarms.ee\/lt\/wp-json\/wp\/v2\/product_tag?post=149201"}],"curies":[{"name":"wp","href":"https:\/\/api.w.org\/{rel}","templated":true}]}}