{"id":149227,"date":"2023-01-06T15:54:49","date_gmt":"2025-05-17T09:37:41","guid":{"rendered":"https:\/\/kingarms.ee\/product\/priekinis-zibintas-hm65r-t-fenix\/"},"modified":"2025-05-17T12:37:41","modified_gmt":"2025-05-17T09:37:41","slug":"priekinis-zibintas-hm65r-t-fenix","status":"publish","type":"product","link":"https:\/\/kingarms.ee\/lt\/product\/priekinis-zibintas-hm65r-t-fenix\/","title":{"rendered":"Priekinis \u017eibintas HM65R-T (\u201eFenix\u201c)"},"content":{"rendered":"<p><img loading=\"lazy\" decoding=\"async\" class=\"alignnone size-full wp-image-70760\" src=\"https:\/\/kingarms.ee\/wp-content\/uploads\/2023\/01\/00.jpg\" alt=\"\" width=\"380\" height=\"380\" srcset=\"https:\/\/kingarms.ee\/wp-content\/uploads\/2023\/01\/00.jpg 380w, https:\/\/kingarms.ee\/wp-content\/uploads\/2023\/01\/00-300x300.jpg 300w, https:\/\/kingarms.ee\/wp-content\/uploads\/2023\/01\/00-150x150.jpg 150w\" sizes=\"auto, (max-width: 380px) 100vw, 380px\" \/><\/p>\n","protected":false},"excerpt":{"rendered":"<p>Feniksas HM65R &#8211; T yra populiaraus hm65r modifikacija aktyviam judintojui. Galvos juostos strukt\u016bra ir \u0161viesos intensyvumo diapazonai buvo pakeisti taip, kad lempa labiau tikt\u0173 aktyviai veiklai (\u017eygiams p\u0117s\u010diomis ir kelion\u0117ms, lengvesniam b\u0117gimui, treniruot\u0117ms po atviru dangumi ir kt.). HM65R &#8211; t yra rimtai novatori\u0161kas, kompakti\u0161kas, galingas ir ypa\u010d lengvas 18650 akumuliatoriaus dyd\u017eio tiesioginio \u012fkrovimo priekinis \u017eibintas. Skirtingai nuo kit\u0173 profesionali\u0173 priekini\u0173 \u017eibint\u0173 ir \u017eibintuv\u0117li\u0173, hm65r &#8211; t korpusas pagamintas i\u0161 magnio, kad b\u016bt\u0173 galima papildomai sutaupyti 32% svorio t\u016brio vienetui, palyginti su aliuminiu. Hm65r-t savo Svoris be maitinimo \u0161altinio, bet su galvos juosta yra tik 91 gramai. HM65R-t yra su daug platesne erdvia galvos juosta nei \u012fprastai su BOA laikikliu, kad b\u016bt\u0173 patogiau reguliuoti. Naudojant platesn\u0119 galvos juost\u0105, buvo galima praleisti kit\u0105 galvos juostos dal\u012f, einan\u010di\u0105 per galv\u0105, taip palengvinant ir stabiliau naudojant lemp\u0105 su galvos apdangalais \u012fvairioms aktyvioms veikloms. D\u0117l savo dizaino ir lengvumo HM65R gali b\u016bti naudojamas \u012fvairiems tikslams-nuo b\u0117gimo, slidin\u0117jimo ir va\u017eiavimo dvira\u010diu iki darbo ir \u017eygi\u0173 lemp\u0173. Ta\u010diau pagrindin\u0117 tikslin\u0117 vartotoj\u0173 auditorija yra \u017emon\u0117s, kurie u\u017esiima sportu ir aktyviu gyvenimo b\u016bdu. HM65R-T turi dvi atskiras optikas, valdomas atskirais jungikliais ir sujungtas. Did\u017eiausia i\u0161 j\u0173 yra baltos \u0161viesos ta\u0161ko \u0161viesos optika, kurios \u0161viesos j\u0117ga yra iki 1300 liumen\u0173, o \u0161viesos srauto diapazonas-iki 170 metr\u0173. Antroji, ma\u017eesn\u0117 optika, yra plati neutrali baltos \u0161viesos tono i\u0161sklaidytos \u0161viesos (tir) optika, kurios \u0161viesos j\u0117ga yra iki 400 liumen\u0173. I\u0161sklaidyta \u0161viesa skirta patogiam darbui artimais atstumais. Galimi trys skirtingi \u0161viesos intensyvumai tiek difuzin\u0117s, tiek ta\u0161kin\u0117s \u0161viesos re\u017eimais (i\u0161 viso 6 \u0161viesos intensyvumai). Tiek Ta\u0161kin\u0117, tiek i\u0161sklaidyta \u0161viesa gali b\u016bti naudojama atskirai arba kartu, pasiekiant maksimal\u0173 1500 liumen\u0173 \u0161viesos intensyvum\u0105. HM65R-t yra visi\u0161kai atsparus vandeniui (apsaugos klas\u0117 IP68), i\u0161bandytas atsparumas sm\u016bgiams iki 2 metr\u0173, tiesiogiai \u012fkraunamas USB-C kabeliu ir tiekiamas su kei\u010diama 3400 mAh Li\u010dio jon\u0173 baterija. Jei reikia, lemp\u0105 taip pat galima naudoti su vienkartin\u0117mis CR123A li\u010dio baterijomis, pasi\u017eymin\u010diomis dideliu atsparumu \u0161al\u010diui. Kartu su lempa esanti galvos juosta yra perforuota, kad b\u016bt\u0173 u\u017etikrintas maksimalus kv\u0117pavimas, ir turi atspindin\u010dius elementus. D\u0117l linijinio \u0161viesos stabilizavimo hm65r turi ypa\u010d ilg\u0105 veikimo laik\u0105 skirtingais darbo re\u017eimais.<\/p>\n<p>Be to, HM65R &#8211; t turi akumuliatoriaus \u012fkrovos lygio indikatori\u0173, \u012fkrovimo indikatori\u0173, jungikli\u0173 fiksavimo funkcij\u0105, \u012fmontuot\u0105 apsaug\u0105 nuo perkaitimo ir apsaug\u0105 nuo atvirk\u0161tinio poli\u0161kumo. Be lempos, vis\u0105 komplekt\u0105 sudaro 3400 mAh Tipo 18650 li\u010dio jon\u0173 baterija, galvos juostos rinkinys, USB-C \u012fkrovimo laidas, atsarginis sandarinimo \u017eiedas ir vartotojo vadovas.<\/p>\n","protected":false},"featured_media":126179,"template":"","meta":{"_acf_changed":false},"product_brand":[],"product_cat":[1172],"product_tag":[],"class_list":{"0":"post-149227","1":"product","2":"type-product","3":"status-publish","4":"has-post-thumbnail","6":"product_cat-priekiniai-zibintai","8":"first","9":"instock","10":"taxable","11":"shipping-taxable","12":"purchasable","13":"product-type-simple"},"acf":[],"_links":{"self":[{"href":"https:\/\/kingarms.ee\/lt\/wp-json\/wp\/v2\/product\/149227","targetHints":{"allow":["GET"]}}],"collection":[{"href":"https:\/\/kingarms.ee\/lt\/wp-json\/wp\/v2\/product"}],"about":[{"href":"https:\/\/kingarms.ee\/lt\/wp-json\/wp\/v2\/types\/product"}],"wp:featuredmedia":[{"embeddable":true,"href":"https:\/\/kingarms.ee\/lt\/wp-json\/wp\/v2\/media\/126179"}],"wp:attachment":[{"href":"https:\/\/kingarms.ee\/lt\/wp-json\/wp\/v2\/media?parent=149227"}],"wp:term":[{"taxonomy":"product_brand","embeddable":true,"href":"https:\/\/kingarms.ee\/lt\/wp-json\/wp\/v2\/product_brand?post=149227"},{"taxonomy":"product_cat","embeddable":true,"href":"https:\/\/kingarms.ee\/lt\/wp-json\/wp\/v2\/product_cat?post=149227"},{"taxonomy":"product_tag","embeddable":true,"href":"https:\/\/kingarms.ee\/lt\/wp-json\/wp\/v2\/product_tag?post=149227"}],"curies":[{"name":"wp","href":"https:\/\/api.w.org\/{rel}","templated":true}]}}