{"id":149231,"date":"2023-01-06T15:32:44","date_gmt":"2025-05-17T09:44:48","guid":{"rendered":"https:\/\/kingarms.ee\/product\/kamuoliai-beta-4-5-mm-0-50-g-kvintoras\/"},"modified":"2025-05-17T12:44:48","modified_gmt":"2025-05-17T09:44:48","slug":"kamuoliai-beta-4-5-mm-0-50-g-kvintoras","status":"publish","type":"product","link":"https:\/\/kingarms.ee\/lt\/product\/kamuoliai-beta-4-5-mm-0-50-g-kvintoras\/","title":{"rendered":"Kamuoliai BETA 4.5 mm 0.50 g (Kvintoras)"},"content":{"rendered":"<p><img loading=\"lazy\" decoding=\"async\" class=\"alignnone size-full wp-image-83703\" src=\"https:\/\/kingarms.ee\/wp-content\/uploads\/2023\/01\/6e89d225d0c2bdbb530a06af65174c45.jpg\" alt=\"\" width=\"660\" height=\"550\" srcset=\"https:\/\/kingarms.ee\/wp-content\/uploads\/2023\/01\/6e89d225d0c2bdbb530a06af65174c45.jpg 660w, https:\/\/kingarms.ee\/wp-content\/uploads\/2023\/01\/6e89d225d0c2bdbb530a06af65174c45-300x250.jpg 300w, https:\/\/kingarms.ee\/wp-content\/uploads\/2023\/01\/6e89d225d0c2bdbb530a06af65174c45-500x417.jpg 500w, https:\/\/kingarms.ee\/wp-content\/uploads\/2023\/01\/6e89d225d0c2bdbb530a06af65174c45-150x125.jpg 150w\" sizes=\"auto, (max-width: 660px) 100vw, 660px\" \/><\/p>\n","protected":false},"excerpt":{"rendered":"<p><strong>Kamuoliai BETA 4.5 mm 0.52 g<\/strong><\/p>\n<p>Kvintoriaus beta \u0161audmen\u0173 kalibras 4,5 mm.<br \/>\n\u0160audmenys, pasi\u017eymintys dideliu tikslumu, subalansuotu svoriu ir dvigubos linijos taur\u0117s formos \u0161audmenimis, u\u017etikrina tiksl\u0173 \u0161\u016bv\u012f.<br \/>\nSvoris: 0,52 gramo.<br \/>\nPateikta naujovi\u0161koje plastikin\u0117je d\u0117\u017eut\u0117je su paprastu dozatoriumi.<br \/>\n\u0161vino med\u017eiaga<br \/>\nturinys: 150 vnt \/ d\u0117\u017eut\u0117.<\/p>\n","protected":false},"featured_media":130612,"template":"","meta":{"_acf_changed":false},"product_brand":[],"product_cat":[1189],"product_tag":[],"class_list":{"0":"post-149231","1":"product","2":"type-product","3":"status-publish","4":"has-post-thumbnail","6":"product_cat-oro-pistoletas-4-5-mm","8":"first","9":"instock","10":"taxable","11":"shipping-taxable","12":"purchasable","13":"product-type-simple"},"acf":[],"_links":{"self":[{"href":"https:\/\/kingarms.ee\/lt\/wp-json\/wp\/v2\/product\/149231","targetHints":{"allow":["GET"]}}],"collection":[{"href":"https:\/\/kingarms.ee\/lt\/wp-json\/wp\/v2\/product"}],"about":[{"href":"https:\/\/kingarms.ee\/lt\/wp-json\/wp\/v2\/types\/product"}],"wp:featuredmedia":[{"embeddable":true,"href":"https:\/\/kingarms.ee\/lt\/wp-json\/wp\/v2\/media\/130612"}],"wp:attachment":[{"href":"https:\/\/kingarms.ee\/lt\/wp-json\/wp\/v2\/media?parent=149231"}],"wp:term":[{"taxonomy":"product_brand","embeddable":true,"href":"https:\/\/kingarms.ee\/lt\/wp-json\/wp\/v2\/product_brand?post=149231"},{"taxonomy":"product_cat","embeddable":true,"href":"https:\/\/kingarms.ee\/lt\/wp-json\/wp\/v2\/product_cat?post=149231"},{"taxonomy":"product_tag","embeddable":true,"href":"https:\/\/kingarms.ee\/lt\/wp-json\/wp\/v2\/product_tag?post=149231"}],"curies":[{"name":"wp","href":"https:\/\/api.w.org\/{rel}","templated":true}]}}