{"id":149235,"date":"2023-01-06T15:16:36","date_gmt":"2025-05-17T09:54:24","guid":{"rendered":"https:\/\/kingarms.ee\/product\/pd25r-zibintuvelis-fenix\/"},"modified":"2025-05-17T12:54:24","modified_gmt":"2025-05-17T09:54:24","slug":"pd25r-zibintuvelis-fenix","status":"publish","type":"product","link":"https:\/\/kingarms.ee\/lt\/product\/pd25r-zibintuvelis-fenix\/","title":{"rendered":"PD25R \u017eibintuv\u0117lis (\u201eFenix\u201c)"},"content":{"rendered":"<p><img loading=\"lazy\" decoding=\"async\" class=\"alignnone size-full wp-image-70661\" src=\"https:\/\/kingarms.ee\/wp-content\/uploads\/2023\/01\/01.png\" alt=\"\" width=\"850\" height=\"850\" srcset=\"https:\/\/kingarms.ee\/wp-content\/uploads\/2023\/01\/01.png 850w, https:\/\/kingarms.ee\/wp-content\/uploads\/2023\/01\/01-300x300.png 300w, https:\/\/kingarms.ee\/wp-content\/uploads\/2023\/01\/01-150x150.png 150w, https:\/\/kingarms.ee\/wp-content\/uploads\/2023\/01\/01-768x768.png 768w, https:\/\/kingarms.ee\/wp-content\/uploads\/2023\/01\/01-500x500.png 500w\" sizes=\"auto, (max-width: 850px) 100vw, 850px\" \/><\/p>\n","protected":false},"excerpt":{"rendered":"<p>Pd25r yra patogus ir kompakti\u0161kas \u017eibintuv\u0117lis, pasi\u017eymintis dideliu na\u0161umu. Tai stipri lempa, kuri puikiai tinka kasdieniam ne\u0161iojimui, nam\u0173 \u016bkiui, taip pat \u017eygiams ir kelion\u0117ms d\u0117l savo lengvo svorio ir gero lengvo pie\u0161imo. Visur, kur reikia ypa\u010d kompakti\u0161ko ir gero na\u0161umo tiesioginio \u012fkrovimo \u0161viestuvo. Feniksas PD25R yra atsparus vandeniui ir sm\u016bgiams, jo maksimali apsaugos klas\u0117 yra IP68. Bendras lempos ilgis yra tik 92 mm, galvos skersmuo yra 24 mm, o korpuso skersmuo taip pat yra 24 mm. Svoris su pridedama li\u010dio jon\u0173 baterija yra 78 g. LED elementas yra \u012fvertintas Luminus SFT20. D\u0117l didelio na\u0161umo LED elemento ir kompakti\u0161ko at\u0161vaito \u0161viesos pie\u0161inys yra ypa\u010d universalus (centrin\u0117 zona su intensyvia \u0161viesa su skland\u017eiais per\u0117jimais \u012f gerai ap\u0161viestas atokias vietas). Did\u017eiausia \u0161viesos j\u0117ga yra 800 liumen\u0173, o \u0161viesos srauto diapazonas &#8211; iki 250 metr\u0173. Fenikso PD25R bendras \u0161viesos intensyvumas yra nuo 5 iki 800 liumen\u0173, taip pat yra stroboskopo re\u017eimas. Yra du jungikliai. Galinis Taktinis maitinimo jungiklis turi \u012fjungimo-i\u0161jungimo ir momentinio ap\u0161vietimo funkcij\u0105. \u0160oninis jungiklis skirtas pakeisti \u0161viesos intensyvum\u0105 ir \u012fjungti stroboskopo re\u017eim\u0105. Darbui PD25R naudoja standartin\u0119 PCB apsaugot\u0105 didel\u0117s apkrovos 16340 tipo li\u010dio jon\u0173 baterij\u0105 arba CR123A li\u010dio baterijas. Akumuliatoriaus nereikia i\u0161imti i\u0161 lempos, kad b\u016bt\u0173 galima \u012fkrauti, bet jis tiesiogiai \u012fkraunamas per USB-C \u012fkrovimo lizd\u0105, integruot\u0105 \u012f lemp\u0105. Pd25r \u012fkrovimo lizdas yra visi\u0161kai atsparus vandeniui, net ir be apsaugos, ta\u010diau jame yra stipri metalin\u0117 apsauga, apsauganti nuo dulki\u0173 ir ne\u0161varum\u0173 patekimo bei mechanini\u0173 pa\u017eeidim\u0173 (daugumoje lemp\u0173 naudojamas tik silikoninis apsauginis dangtelis). Arb-L16-700p li\u010dio jon\u0173 akumuliatorius su \u012fkrovimo laidu yra \u012ftrauktas \u012f standartin\u0119 lempos pakuot\u0119. Tod\u0117l viskas reikalinga nedelsiant naudoti ir \u012fkrauti lemp\u0105.<\/p>\n<p>Pd25r papildoma informacija ir funkcijos: skaitmeniniu b\u016bdu sureguliuota grandin\u0117, integruota lempos darbin\u0117s temperat\u016bros apsauga nuo perkaitimo, sustiprintas antirefleksinis reflektoriaus apsauginis stiklas, metalinis \u0161oninis jungiklis, \u012f jungikl\u012f integruotas akumuliatoriaus \u012fkrovos lygio indikatorius, Neslystantis ir nesisukantis dizainas, Nuimamas ki\u0161eninis segtukas, Rie\u0161o dir\u017eelio tvirtinimo kilpa.<\/p>\n","protected":false},"featured_media":126139,"template":"","meta":{"_acf_changed":false},"product_brand":[],"product_cat":[1173],"product_tag":[],"class_list":{"0":"post-149235","1":"product","2":"type-product","3":"status-publish","4":"has-post-thumbnail","6":"product_cat-zibintuvelis","8":"first","9":"instock","10":"taxable","11":"shipping-taxable","12":"purchasable","13":"product-type-simple"},"acf":[],"_links":{"self":[{"href":"https:\/\/kingarms.ee\/lt\/wp-json\/wp\/v2\/product\/149235","targetHints":{"allow":["GET"]}}],"collection":[{"href":"https:\/\/kingarms.ee\/lt\/wp-json\/wp\/v2\/product"}],"about":[{"href":"https:\/\/kingarms.ee\/lt\/wp-json\/wp\/v2\/types\/product"}],"wp:featuredmedia":[{"embeddable":true,"href":"https:\/\/kingarms.ee\/lt\/wp-json\/wp\/v2\/media\/126139"}],"wp:attachment":[{"href":"https:\/\/kingarms.ee\/lt\/wp-json\/wp\/v2\/media?parent=149235"}],"wp:term":[{"taxonomy":"product_brand","embeddable":true,"href":"https:\/\/kingarms.ee\/lt\/wp-json\/wp\/v2\/product_brand?post=149235"},{"taxonomy":"product_cat","embeddable":true,"href":"https:\/\/kingarms.ee\/lt\/wp-json\/wp\/v2\/product_cat?post=149235"},{"taxonomy":"product_tag","embeddable":true,"href":"https:\/\/kingarms.ee\/lt\/wp-json\/wp\/v2\/product_tag?post=149235"}],"curies":[{"name":"wp","href":"https:\/\/api.w.org\/{rel}","templated":true}]}}