{"id":149237,"date":"2023-01-02T18:04:24","date_gmt":"2025-05-17T09:57:48","guid":{"rendered":"https:\/\/kingarms.ee\/product\/akumuliatoriaus-bankas-20-000-mah\/"},"modified":"2025-05-17T12:57:48","modified_gmt":"2025-05-17T09:57:48","slug":"akumuliatoriaus-bankas-20-000-mah","status":"publish","type":"product","link":"https:\/\/kingarms.ee\/lt\/product\/akumuliatoriaus-bankas-20-000-mah\/","title":{"rendered":"Akumuliatoriaus bankas 20 000 mAh"},"content":{"rendered":"<p><img loading=\"lazy\" decoding=\"async\" class=\"alignnone size-full wp-image-70418\" src=\"https:\/\/kingarms.ee\/wp-content\/uploads\/2023\/01\/20000mAh-Solar-Panel-Ch3arger-Solar-Power-Bank-5W-Portable-External-Battery-Dual-USB-Output-for-iPhone.jpg_Q90.jpg_.jpeg\" alt=\"\" width=\"1000\" height=\"1000\" srcset=\"https:\/\/kingarms.ee\/wp-content\/uploads\/2023\/01\/20000mAh-Solar-Panel-Ch3arger-Solar-Power-Bank-5W-Portable-External-Battery-Dual-USB-Output-for-iPhone.jpg_Q90.jpg_.jpeg 1000w, https:\/\/kingarms.ee\/wp-content\/uploads\/2023\/01\/20000mAh-Solar-Panel-Ch3arger-Solar-Power-Bank-5W-Portable-External-Battery-Dual-USB-Output-for-iPhone.jpg_Q90.jpg_-300x300.jpeg 300w, https:\/\/kingarms.ee\/wp-content\/uploads\/2023\/01\/20000mAh-Solar-Panel-Ch3arger-Solar-Power-Bank-5W-Portable-External-Battery-Dual-USB-Output-for-iPhone.jpg_Q90.jpg_-150x150.jpeg 150w, https:\/\/kingarms.ee\/wp-content\/uploads\/2023\/01\/20000mAh-Solar-Panel-Ch3arger-Solar-Power-Bank-5W-Portable-External-Battery-Dual-USB-Output-for-iPhone.jpg_Q90.jpg_-768x768.jpeg 768w, https:\/\/kingarms.ee\/wp-content\/uploads\/2023\/01\/20000mAh-Solar-Panel-Ch3arger-Solar-Power-Bank-5W-Portable-External-Battery-Dual-USB-Output-for-iPhone.jpg_Q90.jpg_-500x500.jpeg 500w\" sizes=\"auto, (max-width: 1000px) 100vw, 1000px\" \/><\/p>\n","protected":false},"excerpt":{"rendered":"<p>Baterij\u0173 bankas su saul\u0117s baterijomis.<\/p>\n<p>Talpa 20 000 mAh akumuliatori\u0173 bankas yra patvarus saul\u0117s \u012fkroviklis, sukurtas taip, kad tarnaut\u0173. Tai suteikia jums laisv\u0117s ir energijos eiti bet kur, tod\u0117l puikiai tinka visiems j\u016bs\u0173 nuotykiams. Saul\u0117s \u012fkroviklyje yra 20 000 mAh li\u010dio polimero baterija, kurios pakanka i\u0161maniajam telefonui \u012fkrauti bent 6 kartus. Saul\u0117s \u012fkrovikl\u012f galima \u012fkrauti dviem b\u016bdais &#8211; per USB arba tiesiog j\u012f i\u0161imant ir leid\u017eiant \u012fmontuotam saul\u0117s kolektoriui atlikti savo darb\u0105.<\/p>\n","protected":false},"featured_media":126113,"template":"","meta":{"_acf_changed":false},"product_brand":[],"product_cat":[1264],"product_tag":[],"class_list":{"0":"post-149237","1":"product","2":"type-product","3":"status-publish","4":"has-post-thumbnail","6":"product_cat-galios-bankas","8":"first","9":"onbackorder","10":"taxable","11":"shipping-taxable","12":"product-type-simple"},"acf":[],"_links":{"self":[{"href":"https:\/\/kingarms.ee\/lt\/wp-json\/wp\/v2\/product\/149237","targetHints":{"allow":["GET"]}}],"collection":[{"href":"https:\/\/kingarms.ee\/lt\/wp-json\/wp\/v2\/product"}],"about":[{"href":"https:\/\/kingarms.ee\/lt\/wp-json\/wp\/v2\/types\/product"}],"wp:featuredmedia":[{"embeddable":true,"href":"https:\/\/kingarms.ee\/lt\/wp-json\/wp\/v2\/media\/126113"}],"wp:attachment":[{"href":"https:\/\/kingarms.ee\/lt\/wp-json\/wp\/v2\/media?parent=149237"}],"wp:term":[{"taxonomy":"product_brand","embeddable":true,"href":"https:\/\/kingarms.ee\/lt\/wp-json\/wp\/v2\/product_brand?post=149237"},{"taxonomy":"product_cat","embeddable":true,"href":"https:\/\/kingarms.ee\/lt\/wp-json\/wp\/v2\/product_cat?post=149237"},{"taxonomy":"product_tag","embeddable":true,"href":"https:\/\/kingarms.ee\/lt\/wp-json\/wp\/v2\/product_tag?post=149237"}],"curies":[{"name":"wp","href":"https:\/\/api.w.org\/{rel}","templated":true}]}}