{"id":149243,"date":"2022-12-29T15:51:32","date_gmt":"2025-05-17T10:04:57","guid":{"rendered":"https:\/\/kingarms.ee\/product\/printono-tec-shalmo-lempos-ikrovima-pro-mpls-3\/"},"modified":"2025-05-17T13:04:57","modified_gmt":"2025-05-17T10:04:57","slug":"printono-tec-shalmo-lempos-ikrovima-pro-mpls-3","status":"publish","type":"product","link":"https:\/\/kingarms.ee\/lt\/product\/printono-tec-shalmo-lempos-ikrovima-pro-mpls-3\/","title":{"rendered":"\u201ePrintONO TEC Shalmo lempos \u012fkrovima Pro MPLS\u201c"},"content":{"rendered":"<p><img loading=\"lazy\" decoding=\"async\" class=\"alignnone size-full wp-image-70003\" src=\"https:\/\/kingarms.ee\/wp-content\/uploads\/2022\/12\/Charge-Pro-tan.jpeg\" alt=\"\" width=\"2000\" height=\"2000\" srcset=\"https:\/\/kingarms.ee\/wp-content\/uploads\/2022\/12\/Charge-Pro-tan.jpeg 2000w, https:\/\/kingarms.ee\/wp-content\/uploads\/2022\/12\/Charge-Pro-tan-300x300.jpeg 300w, https:\/\/kingarms.ee\/wp-content\/uploads\/2022\/12\/Charge-Pro-tan-1024x1024.jpeg 1024w, https:\/\/kingarms.ee\/wp-content\/uploads\/2022\/12\/Charge-Pro-tan-150x150.jpeg 150w, https:\/\/kingarms.ee\/wp-content\/uploads\/2022\/12\/Charge-Pro-tan-768x768.jpeg 768w, https:\/\/kingarms.ee\/wp-content\/uploads\/2022\/12\/Charge-Pro-tan-1536x1536.jpeg 1536w, https:\/\/kingarms.ee\/wp-content\/uploads\/2022\/12\/Charge-Pro-tan-500x500.jpeg 500w\" sizes=\"auto, (max-width: 2000px) 100vw, 2000px\" \/><\/p>\n","protected":false},"excerpt":{"rendered":"<p><strong>\u201ePrintONO TEC Shalmo lempos \u012fkrovima Pro MPLS\u201c<\/strong><\/p>\n<p>Universalus, protingas ir patvarus \u012fkrovimas (kartu su kitais m\u016bs\u0173 MPLS \u0161almo \u017eibintais) buvo sukurtas naudojant m\u016bs\u0173 i\u0161skirtin\u012f lankst\u0173 kaklo dizain\u0105, leid\u017eiant\u012f nukreipti \u0161vies\u0105 ten, kur jums reikia, nepriklausomai nuo \u0161almo kampo.<\/p>\n<p>Galia: 55 liumenai<br \/>\n\u0160viesos diodas: 1 maksimalus ry\u0161kumas (reguliuojamas, pritemdomas)<br \/>\n3 kartus Ultrabright LED<br \/>\nDegimo laikas: 24h<br \/>\nBaterijos: 1 AA<br \/>\nSvoris: 47g<br \/>\nAtsparumas vandeniui: IPS7<\/p>\n","protected":false},"featured_media":126107,"template":"","meta":{"_acf_changed":false},"product_brand":[],"product_cat":[1172],"product_tag":[],"class_list":{"0":"post-149243","1":"product","2":"type-product","3":"status-publish","4":"has-post-thumbnail","6":"product_cat-priekiniai-zibintai","8":"first","9":"instock","10":"sale","11":"taxable","12":"shipping-taxable","13":"purchasable","14":"product-type-simple"},"acf":[],"_links":{"self":[{"href":"https:\/\/kingarms.ee\/lt\/wp-json\/wp\/v2\/product\/149243","targetHints":{"allow":["GET"]}}],"collection":[{"href":"https:\/\/kingarms.ee\/lt\/wp-json\/wp\/v2\/product"}],"about":[{"href":"https:\/\/kingarms.ee\/lt\/wp-json\/wp\/v2\/types\/product"}],"wp:featuredmedia":[{"embeddable":true,"href":"https:\/\/kingarms.ee\/lt\/wp-json\/wp\/v2\/media\/126107"}],"wp:attachment":[{"href":"https:\/\/kingarms.ee\/lt\/wp-json\/wp\/v2\/media?parent=149243"}],"wp:term":[{"taxonomy":"product_brand","embeddable":true,"href":"https:\/\/kingarms.ee\/lt\/wp-json\/wp\/v2\/product_brand?post=149243"},{"taxonomy":"product_cat","embeddable":true,"href":"https:\/\/kingarms.ee\/lt\/wp-json\/wp\/v2\/product_cat?post=149243"},{"taxonomy":"product_tag","embeddable":true,"href":"https:\/\/kingarms.ee\/lt\/wp-json\/wp\/v2\/product_tag?post=149243"}],"curies":[{"name":"wp","href":"https:\/\/api.w.org\/{rel}","templated":true}]}}