{"id":149244,"date":"2022-12-29T15:34:26","date_gmt":"2025-05-17T11:09:30","guid":{"rendered":"https:\/\/kingarms.ee\/product\/tlr-7a-pistoleto-lempute-srautas\/"},"modified":"2025-05-17T14:09:30","modified_gmt":"2025-05-17T11:09:30","slug":"tlr-7a-pistoleto-lempute-srautas","status":"publish","type":"product","link":"https:\/\/kingarms.ee\/lt\/product\/tlr-7a-pistoleto-lempute-srautas\/","title":{"rendered":"TLR-7A pistoleto lemput\u0117 (srautas)"},"content":{"rendered":"<p><img loading=\"lazy\" decoding=\"async\" class=\"alignnone size-full wp-image-69983\" src=\"https:\/\/kingarms.ee\/wp-content\/uploads\/2022\/12\/16__55695.png\" alt=\"\" width=\"1280\" height=\"1017\" srcset=\"https:\/\/kingarms.ee\/wp-content\/uploads\/2022\/12\/16__55695.png 1280w, https:\/\/kingarms.ee\/wp-content\/uploads\/2022\/12\/16__55695-300x238.png 300w, https:\/\/kingarms.ee\/wp-content\/uploads\/2022\/12\/16__55695-1024x814.png 1024w, https:\/\/kingarms.ee\/wp-content\/uploads\/2022\/12\/16__55695-768x610.png 768w, https:\/\/kingarms.ee\/wp-content\/uploads\/2022\/12\/16__55695-500x397.png 500w, https:\/\/kingarms.ee\/wp-content\/uploads\/2022\/12\/16__55695-150x119.png 150w\" sizes=\"auto, (max-width: 1280px) 100vw, 1280px\" \/><\/p>\n","protected":false},"excerpt":{"rendered":"<p><strong>TLR-7A pistoleto lemput\u0117<\/strong><\/p>\n<p>Ma\u017eas ir galingas 500 liumen\u0173 Taktinis pistoletas su galiniu jungikliu<br \/>\n500 liumen\u0173; 140 m spindulys; trunka 1,5 valandos<br \/>\nPasirinktin\u0117 optika gamina koncentruot\u0105 spindul\u012f su optimaliu periferiniu ap\u0161vietimu<br \/>\nDvipusis \u012fjungimo \/ i\u0161jungimo jungiklis<br \/>\nTLR-7 modelio su \u0161oniniu jungikliu negalima modifikuoti modeliuose su TLR-7A galiniu jungikliu<br \/>\nNaudoja vien\u0105 CR123A li\u010dio baterij\u0105 (pridedama)<br \/>\nSaugaus i\u0161jungimo funkcija apsaugo nuo atsitiktinio \u012fjungimo; taupo baterijas<br \/>\nAutobuso rankenos spaustuk\u0173 sistema greitai ir saugiai pritvirtinama \/ atsiskiria be \u012franki\u0173 ir pad\u0117jus rank\u0105 prie\u0161ais snuk\u012f<br \/>\nSaugiai tinka su \u012fvairiais viso dyd\u017eio ir kompakti\u0161kais ginklais<br \/>\nPatvari anoduota apdirbta aliuminio konstrukcija<br \/>\nGalimos juodos ir plok\u0161\u010dios tamsios \u017dem\u0117s (FDE) spalvos<br \/>\nVartotojo \u012fjungta Strobo funkcija<br \/>\n6,55 cm; 68,1 g<br \/>\nIPS7 atsparus vandeniui iki 1 m gylio 30 minu\u010di\u0173<\/p>\n","protected":false},"featured_media":126099,"template":"","meta":{"_acf_changed":false},"product_brand":[],"product_cat":[1173],"product_tag":[],"class_list":{"0":"post-149244","1":"product","2":"type-product","3":"status-publish","4":"has-post-thumbnail","6":"product_cat-zibintuvelis","8":"first","9":"onbackorder","10":"taxable","11":"shipping-taxable","12":"product-type-simple"},"acf":[],"_links":{"self":[{"href":"https:\/\/kingarms.ee\/lt\/wp-json\/wp\/v2\/product\/149244","targetHints":{"allow":["GET"]}}],"collection":[{"href":"https:\/\/kingarms.ee\/lt\/wp-json\/wp\/v2\/product"}],"about":[{"href":"https:\/\/kingarms.ee\/lt\/wp-json\/wp\/v2\/types\/product"}],"wp:featuredmedia":[{"embeddable":true,"href":"https:\/\/kingarms.ee\/lt\/wp-json\/wp\/v2\/media\/126099"}],"wp:attachment":[{"href":"https:\/\/kingarms.ee\/lt\/wp-json\/wp\/v2\/media?parent=149244"}],"wp:term":[{"taxonomy":"product_brand","embeddable":true,"href":"https:\/\/kingarms.ee\/lt\/wp-json\/wp\/v2\/product_brand?post=149244"},{"taxonomy":"product_cat","embeddable":true,"href":"https:\/\/kingarms.ee\/lt\/wp-json\/wp\/v2\/product_cat?post=149244"},{"taxonomy":"product_tag","embeddable":true,"href":"https:\/\/kingarms.ee\/lt\/wp-json\/wp\/v2\/product_tag?post=149244"}],"curies":[{"name":"wp","href":"https:\/\/api.w.org\/{rel}","templated":true}]}}