{"id":149249,"date":"2022-12-20T19:33:43","date_gmt":"2025-05-17T14:06:08","guid":{"rendered":"https:\/\/kingarms.ee\/product\/xt11-zibintuvelis-clarus\/"},"modified":"2025-05-17T17:06:08","modified_gmt":"2025-05-17T14:06:08","slug":"xt11-zibintuvelis-clarus","status":"publish","type":"product","link":"https:\/\/kingarms.ee\/lt\/product\/xt11-zibintuvelis-clarus\/","title":{"rendered":"Xt11 \u017eibintuv\u0117lis (\u201eClarus\u201c)"},"content":{"rendered":"<p><img loading=\"lazy\" decoding=\"async\" class=\"alignnone size-full wp-image-69735\" src=\"https:\/\/kingarms.ee\/wp-content\/uploads\/2022\/12\/XT11-Square_1000x.jpeg\" alt=\"\" width=\"1000\" height=\"1000\" srcset=\"https:\/\/kingarms.ee\/wp-content\/uploads\/2022\/12\/XT11-Square_1000x.jpeg 1000w, https:\/\/kingarms.ee\/wp-content\/uploads\/2022\/12\/XT11-Square_1000x-300x300.jpeg 300w, https:\/\/kingarms.ee\/wp-content\/uploads\/2022\/12\/XT11-Square_1000x-150x150.jpeg 150w, https:\/\/kingarms.ee\/wp-content\/uploads\/2022\/12\/XT11-Square_1000x-768x768.jpeg 768w, https:\/\/kingarms.ee\/wp-content\/uploads\/2022\/12\/XT11-Square_1000x-500x500.jpeg 500w\" sizes=\"auto, (max-width: 1000px) 100vw, 1000px\" \/><\/p>\n","protected":false},"excerpt":{"rendered":"<p><strong>Xt11 \u017eibintuv\u0117lis<\/strong><\/p>\n<p>I\u0161\u0117jimas: 1060 liumen\u0173<br \/>\nMatmenys: 149 mm ir 35 mm (galvut\u0117) ir 25 mm (korpusas)<br \/>\nSvoris: 132 g (be akumuliatoriaus)<br \/>\nMed\u017eiaga: Aliuminis<br \/>\nBaterija: 2 CR123A \/ 1 18650<br \/>\n\u012ekrovimas: mikro-USB \u012fkraunama baterija!<br \/>\nIPS8<\/p>\n<p>Paketas:<\/p>\n<p>Baterija 18650<br \/>\nUSB A &gt;; micro USBUKKROVIMO kabeliu<br \/>\nVutlar<br \/>\nRandmepael ja varutihend (o-ring)<\/p>\n","protected":false},"featured_media":126083,"template":"","meta":{"_acf_changed":false},"product_brand":[],"product_cat":[1173],"product_tag":[],"class_list":{"0":"post-149249","1":"product","2":"type-product","3":"status-publish","4":"has-post-thumbnail","6":"product_cat-zibintuvelis","8":"first","9":"instock","10":"taxable","11":"shipping-taxable","12":"purchasable","13":"product-type-simple"},"acf":[],"_links":{"self":[{"href":"https:\/\/kingarms.ee\/lt\/wp-json\/wp\/v2\/product\/149249","targetHints":{"allow":["GET"]}}],"collection":[{"href":"https:\/\/kingarms.ee\/lt\/wp-json\/wp\/v2\/product"}],"about":[{"href":"https:\/\/kingarms.ee\/lt\/wp-json\/wp\/v2\/types\/product"}],"wp:featuredmedia":[{"embeddable":true,"href":"https:\/\/kingarms.ee\/lt\/wp-json\/wp\/v2\/media\/126083"}],"wp:attachment":[{"href":"https:\/\/kingarms.ee\/lt\/wp-json\/wp\/v2\/media?parent=149249"}],"wp:term":[{"taxonomy":"product_brand","embeddable":true,"href":"https:\/\/kingarms.ee\/lt\/wp-json\/wp\/v2\/product_brand?post=149249"},{"taxonomy":"product_cat","embeddable":true,"href":"https:\/\/kingarms.ee\/lt\/wp-json\/wp\/v2\/product_cat?post=149249"},{"taxonomy":"product_tag","embeddable":true,"href":"https:\/\/kingarms.ee\/lt\/wp-json\/wp\/v2\/product_tag?post=149249"}],"curies":[{"name":"wp","href":"https:\/\/api.w.org\/{rel}","templated":true}]}}