{"id":149254,"date":"2023-03-21T19:52:56","date_gmt":"2025-05-18T09:15:28","guid":{"rendered":"https:\/\/kingarms.ee\/product\/5000-hd-10h42-ab\/"},"modified":"2025-05-18T12:15:28","modified_gmt":"2025-05-18T09:15:28","slug":"5000-hd-10h42-ab","status":"publish","type":"product","link":"https:\/\/kingarms.ee\/lt\/product\/5000-hd-10h42-ab\/","title":{"rendered":"5000 HD 10h42 AB"},"content":{"rendered":"<p><img loading=\"lazy\" decoding=\"async\" class=\"alignnone size-full wp-image-76288\" src=\"https:\/\/kingarms.ee\/wp-content\/uploads\/2023\/03\/vortex-fury-5000-hd-ab-10x42-rangefinder-binoculars-63ad62f3181544b3bfdccf7994402c72-3353ab3a.jpg\" alt=\"\" width=\"900\" height=\"900\" srcset=\"https:\/\/kingarms.ee\/wp-content\/uploads\/2023\/03\/vortex-fury-5000-hd-ab-10x42-rangefinder-binoculars-63ad62f3181544b3bfdccf7994402c72-3353ab3a.jpg 900w, https:\/\/kingarms.ee\/wp-content\/uploads\/2023\/03\/vortex-fury-5000-hd-ab-10x42-rangefinder-binoculars-63ad62f3181544b3bfdccf7994402c72-3353ab3a-300x300.jpg 300w, https:\/\/kingarms.ee\/wp-content\/uploads\/2023\/03\/vortex-fury-5000-hd-ab-10x42-rangefinder-binoculars-63ad62f3181544b3bfdccf7994402c72-3353ab3a-150x150.jpg 150w, https:\/\/kingarms.ee\/wp-content\/uploads\/2023\/03\/vortex-fury-5000-hd-ab-10x42-rangefinder-binoculars-63ad62f3181544b3bfdccf7994402c72-3353ab3a-768x768.jpg 768w, https:\/\/kingarms.ee\/wp-content\/uploads\/2023\/03\/vortex-fury-5000-hd-ab-10x42-rangefinder-binoculars-63ad62f3181544b3bfdccf7994402c72-3353ab3a-500x500.jpg 500w\" sizes=\"auto, (max-width: 900px) 100vw, 900px\" \/><\/p>\n","protected":false},"excerpt":{"rendered":"<p>S\u016bkurys Fury HD 5000 HD AB 10ARG 42 yra patobulinta nuotolio ie\u0161kiklio \u017ei\u016bron\u0173 versija, kurios nuotolis yra iki 4,5 km, patobulinta AB (Applied Balistics) balistikos programa, leid\u017eianti pritaikyti sm\u016bgio korekcij\u0105.<\/p>\n<p>Dvigubas funkcionalumas am\u017einai i\u0161laisvins jus nuo poreikio atskirai ne\u0161iotis \u017ei\u016bronus ir nuotolio ie\u0161kikl\u012f, nes viskas yra viename unikaliame \u012frenginyje. Fury turi visus dienos \u0161viesos \u017ei\u016bron\u0173 privalumus, \u012fskaitant didel\u0119 optin\u0119 skiriam\u0105j\u0105 geb\u0105. Ergonomi\u0161kai i\u0161d\u0117styti mygtukai leid\u017eia lengvai valdyti nuotolio ie\u0161kikl\u012f viena ranka.<\/p>\n<p>TECHNINIAI DUOMENYS:<\/p>\n<p>Matymo kampas [apkrova] 6.1<br \/>\nAki\u0173 atstumas [mm] 16<br \/>\nAtstumas tarp okuliaro [mm]. 58-72<br \/>\nU\u017epildas Duj\u0173 Azoto<br \/>\nLinijinis matymo laukas 1000 m [m]. 107<br \/>\nZoom [\u00d7]. 10<br \/>\nMin. fokusavimo atstumas [m] 5,63<br \/>\nI\u0161\u0117jimo pop [mm]. 4,2<br \/>\nPrizm\u0117 i\u0161d\u0117stymas stogo<br \/>\nReguliuojamos \u017ealiuz\u0117s taip<br \/>\nTaikomoji (paskirtis) med\u017eiokl\u0117, Sportinis \u0160audymas<br \/>\nTrikojo montavimo parinktis taip<br \/>\nObjektyvo skersmuo [mm]. 42<br \/>\nBendras auk\u0161tis [mm] 147<br \/>\nSvoris [g] 918<br \/>\nPlotis [mm] 127<br \/>\n\u017di\u016bron\u0173 rinkinio komponentai<br \/>\nmai\u0161as,<br \/>\n\u0161un\u0173 antkaklis,<br \/>\nOptikos valymo \u0161luost\u0117,<br \/>\ngamintojo vadovas,<br \/>\nstiklo dangteliai,<br \/>\n\u017ei\u016bronai<br \/>\nGarantinis laikotarpis gamintojo garantija<br \/>\nGamintojas S\u016bkurin\u0117 Optika, JAV<\/p>\n","protected":false},"featured_media":127857,"template":"","meta":{"_acf_changed":false},"product_brand":[],"product_cat":[1175,1185],"product_tag":[],"class_list":{"0":"post-149254","1":"product","2":"type-product","3":"status-publish","4":"has-post-thumbnail","6":"product_cat-nuotolio-ieskiklis","7":"product_cat-ziuronas","9":"first","10":"instock","11":"taxable","12":"shipping-taxable","13":"purchasable","14":"product-type-simple"},"acf":[],"_links":{"self":[{"href":"https:\/\/kingarms.ee\/lt\/wp-json\/wp\/v2\/product\/149254","targetHints":{"allow":["GET"]}}],"collection":[{"href":"https:\/\/kingarms.ee\/lt\/wp-json\/wp\/v2\/product"}],"about":[{"href":"https:\/\/kingarms.ee\/lt\/wp-json\/wp\/v2\/types\/product"}],"wp:featuredmedia":[{"embeddable":true,"href":"https:\/\/kingarms.ee\/lt\/wp-json\/wp\/v2\/media\/127857"}],"wp:attachment":[{"href":"https:\/\/kingarms.ee\/lt\/wp-json\/wp\/v2\/media?parent=149254"}],"wp:term":[{"taxonomy":"product_brand","embeddable":true,"href":"https:\/\/kingarms.ee\/lt\/wp-json\/wp\/v2\/product_brand?post=149254"},{"taxonomy":"product_cat","embeddable":true,"href":"https:\/\/kingarms.ee\/lt\/wp-json\/wp\/v2\/product_cat?post=149254"},{"taxonomy":"product_tag","embeddable":true,"href":"https:\/\/kingarms.ee\/lt\/wp-json\/wp\/v2\/product_tag?post=149254"}],"curies":[{"name":"wp","href":"https:\/\/api.w.org\/{rel}","templated":true}]}}