{"id":149256,"date":"2023-03-21T19:47:11","date_gmt":"2025-05-18T09:23:24","guid":{"rendered":"https:\/\/kingarms.ee\/product\/vortex-fury-5000-hd-10x42-lr\/"},"modified":"2025-05-18T12:23:24","modified_gmt":"2025-05-18T09:23:24","slug":"vortex-fury-5000-hd-10x42-lr","status":"publish","type":"product","link":"https:\/\/kingarms.ee\/lt\/product\/vortex-fury-5000-hd-10x42-lr\/","title":{"rendered":"\u201eVortex Fury 5000 HD 10&#215;42 LR\u201c"},"content":{"rendered":"<p><img loading=\"lazy\" decoding=\"async\" class=\"alignnone size-full wp-image-76264\" src=\"https:\/\/kingarms.ee\/wp-content\/uploads\/2023\/03\/vortex-fury-5000-hd-10x42-lr-rangefinder-binoculars-a6fbdf32c84547ccadf5f26d3c8cbeb3-3b99c731.jpg\" alt=\"\" width=\"900\" height=\"900\" srcset=\"https:\/\/kingarms.ee\/wp-content\/uploads\/2023\/03\/vortex-fury-5000-hd-10x42-lr-rangefinder-binoculars-a6fbdf32c84547ccadf5f26d3c8cbeb3-3b99c731.jpg 900w, https:\/\/kingarms.ee\/wp-content\/uploads\/2023\/03\/vortex-fury-5000-hd-10x42-lr-rangefinder-binoculars-a6fbdf32c84547ccadf5f26d3c8cbeb3-3b99c731-300x300.jpg 300w, https:\/\/kingarms.ee\/wp-content\/uploads\/2023\/03\/vortex-fury-5000-hd-10x42-lr-rangefinder-binoculars-a6fbdf32c84547ccadf5f26d3c8cbeb3-3b99c731-150x150.jpg 150w, https:\/\/kingarms.ee\/wp-content\/uploads\/2023\/03\/vortex-fury-5000-hd-10x42-lr-rangefinder-binoculars-a6fbdf32c84547ccadf5f26d3c8cbeb3-3b99c731-768x768.jpg 768w, https:\/\/kingarms.ee\/wp-content\/uploads\/2023\/03\/vortex-fury-5000-hd-10x42-lr-rangefinder-binoculars-a6fbdf32c84547ccadf5f26d3c8cbeb3-3b99c731-500x500.jpg 500w\" sizes=\"auto, (max-width: 900px) 100vw, 900px\" \/><\/p>\n","protected":false},"excerpt":{"rendered":"<p>\u201eVortex Fury 5000 HD 10&#215;42 LR\u201c<\/p>\n<p>S\u016bkurys Fury 5000 HD 10H42 LR yra patobulinta puiki\u0173 nuotolio ie\u0161kiklio \u017ei\u016bron\u0173 versija, leid\u017eianti sekti ir matuoti atstumus iki 5000 metr\u0173!<\/p>\n<p>\u0160i dviguba funkcija am\u017einai i\u0161laisvins jus nuo poreikio atskirai ne\u0161iotis \u017ei\u016bronus ir nuotolio ie\u0161kikl\u012f, nes viskas yra viename unikaliame \u012frenginyje. Fury turi visus dienos \u017ei\u016bron\u0173 privalumus, \u012fskaitant didel\u0119 optin\u0119 skiriam\u0105j\u0105 geb\u0105. Ergonomi\u0161kai i\u0161d\u0117styti mygtukai leid\u017eia lengvai valdyti nuotolio ie\u0161kikl\u012f viena ranka.<\/p>\n<p>TECHNINIAI DUOMENYS:<\/p>\n<p>Dioptrijos korekcija [hag]. 5<br \/>\nPripildymo Duj\u0173 Argono<br \/>\nLinijinis matymo laukas 1000 m [m]. 98<br \/>\nZoom [\u00d7]. 10<br \/>\nMin. fokusavimo atstumas [m] 6,1<br \/>\nI\u0161\u0117jimo pop [mm]. 4,2<br \/>\nPrizm\u0117 i\u0161d\u0117stymas stogo<br \/>\nPrieblandos efektyvumas 20.4<br \/>\nTaikomoji (objektyvi) med\u017eiokl\u0117, taktin\u0117<br \/>\nTrikojo montavimo parinktis taip<br \/>\nBendras auk\u0161tis [mm] 146<br \/>\nSvoris [g] 902<br \/>\nPlotis [mm] 150<br \/>\n\u017di\u016bron\u0173 rinkinio komponent\u0173 apykakl\u0117,<br \/>\nOptikos valymo \u0161luost\u0117, platintojo garantija, gamintojo garantija,<br \/>\natveju,<br \/>\nplatintojo vadovas,<br \/>\ngamintojo vadovas,<br \/>\nstiklo dangteliai<br \/>\nGarantinis laikotarpis VIP viso gyvenimo garantija * i\u0161 s\u016bkurin\u0117s Optikos<br \/>\nGamintojas S\u016bkurin\u0117 Optika, JAV<\/p>\n","protected":false},"featured_media":127838,"template":"","meta":{"_acf_changed":false},"product_brand":[],"product_cat":[1175,1185],"product_tag":[],"class_list":{"0":"post-149256","1":"product","2":"type-product","3":"status-publish","4":"has-post-thumbnail","6":"product_cat-nuotolio-ieskiklis","7":"product_cat-ziuronas","9":"first","10":"instock","11":"taxable","12":"shipping-taxable","13":"purchasable","14":"product-type-simple"},"acf":[],"_links":{"self":[{"href":"https:\/\/kingarms.ee\/lt\/wp-json\/wp\/v2\/product\/149256","targetHints":{"allow":["GET"]}}],"collection":[{"href":"https:\/\/kingarms.ee\/lt\/wp-json\/wp\/v2\/product"}],"about":[{"href":"https:\/\/kingarms.ee\/lt\/wp-json\/wp\/v2\/types\/product"}],"wp:featuredmedia":[{"embeddable":true,"href":"https:\/\/kingarms.ee\/lt\/wp-json\/wp\/v2\/media\/127838"}],"wp:attachment":[{"href":"https:\/\/kingarms.ee\/lt\/wp-json\/wp\/v2\/media?parent=149256"}],"wp:term":[{"taxonomy":"product_brand","embeddable":true,"href":"https:\/\/kingarms.ee\/lt\/wp-json\/wp\/v2\/product_brand?post=149256"},{"taxonomy":"product_cat","embeddable":true,"href":"https:\/\/kingarms.ee\/lt\/wp-json\/wp\/v2\/product_cat?post=149256"},{"taxonomy":"product_tag","embeddable":true,"href":"https:\/\/kingarms.ee\/lt\/wp-json\/wp\/v2\/product_tag?post=149256"}],"curies":[{"name":"wp","href":"https:\/\/api.w.org\/{rel}","templated":true}]}}