{"id":149258,"date":"2023-03-16T19:52:50","date_gmt":"2023-03-16T16:52:50","guid":{"rendered":"https:\/\/kingarms.ee\/product\/oro-pistoletas-diana-chaser-co2-45-mm\/"},"modified":"2025-05-18T14:14:19","modified_gmt":"2025-05-18T11:14:19","slug":"oro-pistoletas-diana-chaser-co2-45-mm","status":"publish","type":"product","link":"https:\/\/kingarms.ee\/lt\/product\/oro-pistoletas-diana-chaser-co2-45-mm\/","title":{"rendered":"Oro pistoletas Diana Chaser CO2 4,5 mm"},"content":{"rendered":"<p><img loading=\"lazy\" decoding=\"async\" class=\"alignnone size-full wp-image-76160\" src=\"https:\/\/kingarms.ee\/wp-content\/uploads\/2023\/03\/pistolet-wiatrowka-diana-chaser-co2-4-5-mm-zestaw-3e565ed0f0d34f98818f606a0080c116-a20c14db.jpg\" alt=\"\" width=\"900\" height=\"900\" srcset=\"https:\/\/kingarms.ee\/wp-content\/uploads\/2023\/03\/pistolet-wiatrowka-diana-chaser-co2-4-5-mm-zestaw-3e565ed0f0d34f98818f606a0080c116-a20c14db.jpg 900w, https:\/\/kingarms.ee\/wp-content\/uploads\/2023\/03\/pistolet-wiatrowka-diana-chaser-co2-4-5-mm-zestaw-3e565ed0f0d34f98818f606a0080c116-a20c14db-300x300.jpg 300w, https:\/\/kingarms.ee\/wp-content\/uploads\/2023\/03\/pistolet-wiatrowka-diana-chaser-co2-4-5-mm-zestaw-3e565ed0f0d34f98818f606a0080c116-a20c14db-150x150.jpg 150w, https:\/\/kingarms.ee\/wp-content\/uploads\/2023\/03\/pistolet-wiatrowka-diana-chaser-co2-4-5-mm-zestaw-3e565ed0f0d34f98818f606a0080c116-a20c14db-768x768.jpg 768w, https:\/\/kingarms.ee\/wp-content\/uploads\/2023\/03\/pistolet-wiatrowka-diana-chaser-co2-4-5-mm-zestaw-3e565ed0f0d34f98818f606a0080c116-a20c14db-500x500.jpg 500w\" sizes=\"auto, (max-width: 900px) 100vw, 900px\" \/><\/p>\n","protected":false},"excerpt":{"rendered":"<p>Trys viename oro ginklas Diana Chaser yra universalus universalus oro ginklas.<\/p>\n<p>\u0160is pistoletas gali b\u016bti paverstas \u0161autuvu d\u0117l tiekiam\u0173 atsarg\u0173 ir prailginto vamzd\u017eio.<br \/>\nBe to, Dianca Chaser turi garso duslintuv\u0105\/duslintuv\u0105 tyliems kadrams.<\/p>\n<p>TECHNINIAI DUOMENYS:<\/p>\n<p>Kalibras [mm] 4,5 mm<br \/>\nPramog\u0173 tikslumo klas\u0117<br \/>\nSt\u016bmoklio \/ pe\u010di\u0173 apdailos polimeras<br \/>\nMontavimo b\u0117gi\u0173 skai\u010dius 1<br \/>\nAr man reikia leidimo? ne<br \/>\nAutobuso tipas 11 mm (baland\u017ei\u0173 uodega)<br \/>\nInsulto diabolo tipas<br \/>\nKadr\u0173 skai\u010dius i\u0161 maitinimo bloko 40<br \/>\nMaitinimo tipas CO2<br \/>\nGamintojas Diana, Vokietija<\/p>\n","protected":false},"featured_media":127802,"template":"","meta":{"_acf_changed":false},"product_brand":[],"product_cat":[1145],"product_tag":[],"class_list":{"0":"post-149258","1":"product","2":"type-product","3":"status-publish","4":"has-post-thumbnail","6":"product_cat-snaiperio-sautuvai-4-5-mm","8":"first","9":"instock","10":"taxable","11":"shipping-taxable","12":"purchasable","13":"product-type-simple"},"acf":[],"_links":{"self":[{"href":"https:\/\/kingarms.ee\/lt\/wp-json\/wp\/v2\/product\/149258","targetHints":{"allow":["GET"]}}],"collection":[{"href":"https:\/\/kingarms.ee\/lt\/wp-json\/wp\/v2\/product"}],"about":[{"href":"https:\/\/kingarms.ee\/lt\/wp-json\/wp\/v2\/types\/product"}],"wp:featuredmedia":[{"embeddable":true,"href":"https:\/\/kingarms.ee\/lt\/wp-json\/wp\/v2\/media\/127802"}],"wp:attachment":[{"href":"https:\/\/kingarms.ee\/lt\/wp-json\/wp\/v2\/media?parent=149258"}],"wp:term":[{"taxonomy":"product_brand","embeddable":true,"href":"https:\/\/kingarms.ee\/lt\/wp-json\/wp\/v2\/product_brand?post=149258"},{"taxonomy":"product_cat","embeddable":true,"href":"https:\/\/kingarms.ee\/lt\/wp-json\/wp\/v2\/product_cat?post=149258"},{"taxonomy":"product_tag","embeddable":true,"href":"https:\/\/kingarms.ee\/lt\/wp-json\/wp\/v2\/product_tag?post=149258"}],"curies":[{"name":"wp","href":"https:\/\/api.w.org\/{rel}","templated":true}]}}