{"id":149264,"date":"2023-03-16T19:21:24","date_gmt":"2025-05-18T11:31:09","guid":{"rendered":"https:\/\/kingarms.ee\/product\/holosito-skustuvas-uh-1-gen-ii-sukurys\/"},"modified":"2025-05-18T14:31:09","modified_gmt":"2025-05-18T11:31:09","slug":"holosito-skustuvas-uh-1-gen-ii-sukurys","status":"publish","type":"product","link":"https:\/\/kingarms.ee\/lt\/product\/holosito-skustuvas-uh-1-gen-ii-sukurys\/","title":{"rendered":"Holosito skustuvas UH-1 Gen II (s\u016bkurys)"},"content":{"rendered":"<p><img loading=\"lazy\" decoding=\"async\" class=\"alignnone size-full wp-image-76082\" src=\"https:\/\/kingarms.ee\/wp-content\/uploads\/2023\/03\/vortex-razor-uh-1-gen-ii-holographic-collimator-ecb46dc34e864bb18aef2bf3d919160f-368eeda3.jpg\" alt=\"\" width=\"900\" height=\"900\" srcset=\"https:\/\/kingarms.ee\/wp-content\/uploads\/2023\/03\/vortex-razor-uh-1-gen-ii-holographic-collimator-ecb46dc34e864bb18aef2bf3d919160f-368eeda3.jpg 900w, https:\/\/kingarms.ee\/wp-content\/uploads\/2023\/03\/vortex-razor-uh-1-gen-ii-holographic-collimator-ecb46dc34e864bb18aef2bf3d919160f-368eeda3-300x300.jpg 300w, https:\/\/kingarms.ee\/wp-content\/uploads\/2023\/03\/vortex-razor-uh-1-gen-ii-holographic-collimator-ecb46dc34e864bb18aef2bf3d919160f-368eeda3-150x150.jpg 150w, https:\/\/kingarms.ee\/wp-content\/uploads\/2023\/03\/vortex-razor-uh-1-gen-ii-holographic-collimator-ecb46dc34e864bb18aef2bf3d919160f-368eeda3-768x768.jpg 768w, https:\/\/kingarms.ee\/wp-content\/uploads\/2023\/03\/vortex-razor-uh-1-gen-ii-holographic-collimator-ecb46dc34e864bb18aef2bf3d919160f-368eeda3-500x500.jpg 500w\" sizes=\"auto, (max-width: 900px) 100vw, 900px\" \/><\/p>\n","protected":false},"excerpt":{"rendered":"<p>Holosito skustuvas UH-1 Gen II (s\u016bkurys)<\/p>\n<p>Holosihik Razor UH-1 Gen II (s\u016bkurys) yra patobulinta bekompromisio holografinio taikiklio versija, apimanti s\u016bkurin\u0117s FHK technologij\u0105, kuri visi\u0161kai pa\u0161alina i\u0161sklaidytos \u0161viesos spinduliavim\u0105, padidint\u0105 vaizdo ie\u0161kikl\u012f, palengvinant\u012f taikinio \u012fterpim\u0105, ir 4 ry\u0161kumo nustatymus, skirtus naktiniam matymui.<\/p>\n<p>TECHNINIAI DUOMENYS<\/p>\n<p>Pagrindin\u0117 informacija<br \/>\nAtstumas nuo akies [mm] neribotas<br \/>\nPripildymo Duj\u0173 Argono<br \/>\nZoom [\u00d7]. 1<br \/>\nTa\u0161kin\u0117 Spalva Raudona<br \/>\nTaikinio taikiklio tipas (Tinklelis) EBR CKB (65 MOA \u017eiedas + 1 MOA ta\u0161kas).<br \/>\nMaitinimas<br \/>\nL\u0105steli\u0173 maitinimo \u0161altinis CR123A tik 1<br \/>\nPapildomi duomenys<br \/>\nLaipsni\u0161kas koregavimas [MOA]. 0,5<br \/>\nKorpuso med\u017eiaga anoduotas duraluminas<br \/>\nDid\u017eiausias vertikalus (auk\u0161\u010dio) reguliavimas [MOA]. 100<br \/>\nMaksimalus horizontalus (\u012frangos) reguliavimas [MOA]. 100<br \/>\nPer\u0117jimas \u012f piln\u0105 rotacij\u0105 [MOA]. 16,5<br \/>\nTa\u0161ko dydis [MOA]. 1<br \/>\nDydis<br \/>\nBendras auk\u0161tis [mm] 69<br \/>\nBendras ilgis [mm]. 99<br \/>\nSvoris [g] 312<br \/>\nPlotis [mm] 53<\/p>\n","protected":false},"featured_media":127744,"template":"","meta":{"_acf_changed":false},"product_brand":[],"product_cat":[1167],"product_tag":[],"class_list":{"0":"post-149264","1":"product","2":"type-product","3":"status-publish","4":"has-post-thumbnail","6":"product_cat-raudoni-taskiniai-taikiniai","8":"first","9":"onbackorder","10":"sale","11":"taxable","12":"shipping-taxable","13":"product-type-simple"},"acf":[],"_links":{"self":[{"href":"https:\/\/kingarms.ee\/lt\/wp-json\/wp\/v2\/product\/149264","targetHints":{"allow":["GET"]}}],"collection":[{"href":"https:\/\/kingarms.ee\/lt\/wp-json\/wp\/v2\/product"}],"about":[{"href":"https:\/\/kingarms.ee\/lt\/wp-json\/wp\/v2\/types\/product"}],"wp:featuredmedia":[{"embeddable":true,"href":"https:\/\/kingarms.ee\/lt\/wp-json\/wp\/v2\/media\/127744"}],"wp:attachment":[{"href":"https:\/\/kingarms.ee\/lt\/wp-json\/wp\/v2\/media?parent=149264"}],"wp:term":[{"taxonomy":"product_brand","embeddable":true,"href":"https:\/\/kingarms.ee\/lt\/wp-json\/wp\/v2\/product_brand?post=149264"},{"taxonomy":"product_cat","embeddable":true,"href":"https:\/\/kingarms.ee\/lt\/wp-json\/wp\/v2\/product_cat?post=149264"},{"taxonomy":"product_tag","embeddable":true,"href":"https:\/\/kingarms.ee\/lt\/wp-json\/wp\/v2\/product_tag?post=149264"}],"curies":[{"name":"wp","href":"https:\/\/api.w.org\/{rel}","templated":true}]}}