{"id":149266,"date":"2023-03-16T19:13:01","date_gmt":"2025-05-18T11:36:48","guid":{"rendered":"https:\/\/kingarms.ee\/product\/red-spitfire-hd-gen-ii-5x-vortex\/"},"modified":"2025-05-18T14:36:48","modified_gmt":"2025-05-18T11:36:48","slug":"red-spitfire-hd-gen-ii-5x-vortex","status":"publish","type":"product","link":"https:\/\/kingarms.ee\/lt\/product\/red-spitfire-hd-gen-ii-5x-vortex\/","title":{"rendered":"\u201eRed Spitfire HD Gen II 5X\u201c (\u201eVortex\u201c)"},"content":{"rendered":"<p><img loading=\"lazy\" decoding=\"async\" class=\"alignnone size-full wp-image-76054\" src=\"https:\/\/kingarms.ee\/wp-content\/uploads\/2023\/03\/vortex-spitfire-hd-gen-ii-5x-collimator-76398ebdf8194e9c8f376da9b8f6ed57-ff975e96-1.jpg\" alt=\"\" width=\"900\" height=\"900\" srcset=\"https:\/\/kingarms.ee\/wp-content\/uploads\/2023\/03\/vortex-spitfire-hd-gen-ii-5x-collimator-76398ebdf8194e9c8f376da9b8f6ed57-ff975e96-1.jpg 900w, https:\/\/kingarms.ee\/wp-content\/uploads\/2023\/03\/vortex-spitfire-hd-gen-ii-5x-collimator-76398ebdf8194e9c8f376da9b8f6ed57-ff975e96-1-300x300.jpg 300w, https:\/\/kingarms.ee\/wp-content\/uploads\/2023\/03\/vortex-spitfire-hd-gen-ii-5x-collimator-76398ebdf8194e9c8f376da9b8f6ed57-ff975e96-1-150x150.jpg 150w, https:\/\/kingarms.ee\/wp-content\/uploads\/2023\/03\/vortex-spitfire-hd-gen-ii-5x-collimator-76398ebdf8194e9c8f376da9b8f6ed57-ff975e96-1-768x768.jpg 768w, https:\/\/kingarms.ee\/wp-content\/uploads\/2023\/03\/vortex-spitfire-hd-gen-ii-5x-collimator-76398ebdf8194e9c8f376da9b8f6ed57-ff975e96-1-500x500.jpg 500w\" sizes=\"auto, (max-width: 900px) 100vw, 900px\" \/><\/p>\n","protected":false},"excerpt":{"rendered":"<p>Spitfire HD Gen II 5 (S\u016bkurys) yra naujos kartos prizminis Kolimatoriaus taikiklis, skirtas karabinams su 5,56 amunicijos.<\/p>\n<p>S\u016bkurys Spitfire HD Gen II yra vertas populiaraus prism \u017evilgsnio \u012fp\u0117dinis. Naujos kartos optika, prietaiso korpusas ir reg\u0117jimas buvo atnaujinti. Rezultatas-lengvesnis ir ma\u017eesnis Kolimatorius su 5 kart\u0173 padidinimu, kuriame naudojama HD optika ir ar-BDC MOA tinklas, kuriame atsi\u017evelgiama \u012f 5,56 amunicijos balistik\u0105.<\/p>\n<p>TECHNINIAI DUOMENYS<\/p>\n<p>Pagrindin\u0117 informacija<br \/>\nAki\u0173 atstumas [mm] 69<br \/>\nU\u017epildas Duj\u0173 Azoto<br \/>\nLinijinis matymo laukas 100 m [m]. 7,8<br \/>\nZoom [\u00d7]. 5<br \/>\nTa\u0161kin\u0117 Spalva Raudona<br \/>\nTaikymas kry\u017eminio tipo AR-BDC4<br \/>\nMaitinimas<br \/>\nL\u0105steli\u0173 maitinimo \u0161altinis CR2032ARGE 1<br \/>\nPapildomi duomenys<br \/>\nLaipsni\u0161kas koregavimas [MOA]. 1<br \/>\nKorpuso med\u017eiaga anoduotas duraluminas<br \/>\nDid\u017eiausias vertikalus (auk\u0161\u010dio) reguliavimas [MOA]. 200<br \/>\nMaksimalus horizontalus (\u012frangos) reguliavimas [MOA]. 200<br \/>\nPer\u0117jimas \u012f piln\u0105 rotacij\u0105 [MOA]. 42<br \/>\nTa\u0161ko dydis [MOA]. 1<br \/>\nDydis<br \/>\nObjektyvo skersmuo [mm]. 25<br \/>\nBendras ilgis [mm]. 92<br \/>\nSvoris [g] 292<\/p>\n","protected":false},"featured_media":127721,"template":"","meta":{"_acf_changed":false},"product_brand":[],"product_cat":[1167],"product_tag":[],"class_list":{"0":"post-149266","1":"product","2":"type-product","3":"status-publish","4":"has-post-thumbnail","6":"product_cat-raudoni-taskiniai-taikiniai","8":"first","9":"instock","10":"taxable","11":"shipping-taxable","12":"purchasable","13":"product-type-simple"},"acf":[],"_links":{"self":[{"href":"https:\/\/kingarms.ee\/lt\/wp-json\/wp\/v2\/product\/149266","targetHints":{"allow":["GET"]}}],"collection":[{"href":"https:\/\/kingarms.ee\/lt\/wp-json\/wp\/v2\/product"}],"about":[{"href":"https:\/\/kingarms.ee\/lt\/wp-json\/wp\/v2\/types\/product"}],"wp:featuredmedia":[{"embeddable":true,"href":"https:\/\/kingarms.ee\/lt\/wp-json\/wp\/v2\/media\/127721"}],"wp:attachment":[{"href":"https:\/\/kingarms.ee\/lt\/wp-json\/wp\/v2\/media?parent=149266"}],"wp:term":[{"taxonomy":"product_brand","embeddable":true,"href":"https:\/\/kingarms.ee\/lt\/wp-json\/wp\/v2\/product_brand?post=149266"},{"taxonomy":"product_cat","embeddable":true,"href":"https:\/\/kingarms.ee\/lt\/wp-json\/wp\/v2\/product_cat?post=149266"},{"taxonomy":"product_tag","embeddable":true,"href":"https:\/\/kingarms.ee\/lt\/wp-json\/wp\/v2\/product_tag?post=149266"}],"curies":[{"name":"wp","href":"https:\/\/api.w.org\/{rel}","templated":true}]}}