{"id":149272,"date":"2023-03-13T14:48:53","date_gmt":"2025-05-18T12:05:02","guid":{"rendered":"https:\/\/kingarms.ee\/product\/saugokite-lang-wood-arrow-29-gr-sharp-5x\/"},"modified":"2025-05-18T15:05:02","modified_gmt":"2025-05-18T12:05:02","slug":"saugokite-lang-wood-arrow-29-gr-sharp-5x","status":"publish","type":"product","link":"https:\/\/kingarms.ee\/lt\/product\/saugokite-lang-wood-arrow-29-gr-sharp-5x\/","title":{"rendered":"Saugokite \u201eLang Wood Arrow 29 GR Sharp 5x\u201c"},"content":{"rendered":"<p><img loading=\"lazy\" decoding=\"async\" class=\"alignnone size-full wp-image-75961\" src=\"https:\/\/kingarms.ee\/wp-content\/uploads\/2023\/03\/poe-lang-wooden-arrow-29-gr-sharp-5x-targets-43163ecb96cb4905a7a84c3b2c98aa73-eca82e80.jpg\" alt=\"\" width=\"900\" height=\"900\" srcset=\"https:\/\/kingarms.ee\/wp-content\/uploads\/2023\/03\/poe-lang-wooden-arrow-29-gr-sharp-5x-targets-43163ecb96cb4905a7a84c3b2c98aa73-eca82e80.jpg 900w, https:\/\/kingarms.ee\/wp-content\/uploads\/2023\/03\/poe-lang-wooden-arrow-29-gr-sharp-5x-targets-43163ecb96cb4905a7a84c3b2c98aa73-eca82e80-300x300.jpg 300w, https:\/\/kingarms.ee\/wp-content\/uploads\/2023\/03\/poe-lang-wooden-arrow-29-gr-sharp-5x-targets-43163ecb96cb4905a7a84c3b2c98aa73-eca82e80-150x150.jpg 150w, https:\/\/kingarms.ee\/wp-content\/uploads\/2023\/03\/poe-lang-wooden-arrow-29-gr-sharp-5x-targets-43163ecb96cb4905a7a84c3b2c98aa73-eca82e80-768x768.jpg 768w, https:\/\/kingarms.ee\/wp-content\/uploads\/2023\/03\/poe-lang-wooden-arrow-29-gr-sharp-5x-targets-43163ecb96cb4905a7a84c3b2c98aa73-eca82e80-500x500.jpg 500w\" sizes=\"auto, (max-width: 900px) 100vw, 900px\" \/><\/p>\n","protected":false},"excerpt":{"rendered":"<p>Saugokite \u201eLang Wood Arrow 29 GR Sharp 5x\u201c<\/p>\n<p>Medin\u0117 rodykl\u0117 su a\u0161triu 29 coli\u0173 rodykl\u0117s antgaliu. Rodykl\u0117 lankui, baigta plienine str\u0117l\u0117s antgaliu su lizdu.<\/p>\n<p>Sija buvo pagaminta i\u0161 pasirinktos medienos. Eleronai yra pagaminti i\u0161 guminio plastiko, kuris u\u017etikrina stabil\u0173 skryd\u012f dideliais atstumais. Rodykl\u0117 baigta plastikiniu dangteliu, stabiliai pritvirtinant j\u0105 prie laido. Skirta pramoginiam \u0161audymui i\u0161 lanko.<\/p>\n<p>Rinkinyje yra 5 rodykl\u0117s.<\/p>\n<p>TECHNINIAI DUOMENYS:<\/p>\n<p>Ailerono tipas sintetinis<br \/>\nA\u0161men\u0173 tipas A\u0161menys a\u0161tr\u016bs<br \/>\nRodykl\u0117 med\u017eiaga mediena<br \/>\nSkersmuo [\u012f]. 5\/16<br \/>\nSkersmuo [mm]. 8<br \/>\nBendras ilgis [in] 29<br \/>\nBendras ilgis [mm]. 737<br \/>\nGamintojas Poe Lang Enterprise Co. Ltd., Taivanas<\/p>\n","protected":false},"featured_media":127699,"template":"","meta":{"_acf_changed":false},"product_brand":[],"product_cat":[1154],"product_tag":[],"class_list":{"0":"post-149272","1":"product","2":"type-product","3":"status-publish","4":"has-post-thumbnail","6":"product_cat-rodykles-patarimai","8":"first","9":"instock","10":"taxable","11":"shipping-taxable","12":"purchasable","13":"product-type-simple"},"acf":[],"_links":{"self":[{"href":"https:\/\/kingarms.ee\/lt\/wp-json\/wp\/v2\/product\/149272","targetHints":{"allow":["GET"]}}],"collection":[{"href":"https:\/\/kingarms.ee\/lt\/wp-json\/wp\/v2\/product"}],"about":[{"href":"https:\/\/kingarms.ee\/lt\/wp-json\/wp\/v2\/types\/product"}],"wp:featuredmedia":[{"embeddable":true,"href":"https:\/\/kingarms.ee\/lt\/wp-json\/wp\/v2\/media\/127699"}],"wp:attachment":[{"href":"https:\/\/kingarms.ee\/lt\/wp-json\/wp\/v2\/media?parent=149272"}],"wp:term":[{"taxonomy":"product_brand","embeddable":true,"href":"https:\/\/kingarms.ee\/lt\/wp-json\/wp\/v2\/product_brand?post=149272"},{"taxonomy":"product_cat","embeddable":true,"href":"https:\/\/kingarms.ee\/lt\/wp-json\/wp\/v2\/product_cat?post=149272"},{"taxonomy":"product_tag","embeddable":true,"href":"https:\/\/kingarms.ee\/lt\/wp-json\/wp\/v2\/product_tag?post=149272"}],"curies":[{"name":"wp","href":"https:\/\/api.w.org\/{rel}","templated":true}]}}