{"id":149274,"date":"2023-03-13T14:35:59","date_gmt":"2025-05-18T12:08:34","guid":{"rendered":"https:\/\/kingarms.ee\/product\/poe-lang-lanko-strele-30-ryskiai-melyna-5-kartus\/"},"modified":"2025-05-18T15:08:34","modified_gmt":"2025-05-18T12:08:34","slug":"poe-lang-lanko-strele-30-ryskiai-melyna-5-kartus","status":"publish","type":"product","link":"https:\/\/kingarms.ee\/lt\/product\/poe-lang-lanko-strele-30-ryskiai-melyna-5-kartus\/","title":{"rendered":"Poe Lang lanko Str\u0117l\u0117 30 ry\u0161kiai m\u0117lyna 5 kartus"},"content":{"rendered":"<p><img loading=\"lazy\" decoding=\"async\" class=\"alignnone size-full wp-image-75943\" src=\"https:\/\/kingarms.ee\/wp-content\/uploads\/2023\/03\/poe-lang-alu-arrow-30-gr-disc-sharp-blue-5x-d985c304a0e5466e83d81ecf4092e633-d15a123d.jpg\" alt=\"\" width=\"900\" height=\"900\" srcset=\"https:\/\/kingarms.ee\/wp-content\/uploads\/2023\/03\/poe-lang-alu-arrow-30-gr-disc-sharp-blue-5x-d985c304a0e5466e83d81ecf4092e633-d15a123d.jpg 900w, https:\/\/kingarms.ee\/wp-content\/uploads\/2023\/03\/poe-lang-alu-arrow-30-gr-disc-sharp-blue-5x-d985c304a0e5466e83d81ecf4092e633-d15a123d-300x300.jpg 300w, https:\/\/kingarms.ee\/wp-content\/uploads\/2023\/03\/poe-lang-alu-arrow-30-gr-disc-sharp-blue-5x-d985c304a0e5466e83d81ecf4092e633-d15a123d-150x150.jpg 150w, https:\/\/kingarms.ee\/wp-content\/uploads\/2023\/03\/poe-lang-alu-arrow-30-gr-disc-sharp-blue-5x-d985c304a0e5466e83d81ecf4092e633-d15a123d-768x768.jpg 768w, https:\/\/kingarms.ee\/wp-content\/uploads\/2023\/03\/poe-lang-alu-arrow-30-gr-disc-sharp-blue-5x-d985c304a0e5466e83d81ecf4092e633-d15a123d-500x500.jpg 500w\" sizes=\"auto, (max-width: 900px) 100vw, 900px\" \/><\/p>\n","protected":false},"excerpt":{"rendered":"<p>Poe Lang lanko Str\u0117l\u0117 30 ry\u0161kiai m\u0117lyna 5 kartus<\/p>\n<p>30 coli\u0173 aliuminio lydinio rodykl\u0117 turi a\u0161tr\u0173 u\u017esukam\u0105 rodykl\u0117s antgal\u012f, guminius plastikinius tiesintuvus ir dangtel\u012f, kuris tvirtai pritvirtina rodykl\u0119 prie virvel\u0117s. Nor\u0117dami prat\u0119sti rodykl\u0117s gyvenim\u0105, rekomenduojame fotografuoti tik \u0161iaud\u0173 ir \u0161audymo i\u0161 lanko kilim\u0117lius. Rinkin\u012f sudaro 5 m\u0117lynos rodykl\u0117s.<\/p>\n<p>TECHNINIAI DUOMENYS:<\/p>\n<p>Ailerono tipas sintetinis<br \/>\nA\u0161men\u0173 tipas A\u0161menys a\u0161tr\u016bs<br \/>\nRodykl\u0117s med\u017eiaga aliuminis<br \/>\nSkersmuo [\u012f]. 5\/16<br \/>\nSkersmuo [mm]. 8<br \/>\nBendras ilgis [in] 30<br \/>\nBendras ilgis [mm]. 762<br \/>\nGamintojas Poe Lang Enterprise Co. Ltd., Taivanas<\/p>\n","protected":false},"featured_media":127687,"template":"","meta":{"_acf_changed":false},"product_brand":[],"product_cat":[1154],"product_tag":[],"class_list":{"0":"post-149274","1":"product","2":"type-product","3":"status-publish","4":"has-post-thumbnail","6":"product_cat-rodykles-patarimai","8":"first","9":"instock","10":"taxable","11":"shipping-taxable","12":"purchasable","13":"product-type-simple"},"acf":[],"_links":{"self":[{"href":"https:\/\/kingarms.ee\/lt\/wp-json\/wp\/v2\/product\/149274","targetHints":{"allow":["GET"]}}],"collection":[{"href":"https:\/\/kingarms.ee\/lt\/wp-json\/wp\/v2\/product"}],"about":[{"href":"https:\/\/kingarms.ee\/lt\/wp-json\/wp\/v2\/types\/product"}],"wp:featuredmedia":[{"embeddable":true,"href":"https:\/\/kingarms.ee\/lt\/wp-json\/wp\/v2\/media\/127687"}],"wp:attachment":[{"href":"https:\/\/kingarms.ee\/lt\/wp-json\/wp\/v2\/media?parent=149274"}],"wp:term":[{"taxonomy":"product_brand","embeddable":true,"href":"https:\/\/kingarms.ee\/lt\/wp-json\/wp\/v2\/product_brand?post=149274"},{"taxonomy":"product_cat","embeddable":true,"href":"https:\/\/kingarms.ee\/lt\/wp-json\/wp\/v2\/product_cat?post=149274"},{"taxonomy":"product_tag","embeddable":true,"href":"https:\/\/kingarms.ee\/lt\/wp-json\/wp\/v2\/product_tag?post=149274"}],"curies":[{"name":"wp","href":"https:\/\/api.w.org\/{rel}","templated":true}]}}