{"id":149291,"date":"2024-05-31T11:34:11","date_gmt":"2024-05-31T08:34:11","guid":{"rendered":"https:\/\/kingarms.ee\/product\/pipiru-purskalas-valteris-polizei-40ml\/"},"modified":"2025-05-18T17:08:26","modified_gmt":"2025-05-18T14:08:26","slug":"pipiru-purskalas-valteris-polizei-40ml","status":"publish","type":"product","link":"https:\/\/kingarms.ee\/lt\/product\/pipiru-purskalas-valteris-polizei-40ml\/","title":{"rendered":"Pipir\u0173 pur\u0161kalas Valteris Polizei (40ml)"},"content":{"rendered":"<p><img loading=\"lazy\" decoding=\"async\" class=\"alignnone size-full wp-image-101380\" src=\"https:\/\/kingarms.ee\/wp-content\/uploads\/2024\/05\/walther-polizei-police-pepper-spray-40ml-cone-ff29736d625147dc81acf4b1d1ed32fc-6b745f50.jpg\" alt=\"\" width=\"900\" height=\"900\" srcset=\"https:\/\/kingarms.ee\/wp-content\/uploads\/2024\/05\/walther-polizei-police-pepper-spray-40ml-cone-ff29736d625147dc81acf4b1d1ed32fc-6b745f50.jpg 900w, https:\/\/kingarms.ee\/wp-content\/uploads\/2024\/05\/walther-polizei-police-pepper-spray-40ml-cone-ff29736d625147dc81acf4b1d1ed32fc-6b745f50-300x300.jpg 300w, https:\/\/kingarms.ee\/wp-content\/uploads\/2024\/05\/walther-polizei-police-pepper-spray-40ml-cone-ff29736d625147dc81acf4b1d1ed32fc-6b745f50-150x150.jpg 150w, https:\/\/kingarms.ee\/wp-content\/uploads\/2024\/05\/walther-polizei-police-pepper-spray-40ml-cone-ff29736d625147dc81acf4b1d1ed32fc-6b745f50-768x768.jpg 768w, https:\/\/kingarms.ee\/wp-content\/uploads\/2024\/05\/walther-polizei-police-pepper-spray-40ml-cone-ff29736d625147dc81acf4b1d1ed32fc-6b745f50-500x500.jpg 500w\" sizes=\"auto, (max-width: 900px) 100vw, 900px\" \/><\/p>\n","protected":false},"excerpt":{"rendered":"<p>Pipir\u0173 pur\u0161kalas-40ml<\/p>\n<p>platus k\u016bgio formos pur\u0161kimo ra\u0161tas<br \/>\nplati veiklos sritis<br \/>\ndiapazonas iki 4 m<br \/>\napsauginis pur\u0161kimo dangtelis daugiausia apsaugo<br \/>\nprie\u0161 nevaling\u0105 aktyvavim\u0105<br \/>\ndirginantis: 3% Oleoresin Capsicum<br \/>\nMatmenys: apytiksliai. 9 po 3 cm<\/p>\n","protected":false},"featured_media":135416,"template":"","meta":{"_acf_changed":false},"product_brand":[],"product_cat":[1254],"product_tag":[],"class_list":{"0":"post-149291","1":"product","2":"type-product","3":"status-publish","4":"has-post-thumbnail","6":"product_cat-pipiru-purskiklis","8":"first","9":"outofstock","10":"taxable","11":"shipping-taxable","12":"purchasable","13":"product-type-simple"},"acf":[],"_links":{"self":[{"href":"https:\/\/kingarms.ee\/lt\/wp-json\/wp\/v2\/product\/149291","targetHints":{"allow":["GET"]}}],"collection":[{"href":"https:\/\/kingarms.ee\/lt\/wp-json\/wp\/v2\/product"}],"about":[{"href":"https:\/\/kingarms.ee\/lt\/wp-json\/wp\/v2\/types\/product"}],"wp:featuredmedia":[{"embeddable":true,"href":"https:\/\/kingarms.ee\/lt\/wp-json\/wp\/v2\/media\/135416"}],"wp:attachment":[{"href":"https:\/\/kingarms.ee\/lt\/wp-json\/wp\/v2\/media?parent=149291"}],"wp:term":[{"taxonomy":"product_brand","embeddable":true,"href":"https:\/\/kingarms.ee\/lt\/wp-json\/wp\/v2\/product_brand?post=149291"},{"taxonomy":"product_cat","embeddable":true,"href":"https:\/\/kingarms.ee\/lt\/wp-json\/wp\/v2\/product_cat?post=149291"},{"taxonomy":"product_tag","embeddable":true,"href":"https:\/\/kingarms.ee\/lt\/wp-json\/wp\/v2\/product_tag?post=149291"}],"curies":[{"name":"wp","href":"https:\/\/api.w.org\/{rel}","templated":true}]}}