{"id":149293,"date":"2024-05-28T18:47:42","date_gmt":"2025-05-18T14:14:48","guid":{"rendered":"https:\/\/kingarms.ee\/product\/daugiafunkcinis-led-sviesos-raktu-pakabukas-lb-ysd\/"},"modified":"2025-05-18T17:14:48","modified_gmt":"2025-05-18T14:14:48","slug":"daugiafunkcinis-led-sviesos-raktu-pakabukas-lb-ysd","status":"publish","type":"product","link":"https:\/\/kingarms.ee\/lt\/product\/daugiafunkcinis-led-sviesos-raktu-pakabukas-lb-ysd\/","title":{"rendered":"Daugiafunkcinis LED \u0161viesos rakt\u0173 pakabukas (LB-YSD)"},"content":{"rendered":"<p><img loading=\"lazy\" decoding=\"async\" class=\"alignnone size-full wp-image-101342\" src=\"https:\/\/kingarms.ee\/wp-content\/uploads\/2024\/05\/js-tactical-multifunction-keychain-with-led-light-lb-ysd-1.jpg\" alt=\"\" width=\"1000\" height=\"1000\" srcset=\"https:\/\/kingarms.ee\/wp-content\/uploads\/2024\/05\/js-tactical-multifunction-keychain-with-led-light-lb-ysd-1.jpg 1000w, https:\/\/kingarms.ee\/wp-content\/uploads\/2024\/05\/js-tactical-multifunction-keychain-with-led-light-lb-ysd-1-300x300.jpg 300w, https:\/\/kingarms.ee\/wp-content\/uploads\/2024\/05\/js-tactical-multifunction-keychain-with-led-light-lb-ysd-1-150x150.jpg 150w, https:\/\/kingarms.ee\/wp-content\/uploads\/2024\/05\/js-tactical-multifunction-keychain-with-led-light-lb-ysd-1-768x768.jpg 768w, https:\/\/kingarms.ee\/wp-content\/uploads\/2024\/05\/js-tactical-multifunction-keychain-with-led-light-lb-ysd-1-500x500.jpg 500w\" sizes=\"auto, (max-width: 1000px) 100vw, 1000px\" \/><\/p>\n","protected":false},"excerpt":{"rendered":"<p>Daugiafunkcinis LED \u0161viesos rakt\u0173 pakabukas (LB-YSD)<br \/>\nLED \u017eibintuv\u0117lis su<br \/>\n&#8211; feksed su trimis \u017eibintais (\u0161alta \u0161viesa, \u0161ilta \u0161viesa ir raudona su SOS funkcija) NB! Jei reikia, galite pakeisti spalvas.<br \/>\nCigare\u010di\u0173 \u017eiebtuv\u0117lis<br \/>\nPlok\u0161\u010dias ir \u017evaig\u017edinis atsuktuvas<br \/>\n\u0160vilpukas<br \/>\nHeledab kateriai<br \/>\nBaterijos lygio indikatorius<br \/>\nMagnetas<br \/>\n\u012ekrovimas yra per USB-C kabel\u012f, ateina su<br \/>\nMatmenys 100mm ir 50mm ir 30mm<br \/>\nSvoris 60g<\/p>\n","protected":false},"featured_media":135392,"template":"","meta":{"_acf_changed":false},"product_brand":[],"product_cat":[1263],"product_tag":[],"class_list":{"0":"post-149293","1":"product","2":"type-product","3":"status-publish","4":"has-post-thumbnail","6":"product_cat-kelioniu-prekes","8":"first","9":"instock","10":"sale","11":"taxable","12":"shipping-taxable","13":"purchasable","14":"product-type-simple"},"acf":[],"_links":{"self":[{"href":"https:\/\/kingarms.ee\/lt\/wp-json\/wp\/v2\/product\/149293","targetHints":{"allow":["GET"]}}],"collection":[{"href":"https:\/\/kingarms.ee\/lt\/wp-json\/wp\/v2\/product"}],"about":[{"href":"https:\/\/kingarms.ee\/lt\/wp-json\/wp\/v2\/types\/product"}],"wp:featuredmedia":[{"embeddable":true,"href":"https:\/\/kingarms.ee\/lt\/wp-json\/wp\/v2\/media\/135392"}],"wp:attachment":[{"href":"https:\/\/kingarms.ee\/lt\/wp-json\/wp\/v2\/media?parent=149293"}],"wp:term":[{"taxonomy":"product_brand","embeddable":true,"href":"https:\/\/kingarms.ee\/lt\/wp-json\/wp\/v2\/product_brand?post=149293"},{"taxonomy":"product_cat","embeddable":true,"href":"https:\/\/kingarms.ee\/lt\/wp-json\/wp\/v2\/product_cat?post=149293"},{"taxonomy":"product_tag","embeddable":true,"href":"https:\/\/kingarms.ee\/lt\/wp-json\/wp\/v2\/product_tag?post=149293"}],"curies":[{"name":"wp","href":"https:\/\/api.w.org\/{rel}","templated":true}]}}