{"id":149296,"date":"2024-05-09T14:54:00","date_gmt":"2025-05-18T14:27:07","guid":{"rendered":"https:\/\/kingarms.ee\/product\/hatsan-bullmaster-4-5-mm-27j\/"},"modified":"2025-05-18T17:27:07","modified_gmt":"2025-05-18T14:27:07","slug":"hatsan-bullmaster-4-5-mm-27j","status":"publish","type":"product","link":"https:\/\/kingarms.ee\/lt\/product\/hatsan-bullmaster-4-5-mm-27j\/","title":{"rendered":"Hatsan Bullmaster 4.5 mm (27J)"},"content":{"rendered":"<p><img loading=\"lazy\" decoding=\"async\" class=\"alignnone size-full wp-image-101240\" src=\"https:\/\/kingarms.ee\/wp-content\/uploads\/2024\/05\/cad72c75-fe3a-11ee-aa14-00155d65b41a_85b947c1-0b8b-11ef-aa14-00155d65b41a-2.jpeg\" alt=\"\" width=\"1500\" height=\"1500\" srcset=\"https:\/\/kingarms.ee\/wp-content\/uploads\/2024\/05\/cad72c75-fe3a-11ee-aa14-00155d65b41a_85b947c1-0b8b-11ef-aa14-00155d65b41a-2.jpeg 1500w, https:\/\/kingarms.ee\/wp-content\/uploads\/2024\/05\/cad72c75-fe3a-11ee-aa14-00155d65b41a_85b947c1-0b8b-11ef-aa14-00155d65b41a-2-300x300.jpeg 300w, https:\/\/kingarms.ee\/wp-content\/uploads\/2024\/05\/cad72c75-fe3a-11ee-aa14-00155d65b41a_85b947c1-0b8b-11ef-aa14-00155d65b41a-2-1024x1024.jpeg 1024w, https:\/\/kingarms.ee\/wp-content\/uploads\/2024\/05\/cad72c75-fe3a-11ee-aa14-00155d65b41a_85b947c1-0b8b-11ef-aa14-00155d65b41a-2-150x150.jpeg 150w, https:\/\/kingarms.ee\/wp-content\/uploads\/2024\/05\/cad72c75-fe3a-11ee-aa14-00155d65b41a_85b947c1-0b8b-11ef-aa14-00155d65b41a-2-768x768.jpeg 768w, https:\/\/kingarms.ee\/wp-content\/uploads\/2024\/05\/cad72c75-fe3a-11ee-aa14-00155d65b41a_85b947c1-0b8b-11ef-aa14-00155d65b41a-2-500x500.jpeg 500w\" sizes=\"auto, (max-width: 1500px) 100vw, 1500px\" \/><\/p>\n","protected":false},"excerpt":{"rendered":"<p>Hatsan Bullmaster 4.5 mm (27J)<\/p>\n<p>&#8211; Pusiau automatinis, PCP (pneumatinis i\u0161ankstinis siurbimas)<br \/>\n&#8211; Bulpup dizainas<br \/>\n&#8211; Visi\u0161kai u\u017edara statin\u0117, \u0161autuvas<br \/>\n&#8211; Pneumatinis cilindras, kurio talpa 500 cc, maksimalus u\u017epildymo sl\u0117gis 250 bar\u0173.<br \/>\n&#8211; Dasoft &#8211; su danga ir ergonomi\u0161ku dizainu, sintetin\u0117mis med\u017eiagomis.<br \/>\n&#8211; 11 mm silk\u0117s kai\u0161\u010dio ir aud\u0117jo Optini\u0173 juost\u0173 derinys.<br \/>\n&#8211; Papildomas Picatinny \u010dia po priekyje.<br \/>\n&#8211; Tekst\u016bra ant rankenos ir dilbio, kad geriau jaustum\u0117t\u0117s ir valdytum\u0117te.<br \/>\n&#8211; Reguliuojamo auk\u0161\u010dio skruost\u0173 pamink\u0161tinimas<br \/>\n&#8211; Ventiliuojama gumin\u0117 galin\u0117 dalis<br \/>\n&#8211; Apima 1 besisukant\u012f d\u0117kl\u0105: 4,5 mm (.177) cal, u\u017e 14 kulk\u0173<br \/>\n&#8211; \u012emontuotas manometras sl\u0117giui cilindre reguliuoti.<br \/>\n&#8211; Apima 1\/8 &#8221; BSPP sriegio u\u017epildymo zond\u0105.<br \/>\n&#8211; Bendra beicuota apdaila, juoda anoduota reciever<br \/>\n&#8211; Rankinis saugumas<br \/>\n&#8211; Patentuota apsaugos nuo sm\u016bgio sistema, apsauganti nuo duj\u0173 praradimo<br \/>\n&#8211; Metalinis Gaidukas ir sintetin\u0117 gaiduko apsauga.<br \/>\n&#8211; Built-in pos\u016bkiai<br \/>\n&#8211; Ateina su kietu atveju<\/p>\n<p>Maksimalus greitis * &#8211; 0.177 cal-1100 kadr\u0173 per sekund\u0119 (320 m \/ s)<\/p>\n<p>* Grei\u010dio rezultatai gali skirtis priklausomai nuo rutulio svorio, rutulio formos, rutulio med\u017eiagos, temperat\u016bros, auk\u0161\u010dio ir kit\u0173 veiksni\u0173.<\/p>\n","protected":false},"featured_media":135373,"template":"","meta":{"_acf_changed":false},"product_brand":[],"product_cat":[1146],"product_tag":[],"class_list":{"0":"post-149296","1":"product","2":"type-product","3":"status-publish","4":"has-post-thumbnail","6":"product_cat-pcp-hpa-lt","8":"first","9":"instock","10":"taxable","11":"shipping-taxable","12":"purchasable","13":"product-type-simple"},"acf":[],"_links":{"self":[{"href":"https:\/\/kingarms.ee\/lt\/wp-json\/wp\/v2\/product\/149296","targetHints":{"allow":["GET"]}}],"collection":[{"href":"https:\/\/kingarms.ee\/lt\/wp-json\/wp\/v2\/product"}],"about":[{"href":"https:\/\/kingarms.ee\/lt\/wp-json\/wp\/v2\/types\/product"}],"wp:featuredmedia":[{"embeddable":true,"href":"https:\/\/kingarms.ee\/lt\/wp-json\/wp\/v2\/media\/135373"}],"wp:attachment":[{"href":"https:\/\/kingarms.ee\/lt\/wp-json\/wp\/v2\/media?parent=149296"}],"wp:term":[{"taxonomy":"product_brand","embeddable":true,"href":"https:\/\/kingarms.ee\/lt\/wp-json\/wp\/v2\/product_brand?post=149296"},{"taxonomy":"product_cat","embeddable":true,"href":"https:\/\/kingarms.ee\/lt\/wp-json\/wp\/v2\/product_cat?post=149296"},{"taxonomy":"product_tag","embeddable":true,"href":"https:\/\/kingarms.ee\/lt\/wp-json\/wp\/v2\/product_tag?post=149296"}],"curies":[{"name":"wp","href":"https:\/\/api.w.org\/{rel}","templated":true}]}}