{"id":149298,"date":"2024-05-09T14:48:52","date_gmt":"2025-05-18T14:30:06","guid":{"rendered":"https:\/\/kingarms.ee\/product\/oro-pistoletas-hatsan-airmax-cal-45-mm-36j\/"},"modified":"2025-05-19T18:15:24","modified_gmt":"2025-05-19T15:15:24","slug":"oro-pistoletas-hatsan-airmax-cal-45-mm-36j","status":"publish","type":"product","link":"https:\/\/kingarms.ee\/lt\/product\/oro-pistoletas-hatsan-airmax-cal-45-mm-36j\/","title":{"rendered":"Oro pistoletas Hatsan airmax cal. 4,5 mm (36J)<br>"},"content":{"rendered":"<p><img loading=\"lazy\" decoding=\"async\" class=\"alignnone size-full wp-image-101224\" src=\"https:\/\/kingarms.ee\/wp-content\/uploads\/2024\/05\/0210f285-fe3a-11ee-aa14-00155d65b41a_b59b14b1-0146-11ef-aa14-00155d65b41a-2.jpeg\" alt=\"\" width=\"1184\" height=\"1186\" srcset=\"https:\/\/kingarms.ee\/wp-content\/uploads\/2024\/05\/0210f285-fe3a-11ee-aa14-00155d65b41a_b59b14b1-0146-11ef-aa14-00155d65b41a-2.jpeg 1184w, https:\/\/kingarms.ee\/wp-content\/uploads\/2024\/05\/0210f285-fe3a-11ee-aa14-00155d65b41a_b59b14b1-0146-11ef-aa14-00155d65b41a-2-300x300.jpeg 300w, https:\/\/kingarms.ee\/wp-content\/uploads\/2024\/05\/0210f285-fe3a-11ee-aa14-00155d65b41a_b59b14b1-0146-11ef-aa14-00155d65b41a-2-1022x1024.jpeg 1022w, https:\/\/kingarms.ee\/wp-content\/uploads\/2024\/05\/0210f285-fe3a-11ee-aa14-00155d65b41a_b59b14b1-0146-11ef-aa14-00155d65b41a-2-150x150.jpeg 150w, https:\/\/kingarms.ee\/wp-content\/uploads\/2024\/05\/0210f285-fe3a-11ee-aa14-00155d65b41a_b59b14b1-0146-11ef-aa14-00155d65b41a-2-768x769.jpeg 768w, https:\/\/kingarms.ee\/wp-content\/uploads\/2024\/05\/0210f285-fe3a-11ee-aa14-00155d65b41a_b59b14b1-0146-11ef-aa14-00155d65b41a-2-500x501.jpeg 500w\" sizes=\"auto, (max-width: 1184px) 100vw, 1184px\" \/><\/p>\n","protected":false},"excerpt":{"rendered":"<div>Originali bullpup konstrukcija; 10 svar\u0173 d\u0117klas; Rankinis pakrovimas; \u0161onin\u0117 svirtis; i\u0161 anksto pumpuojamas oro \u0161autuvas (PCP).<\/div>\n<div><\/div>\n<div>Galimas .177 (4,5 mm) su kalibru.<\/div>\n<div>200 bar\u0173 \u012fvykdymas, baliono oro vamzdis 400 cc + 90 cc.<\/div>\n<div>Visi\u0161kai u\u017edarytas \u201eCilteenergy\u201c korpusas ir pastatytas garso moderatorius (duslintuvas) &#8211; \u0161audymas yra ma\u017edaug 50% tylesnis.<\/div>\n<div>Grai\u017etvinis oro \u0161autuvas ir droselis tikslumui.<\/div>\n<div>Dvipusis medinis bullpup \u0161autuvas U\u017epakalis. Priekyje Yra Pikatinas. <\/div>\n<div>Auk\u0161\u010dio reguliavimo skruosto padas &#8220;EasyAdjust&#8221; -\u0161autuvas turi \u012fmontuot\u0105 auk\u0161\u010dio reguliavimo mygtuk\u0105.<\/div>\n<div>pcksa nodoa, apdya deV\u0117dinama gumin\u0117 spintel\u0117.Ventileeritav kummist kabaraud.<\/div>\n<div>o\u201etalarBEemaldatav salv 10 kuuli jaoks. Kaasas 1 salv. <\/div>\n<div>Sisseehitatud manomeeter r\u00f5hu reguleerimiseks.<\/div>\n<div>Tarnekomplekt sisaldab otsikut, kiireks t\u00e4itmiseks.<\/div>\n<div>Picatinny siin 11 mm ja 22 mm optiliste sihikute paigaldamiseks.<\/div>\n<div>\u00dcldine peitsitud viimistlus, must anodeeritud lukukoda.<\/div>\n<div>Manuaalne ja automaatne kaitseriiv.<\/div>\n<div>\u201cAnti-topelt kuuli ettenihe\u201d mehhanism, mis takistab rohkem kui \u00fche kuuli laadimist torusse.<\/div>\n<div>Quattro p\u00e4\u00e4stik: kaheastmeline t\u00e4ielikult reguleeritav p\u00e4\u00e4stik reisimiseks ja p\u00e4\u00e4stiku raskuseks. Metallist p\u00e4\u00e4stik. <\/div>\n<div>Sisseehitatud kinnitused rihma jaoks.<\/div>\n","protected":false},"featured_media":135361,"template":"","meta":{"_acf_changed":false},"product_brand":[],"product_cat":[1146],"product_tag":[],"class_list":{"0":"post-149298","1":"product","2":"type-product","3":"status-publish","4":"has-post-thumbnail","6":"product_cat-pcp-hpa-lt","8":"first","9":"instock","10":"taxable","11":"shipping-taxable","12":"purchasable","13":"product-type-simple"},"acf":[],"_links":{"self":[{"href":"https:\/\/kingarms.ee\/lt\/wp-json\/wp\/v2\/product\/149298","targetHints":{"allow":["GET"]}}],"collection":[{"href":"https:\/\/kingarms.ee\/lt\/wp-json\/wp\/v2\/product"}],"about":[{"href":"https:\/\/kingarms.ee\/lt\/wp-json\/wp\/v2\/types\/product"}],"wp:featuredmedia":[{"embeddable":true,"href":"https:\/\/kingarms.ee\/lt\/wp-json\/wp\/v2\/media\/135361"}],"wp:attachment":[{"href":"https:\/\/kingarms.ee\/lt\/wp-json\/wp\/v2\/media?parent=149298"}],"wp:term":[{"taxonomy":"product_brand","embeddable":true,"href":"https:\/\/kingarms.ee\/lt\/wp-json\/wp\/v2\/product_brand?post=149298"},{"taxonomy":"product_cat","embeddable":true,"href":"https:\/\/kingarms.ee\/lt\/wp-json\/wp\/v2\/product_cat?post=149298"},{"taxonomy":"product_tag","embeddable":true,"href":"https:\/\/kingarms.ee\/lt\/wp-json\/wp\/v2\/product_tag?post=149298"}],"curies":[{"name":"wp","href":"https:\/\/api.w.org\/{rel}","templated":true}]}}