{"id":149306,"date":"2024-03-14T15:47:45","date_gmt":"2025-05-18T14:48:37","guid":{"rendered":"https:\/\/kingarms.ee\/product\/akumuliatoriaus-bankas-60-000-mah\/"},"modified":"2025-05-19T18:15:19","modified_gmt":"2025-05-19T15:15:19","slug":"akumuliatoriaus-bankas-60-000-mah","status":"publish","type":"product","link":"https:\/\/kingarms.ee\/lt\/product\/akumuliatoriaus-bankas-60-000-mah\/","title":{"rendered":"Akumuliatoriaus bankas 60 000 mAh"},"content":{"rendered":"<p><img loading=\"lazy\" decoding=\"async\" class=\"alignnone size-full wp-image-100729\" src=\"https:\/\/kingarms.ee\/wp-content\/uploads\/2024\/03\/039150.jpg\" alt=\"\" width=\"800\" height=\"800\" srcset=\"https:\/\/kingarms.ee\/wp-content\/uploads\/2024\/03\/039150.jpg 800w, https:\/\/kingarms.ee\/wp-content\/uploads\/2024\/03\/039150-300x300.jpg 300w, https:\/\/kingarms.ee\/wp-content\/uploads\/2024\/03\/039150-150x150.jpg 150w, https:\/\/kingarms.ee\/wp-content\/uploads\/2024\/03\/039150-768x768.jpg 768w, https:\/\/kingarms.ee\/wp-content\/uploads\/2024\/03\/039150-500x500.jpg 500w\" sizes=\"auto, (max-width: 800px) 100vw, 800px\" \/><\/p>\n","protected":false},"excerpt":{"rendered":"<p>\u012ekraukite 3 \u012frenginius vienu metu. Maitinimo banke yra prievadai: USB &#8211; C ir 2 USB-A, tod\u0117l vienu metu galite \u012fkrauti 3 \u012frenginius. Be to, d\u0117l 22,5 vat\u0173 galios akimirksniu atnaujinate savo \u012frenginio energij\u0105 \u2013 ma\u017edaug po 30 minu\u010di\u0173 j\u016bs\u0173 iPhone 13 akumuliatoriaus \u012fkrovos lygis pasieks 65%. Be to, 60 000 mAh talpa leid\u017eia \u012fkrauti iPhone 13 ma\u017edaug 12 kart\u0173, o AirPode-iki 64 kart\u0173!<\/p>\n<p>B\u016bti:<br \/>\nbaterij\u0173 bankas<br \/>\nbaterij\u0173 bankas<\/p>\n","protected":false},"featured_media":135184,"template":"","meta":{"_acf_changed":false},"product_brand":[],"product_cat":[1264],"product_tag":[],"class_list":{"0":"post-149306","1":"product","2":"type-product","3":"status-publish","4":"has-post-thumbnail","6":"product_cat-galios-bankas","8":"first","9":"instock","10":"taxable","11":"shipping-taxable","12":"purchasable","13":"product-type-simple"},"acf":[],"_links":{"self":[{"href":"https:\/\/kingarms.ee\/lt\/wp-json\/wp\/v2\/product\/149306","targetHints":{"allow":["GET"]}}],"collection":[{"href":"https:\/\/kingarms.ee\/lt\/wp-json\/wp\/v2\/product"}],"about":[{"href":"https:\/\/kingarms.ee\/lt\/wp-json\/wp\/v2\/types\/product"}],"wp:featuredmedia":[{"embeddable":true,"href":"https:\/\/kingarms.ee\/lt\/wp-json\/wp\/v2\/media\/135184"}],"wp:attachment":[{"href":"https:\/\/kingarms.ee\/lt\/wp-json\/wp\/v2\/media?parent=149306"}],"wp:term":[{"taxonomy":"product_brand","embeddable":true,"href":"https:\/\/kingarms.ee\/lt\/wp-json\/wp\/v2\/product_brand?post=149306"},{"taxonomy":"product_cat","embeddable":true,"href":"https:\/\/kingarms.ee\/lt\/wp-json\/wp\/v2\/product_cat?post=149306"},{"taxonomy":"product_tag","embeddable":true,"href":"https:\/\/kingarms.ee\/lt\/wp-json\/wp\/v2\/product_tag?post=149306"}],"curies":[{"name":"wp","href":"https:\/\/api.w.org\/{rel}","templated":true}]}}