{"id":149308,"date":"2024-03-14T12:51:50","date_gmt":"2025-05-18T14:53:54","guid":{"rendered":"https:\/\/kingarms.ee\/product\/elitine-jega-umareksas\/"},"modified":"2025-05-19T18:15:18","modified_gmt":"2025-05-19T15:15:18","slug":"elitine-jega-umareksas","status":"publish","type":"product","link":"https:\/\/kingarms.ee\/lt\/product\/elitine-jega-umareksas\/","title":{"rendered":"Elitin\u0117 J\u0117ga (Umareksas)"},"content":{"rendered":"<p><img loading=\"lazy\" decoding=\"async\" class=\"alignnone size-full wp-image-100695\" src=\"https:\/\/kingarms.ee\/wp-content\/uploads\/2024\/03\/6054_1_.jpg.webp\" alt=\"\" width=\"1920\" height=\"1080\" srcset=\"https:\/\/kingarms.ee\/wp-content\/uploads\/2024\/03\/6054_1_.jpg.webp 1920w, https:\/\/kingarms.ee\/wp-content\/uploads\/2024\/03\/6054_1_.jpg-300x169.webp 300w, https:\/\/kingarms.ee\/wp-content\/uploads\/2024\/03\/6054_1_.jpg-1024x576.webp 1024w, https:\/\/kingarms.ee\/wp-content\/uploads\/2024\/03\/6054_1_.jpg-768x432.webp 768w, https:\/\/kingarms.ee\/wp-content\/uploads\/2024\/03\/6054_1_.jpg-1536x864.webp 1536w, https:\/\/kingarms.ee\/wp-content\/uploads\/2024\/03\/6054_1_.jpg-500x281.webp 500w, https:\/\/kingarms.ee\/wp-content\/uploads\/2024\/03\/6054_1_.jpg-150x84.webp 150w\" sizes=\"auto, (max-width: 1920px) 100vw, 1920px\" \/><img loading=\"lazy\" decoding=\"async\" class=\"alignnone size-full wp-image-148330\" src=\"https:\/\/kingarms.ee\/wp-content\/uploads\/2024\/03\/0109bf2f80e25379ea72ab38468a5e94.jpeg\" alt=\"\" width=\"1000\" height=\"750\" srcset=\"https:\/\/kingarms.ee\/wp-content\/uploads\/2024\/03\/0109bf2f80e25379ea72ab38468a5e94.jpeg 1000w, https:\/\/kingarms.ee\/wp-content\/uploads\/2024\/03\/0109bf2f80e25379ea72ab38468a5e94-300x225.jpeg 300w, https:\/\/kingarms.ee\/wp-content\/uploads\/2024\/03\/0109bf2f80e25379ea72ab38468a5e94-768x576.jpeg 768w, https:\/\/kingarms.ee\/wp-content\/uploads\/2024\/03\/0109bf2f80e25379ea72ab38468a5e94-500x375.jpeg 500w, https:\/\/kingarms.ee\/wp-content\/uploads\/2024\/03\/0109bf2f80e25379ea72ab38468a5e94-150x113.jpeg 150w\" sizes=\"auto, (max-width: 1000px) 100vw, 1000px\" \/><\/p>\n","protected":false},"excerpt":{"rendered":"<p>Elitin\u0117 J\u0117ga (Umareksas)<\/p>\n<p>Presti\u017ei\u0161kiausios sportinio \u0161audymo var\u017eybos yra tos, kurios grind\u017eiamos tarptautin\u0117s praktinio \u0161audymo konfederacijos Taisykl\u0117mis. \u010cia naudojami ginklai savo savyb\u0117mis ir technologijomis labai skiriasi nuo \u012fprast\u0173 ginkl\u0173.<\/p>\n<p>Gamintojas \/ Prek\u0117s \u017denklas Umareksas<br \/>\n\u0160audymo greitis 125m \/ s<br \/>\nRekomenduojami rutuliai 4,5 mm<br \/>\nEnergijos ca 3 D\u017eaulis<br \/>\nSvoris (g) 1200<br \/>\nCO2 tepalas<br \/>\nSm\u016bgis (atatranka) taip<br \/>\nKieta metalo med\u017eiaga<br \/>\nD\u0117klo T\u016bris 21<br \/>\nPistoleto Ilgis 265 mm<br \/>\nPusiau automatinis<br \/>\nVidinio vamzd\u017eio ilgis 160 mm<br \/>\nUnikalus serijos numeris taip<\/p>\n","protected":false},"featured_media":148334,"template":"","meta":{"_acf_changed":false},"product_brand":[],"product_cat":[1143],"product_tag":[],"class_list":{"0":"post-149308","1":"product","2":"type-product","3":"status-publish","4":"has-post-thumbnail","6":"product_cat-rankinis-ginklas","8":"first","9":"instock","10":"taxable","11":"shipping-taxable","12":"purchasable","13":"product-type-simple"},"acf":[],"_links":{"self":[{"href":"https:\/\/kingarms.ee\/lt\/wp-json\/wp\/v2\/product\/149308","targetHints":{"allow":["GET"]}}],"collection":[{"href":"https:\/\/kingarms.ee\/lt\/wp-json\/wp\/v2\/product"}],"about":[{"href":"https:\/\/kingarms.ee\/lt\/wp-json\/wp\/v2\/types\/product"}],"wp:featuredmedia":[{"embeddable":true,"href":"https:\/\/kingarms.ee\/lt\/wp-json\/wp\/v2\/media\/148334"}],"wp:attachment":[{"href":"https:\/\/kingarms.ee\/lt\/wp-json\/wp\/v2\/media?parent=149308"}],"wp:term":[{"taxonomy":"product_brand","embeddable":true,"href":"https:\/\/kingarms.ee\/lt\/wp-json\/wp\/v2\/product_brand?post=149308"},{"taxonomy":"product_cat","embeddable":true,"href":"https:\/\/kingarms.ee\/lt\/wp-json\/wp\/v2\/product_cat?post=149308"},{"taxonomy":"product_tag","embeddable":true,"href":"https:\/\/kingarms.ee\/lt\/wp-json\/wp\/v2\/product_tag?post=149308"}],"curies":[{"name":"wp","href":"https:\/\/api.w.org\/{rel}","templated":true}]}}