{"id":149315,"date":"2024-03-13T20:15:19","date_gmt":"2024-03-13T17:15:19","guid":{"rendered":"https:\/\/kingarms.ee\/product\/raudonas-taskas-akyse-su-lazeriu-js-tactical\/"},"modified":"2025-05-19T18:15:15","modified_gmt":"2025-05-19T15:15:15","slug":"raudonas-taskas-akyse-su-lazeriu-js-tactical","status":"publish","type":"product","link":"https:\/\/kingarms.ee\/lt\/product\/raudonas-taskas-akyse-su-lazeriu-js-tactical\/","title":{"rendered":"Raudonas ta\u0161kas akyse su lazeriu (JS-tactical)"},"content":{"rendered":"<p><img loading=\"lazy\" decoding=\"async\" class=\"alignnone size-full wp-image-100649\" src=\"https:\/\/kingarms.ee\/wp-content\/uploads\/2024\/03\/js-tactical-multi-reticle-red-dot-with-red-laser-black-js-hd101.jpg\" alt=\"\" width=\"1000\" height=\"1000\" srcset=\"https:\/\/kingarms.ee\/wp-content\/uploads\/2024\/03\/js-tactical-multi-reticle-red-dot-with-red-laser-black-js-hd101.jpg 1000w, https:\/\/kingarms.ee\/wp-content\/uploads\/2024\/03\/js-tactical-multi-reticle-red-dot-with-red-laser-black-js-hd101-300x300.jpg 300w, https:\/\/kingarms.ee\/wp-content\/uploads\/2024\/03\/js-tactical-multi-reticle-red-dot-with-red-laser-black-js-hd101-150x150.jpg 150w, https:\/\/kingarms.ee\/wp-content\/uploads\/2024\/03\/js-tactical-multi-reticle-red-dot-with-red-laser-black-js-hd101-768x768.jpg 768w, https:\/\/kingarms.ee\/wp-content\/uploads\/2024\/03\/js-tactical-multi-reticle-red-dot-with-red-laser-black-js-hd101-500x500.jpg 500w\" sizes=\"auto, (max-width: 1000px) 100vw, 1000px\" \/><\/p>\n","protected":false},"excerpt":{"rendered":"<p>Raudonas ta\u0161kas akyse su lazeriu (JS-tactical)<\/p>\n<p>RAUDONAS TA\u0160KAS<br \/>\nAliuminio konstrukcija<br \/>\n4 \u012eVAIRIASPALVIAI RA\u0160TAI<br \/>\nRAUDONA ARBA \u017dALIA \u0160VIESA SU REGULIUOJAMU RY\u0160KUMU<br \/>\nRAUDONAS LAZERIS<br \/>\nMontavimas ant standartini\u0173 20 mm b\u0117gi\u0173<br \/>\nREGULIUOJAMAS DE\u0160IN\u0116N \/ KAIR\u0116N IR AUK\u0160TIS TIEK RAUDONAM TA\u0160KUI, TIEK LAZERIUI<br \/>\n\u012eTRAUKTA KULKOS GUMOS APSAUGA<br \/>\nIlgis 90mm<br \/>\nSvoris 155g<br \/>\nPRIDEDAMAS MONTAVIMO VADOVAS<br \/>\nMaitinamas 1 CR2032 akumuliatoriaus ta\u0161ku ir 1 lazeriu (abu yra komplekte)<\/p>\n","protected":false},"featured_media":135132,"template":"","meta":{"_acf_changed":false},"product_brand":[],"product_cat":[1205],"product_tag":[],"class_list":{"0":"post-149315","1":"product","2":"type-product","3":"status-publish","4":"has-post-thumbnail","6":"product_cat-vaizdai-lt","8":"first","9":"instock","10":"taxable","11":"shipping-taxable","12":"purchasable","13":"product-type-simple"},"acf":[],"_links":{"self":[{"href":"https:\/\/kingarms.ee\/lt\/wp-json\/wp\/v2\/product\/149315","targetHints":{"allow":["GET"]}}],"collection":[{"href":"https:\/\/kingarms.ee\/lt\/wp-json\/wp\/v2\/product"}],"about":[{"href":"https:\/\/kingarms.ee\/lt\/wp-json\/wp\/v2\/types\/product"}],"wp:featuredmedia":[{"embeddable":true,"href":"https:\/\/kingarms.ee\/lt\/wp-json\/wp\/v2\/media\/135132"}],"wp:attachment":[{"href":"https:\/\/kingarms.ee\/lt\/wp-json\/wp\/v2\/media?parent=149315"}],"wp:term":[{"taxonomy":"product_brand","embeddable":true,"href":"https:\/\/kingarms.ee\/lt\/wp-json\/wp\/v2\/product_brand?post=149315"},{"taxonomy":"product_cat","embeddable":true,"href":"https:\/\/kingarms.ee\/lt\/wp-json\/wp\/v2\/product_cat?post=149315"},{"taxonomy":"product_tag","embeddable":true,"href":"https:\/\/kingarms.ee\/lt\/wp-json\/wp\/v2\/product_tag?post=149315"}],"curies":[{"name":"wp","href":"https:\/\/api.w.org\/{rel}","templated":true}]}}