{"id":149316,"date":"2024-02-24T14:08:54","date_gmt":"2025-05-18T15:36:31","guid":{"rendered":"https:\/\/kingarms.ee\/product\/nesiojamas-suspaustas-skalbimo-ranksluostis\/"},"modified":"2025-05-19T18:15:14","modified_gmt":"2025-05-19T15:15:14","slug":"nesiojamas-suspaustas-skalbimo-ranksluostis","status":"publish","type":"product","link":"https:\/\/kingarms.ee\/lt\/product\/nesiojamas-suspaustas-skalbimo-ranksluostis\/","title":{"rendered":"Ne\u0161iojamas suspaustas skalbimo rank\u0161luostis"},"content":{"rendered":"<p><img loading=\"lazy\" decoding=\"async\" class=\"alignnone size-full wp-image-98114\" src=\"https:\/\/kingarms.ee\/wp-content\/uploads\/2024\/02\/1679627941189-d90c98aa38c8458d83dab5848cdaf1d1-goods-ezgif.com-webp-to-jpg-converter.jpg\" alt=\"\" width=\"800\" height=\"800\" srcset=\"https:\/\/kingarms.ee\/wp-content\/uploads\/2024\/02\/1679627941189-d90c98aa38c8458d83dab5848cdaf1d1-goods-ezgif.com-webp-to-jpg-converter.jpg 800w, https:\/\/kingarms.ee\/wp-content\/uploads\/2024\/02\/1679627941189-d90c98aa38c8458d83dab5848cdaf1d1-goods-ezgif.com-webp-to-jpg-converter-300x300.jpg 300w, https:\/\/kingarms.ee\/wp-content\/uploads\/2024\/02\/1679627941189-d90c98aa38c8458d83dab5848cdaf1d1-goods-ezgif.com-webp-to-jpg-converter-150x150.jpg 150w, https:\/\/kingarms.ee\/wp-content\/uploads\/2024\/02\/1679627941189-d90c98aa38c8458d83dab5848cdaf1d1-goods-ezgif.com-webp-to-jpg-converter-768x768.jpg 768w, https:\/\/kingarms.ee\/wp-content\/uploads\/2024\/02\/1679627941189-d90c98aa38c8458d83dab5848cdaf1d1-goods-ezgif.com-webp-to-jpg-converter-500x500.jpg 500w\" sizes=\"auto, (max-width: 800px) 100vw, 800px\" \/><\/p>\n","protected":false},"excerpt":{"rendered":"<p>Ne\u0161iojamas suspaustas skalbimo rank\u0161luostis-sudr\u0117kinti neaustiniai veido \/ skalbimo rank\u0161luos\u010diai kelion\u0117ms, veiklai lauke ir ekstremalioms situacijoms.<\/p>\n<p>Susilietus su vandeniu, ma\u017eas monetos formos mygtukas sukuria vis\u0105 rank\u0161luost\u012f, kurio matmenys yra 20 cm ir 23 cm<\/p>\n","protected":false},"featured_media":134810,"template":"","meta":{"_acf_changed":false},"product_brand":[],"product_cat":[1263],"product_tag":[],"class_list":{"0":"post-149316","1":"product","2":"type-product","3":"status-publish","4":"has-post-thumbnail","6":"product_cat-kelioniu-prekes","8":"first","9":"instock","10":"taxable","11":"shipping-taxable","12":"purchasable","13":"product-type-simple"},"acf":[],"_links":{"self":[{"href":"https:\/\/kingarms.ee\/lt\/wp-json\/wp\/v2\/product\/149316","targetHints":{"allow":["GET"]}}],"collection":[{"href":"https:\/\/kingarms.ee\/lt\/wp-json\/wp\/v2\/product"}],"about":[{"href":"https:\/\/kingarms.ee\/lt\/wp-json\/wp\/v2\/types\/product"}],"wp:featuredmedia":[{"embeddable":true,"href":"https:\/\/kingarms.ee\/lt\/wp-json\/wp\/v2\/media\/134810"}],"wp:attachment":[{"href":"https:\/\/kingarms.ee\/lt\/wp-json\/wp\/v2\/media?parent=149316"}],"wp:term":[{"taxonomy":"product_brand","embeddable":true,"href":"https:\/\/kingarms.ee\/lt\/wp-json\/wp\/v2\/product_brand?post=149316"},{"taxonomy":"product_cat","embeddable":true,"href":"https:\/\/kingarms.ee\/lt\/wp-json\/wp\/v2\/product_cat?post=149316"},{"taxonomy":"product_tag","embeddable":true,"href":"https:\/\/kingarms.ee\/lt\/wp-json\/wp\/v2\/product_tag?post=149316"}],"curies":[{"name":"wp","href":"https:\/\/api.w.org\/{rel}","templated":true}]}}