{"id":149329,"date":"2024-02-21T11:35:52","date_gmt":"2025-05-19T07:25:23","guid":{"rendered":"https:\/\/kingarms.ee\/product\/rankinis-zibintuvelis-sviecianti-sviesos-kometa-raudona\/"},"modified":"2025-05-19T18:15:05","modified_gmt":"2025-05-19T15:15:05","slug":"rankinis-zibintuvelis-sviecianti-sviesos-kometa-raudona","status":"publish","type":"product","link":"https:\/\/kingarms.ee\/lt\/product\/rankinis-zibintuvelis-sviecianti-sviesos-kometa-raudona\/","title":{"rendered":"Rankinis \u017eibintuv\u0117lis \/ \u0161vie\u010dianti \u0161viesos kometa raudona"},"content":{"rendered":"<p><img loading=\"lazy\" decoding=\"async\" class=\"alignnone size-full wp-image-97669\" src=\"https:\/\/kingarms.ee\/wp-content\/uploads\/2024\/02\/Comet-handflare@480w.jpg\" alt=\"\" width=\"480\" height=\"480\" srcset=\"https:\/\/kingarms.ee\/wp-content\/uploads\/2024\/02\/Comet-handflare@480w.jpg 480w, https:\/\/kingarms.ee\/wp-content\/uploads\/2024\/02\/Comet-handflare@480w-300x300.jpg 300w, https:\/\/kingarms.ee\/wp-content\/uploads\/2024\/02\/Comet-handflare@480w-150x150.jpg 150w\" sizes=\"auto, (max-width: 480px) 100vw, 480px\" \/><\/p>\n","protected":false},"excerpt":{"rendered":"<p>Rankinis \u017eibintuv\u0117lis \/ \u0161vie\u010dianti \u0161viesos kometa Raudona pad\u0117s jums, kai patekote \u012f b\u0117d\u0105 mi\u0161ke ir j\u016broje<\/p>\n<p>Rankinio degiklio korpusas pagamintas i\u0161 korozijai atsparios med\u017eiagos, ant jo yra ai\u0161kios ir lengvai suprantamos instrukcijos. Fakelai yra atspar\u016bs vandeniui ir gali b\u016bti laikomi po vandeniu paruo\u0161toje \u0161audyti pad\u0117tyje. Atitinka SOLAS reikalavimus.<\/p>\n","protected":false},"featured_media":134724,"template":"","meta":{"_acf_changed":false},"product_brand":[],"product_cat":[1263,1274,1219],"product_tag":[],"class_list":{"0":"post-149329","1":"product","2":"type-product","3":"status-publish","4":"has-post-thumbnail","6":"product_cat-kelioniu-prekes","7":"product_cat-kita-lt","8":"product_cat-pirmoji-pagalba","10":"first","11":"onbackorder","12":"taxable","13":"shipping-taxable","14":"product-type-simple"},"acf":[],"_links":{"self":[{"href":"https:\/\/kingarms.ee\/lt\/wp-json\/wp\/v2\/product\/149329","targetHints":{"allow":["GET"]}}],"collection":[{"href":"https:\/\/kingarms.ee\/lt\/wp-json\/wp\/v2\/product"}],"about":[{"href":"https:\/\/kingarms.ee\/lt\/wp-json\/wp\/v2\/types\/product"}],"wp:featuredmedia":[{"embeddable":true,"href":"https:\/\/kingarms.ee\/lt\/wp-json\/wp\/v2\/media\/134724"}],"wp:attachment":[{"href":"https:\/\/kingarms.ee\/lt\/wp-json\/wp\/v2\/media?parent=149329"}],"wp:term":[{"taxonomy":"product_brand","embeddable":true,"href":"https:\/\/kingarms.ee\/lt\/wp-json\/wp\/v2\/product_brand?post=149329"},{"taxonomy":"product_cat","embeddable":true,"href":"https:\/\/kingarms.ee\/lt\/wp-json\/wp\/v2\/product_cat?post=149329"},{"taxonomy":"product_tag","embeddable":true,"href":"https:\/\/kingarms.ee\/lt\/wp-json\/wp\/v2\/product_tag?post=149329"}],"curies":[{"name":"wp","href":"https:\/\/api.w.org\/{rel}","templated":true}]}}