{"id":149330,"date":"2024-02-19T13:48:21","date_gmt":"2025-05-19T07:27:05","guid":{"rendered":"https:\/\/kingarms.ee\/product\/arpol-grudu-ir-vaisiu-batonelis-35-g\/"},"modified":"2025-05-19T18:15:04","modified_gmt":"2025-05-19T15:15:04","slug":"arpol-grudu-ir-vaisiu-batonelis-35-g","status":"publish","type":"product","link":"https:\/\/kingarms.ee\/lt\/product\/arpol-grudu-ir-vaisiu-batonelis-35-g\/","title":{"rendered":"Arpol gr\u016bd\u0173 ir vaisi\u0173 baton\u0117lis 35 g"},"content":{"rendered":"<p><img loading=\"lazy\" decoding=\"async\" class=\"alignnone size-full wp-image-97472\" src=\"https:\/\/kingarms.ee\/wp-content\/uploads\/2024\/02\/arpol-cereal-and-fruit-bar-35-g-028d22044f2e4f9996e702fb3f8ef81e-29ab6b3d.jpeg\" alt=\"\" width=\"900\" height=\"900\" srcset=\"https:\/\/kingarms.ee\/wp-content\/uploads\/2024\/02\/arpol-cereal-and-fruit-bar-35-g-028d22044f2e4f9996e702fb3f8ef81e-29ab6b3d.jpeg 900w, https:\/\/kingarms.ee\/wp-content\/uploads\/2024\/02\/arpol-cereal-and-fruit-bar-35-g-028d22044f2e4f9996e702fb3f8ef81e-29ab6b3d-300x300.jpeg 300w, https:\/\/kingarms.ee\/wp-content\/uploads\/2024\/02\/arpol-cereal-and-fruit-bar-35-g-028d22044f2e4f9996e702fb3f8ef81e-29ab6b3d-150x150.jpeg 150w, https:\/\/kingarms.ee\/wp-content\/uploads\/2024\/02\/arpol-cereal-and-fruit-bar-35-g-028d22044f2e4f9996e702fb3f8ef81e-29ab6b3d-768x768.jpeg 768w, https:\/\/kingarms.ee\/wp-content\/uploads\/2024\/02\/arpol-cereal-and-fruit-bar-35-g-028d22044f2e4f9996e702fb3f8ef81e-29ab6b3d-500x500.jpeg 500w\" sizes=\"auto, (max-width: 900px) 100vw, 900px\" \/><\/p>\n","protected":false},"excerpt":{"rendered":"<p>Arpol gr\u016bd\u0173 ir vaisi\u0173 baton\u0117lis 35 g<\/p>\n<p>Arpol 35 g gr\u016bd\u0173 vaisi\u0173 baton\u0117lis yra sveikas energetinis u\u017ekandis, priklausantis kariniam racionui.<\/p>\n<p>Gr\u016bd\u0173 ir vaisi\u0173 baton\u0117lis ne tik suteikia energijos po intensyvaus kr\u016bvio, bet ir pagerina nuotaik\u0105 bei pakelia moral\u0119, kai situacija atrodo bevilti\u0161ka. Tod\u0117l Arpol 35 G gr\u016bd\u0173 vaisi\u0173 baton\u0117lis jau seniai priklaus\u0117 kari\u0173, i\u0161gyvenusi\u0173j\u0173 ir skaut\u0173 kariniam racionui.<\/p>\n","protected":false},"featured_media":134675,"template":"","meta":{"_acf_changed":false},"product_brand":[],"product_cat":[1263,1272],"product_tag":[],"class_list":{"0":"post-149330","1":"product","2":"type-product","3":"status-publish","4":"has-post-thumbnail","6":"product_cat-kelioniu-prekes","7":"product_cat-taktine-maisto-pakuote","9":"first","10":"instock","11":"taxable","12":"shipping-taxable","13":"purchasable","14":"product-type-simple"},"acf":[],"_links":{"self":[{"href":"https:\/\/kingarms.ee\/lt\/wp-json\/wp\/v2\/product\/149330","targetHints":{"allow":["GET"]}}],"collection":[{"href":"https:\/\/kingarms.ee\/lt\/wp-json\/wp\/v2\/product"}],"about":[{"href":"https:\/\/kingarms.ee\/lt\/wp-json\/wp\/v2\/types\/product"}],"wp:featuredmedia":[{"embeddable":true,"href":"https:\/\/kingarms.ee\/lt\/wp-json\/wp\/v2\/media\/134675"}],"wp:attachment":[{"href":"https:\/\/kingarms.ee\/lt\/wp-json\/wp\/v2\/media?parent=149330"}],"wp:term":[{"taxonomy":"product_brand","embeddable":true,"href":"https:\/\/kingarms.ee\/lt\/wp-json\/wp\/v2\/product_brand?post=149330"},{"taxonomy":"product_cat","embeddable":true,"href":"https:\/\/kingarms.ee\/lt\/wp-json\/wp\/v2\/product_cat?post=149330"},{"taxonomy":"product_tag","embeddable":true,"href":"https:\/\/kingarms.ee\/lt\/wp-json\/wp\/v2\/product_tag?post=149330"}],"curies":[{"name":"wp","href":"https:\/\/api.w.org\/{rel}","templated":true}]}}