{"id":149560,"date":"2025-05-19T17:48:38","date_gmt":"2025-05-19T14:48:38","guid":{"rendered":"https:\/\/kingarms.ee\/product\/manierka-scout-mfh-175-l\/"},"modified":"2025-06-09T14:54:56","modified_gmt":"2025-06-09T11:54:56","slug":"manierka-scout-mfh-175-l","status":"publish","type":"product","link":"https:\/\/kingarms.ee\/lt\/product\/manierka-scout-mfh-175-l\/","title":{"rendered":"Manierka Scout MFH (1,75 l)"},"content":{"rendered":"<p>Manierka Scout MFH (1,75 l)<\/p>\n<p>Kolb mahuga 1,75 liitrit Saksa kaubam\u00e4rki MFH. Valmistatud pol\u00fcmeerist, v\u00e4ljastpoolt kaetud materjaliga (soojusisolatsioonikott) ja alumiiniumlindiga. Sellel on pol\u00fcmeerkate, mis on kinnitatud nii, et pole v\u00f5imalust seda kaotada. Reguleeritava pikkusega v\u00f6\u00f6 v\u00f5imaldab kolbi \u00fcle \u00f5la visata v\u00f5i seljakoti vastu suruda. Kolb on v\u00e4ga kerge. Ideaalne alternatiiv elluj\u00e4\u00e4misretkedele ja mitte ainult.<\/p>\n<p>MFH Skautide kolb-omadused<br \/>\nValmistatud tugevast pol\u00fcmeerist;<br \/>\nsellel on soojusisolatsioonikate ja alumiiniumlint;<br \/>\nkaas on kinnitatud nii, et seda ei saaks kaotada;<br \/>\nkerge ja mahukas, ideaalne elluj\u00e4\u00e4miseks ja aktiivseks puhkuseks.<\/p>\n","protected":false},"excerpt":{"rendered":"<p>Manierka Scout MFH (1,75 l) Kolb mahuga 1,75 liitrit Saksa kaubam\u00e4rki MFH. Valmistatud pol\u00fcmeerist, v\u00e4ljastpoolt kaetud materjaliga (soojusisolatsioonikott) ja alumiiniumlindiga. Sellel on pol\u00fcmeerkate, mis on kinnitatud nii, et pole v\u00f5imalust seda kaotada. Reguleeritava pikkusega v\u00f6\u00f6 v\u00f5imaldab kolbi \u00fcle \u00f5la visata v\u00f5i seljakoti vastu suruda. Kolb on v\u00e4ga kerge. Ideaalne alternatiiv elluj\u00e4\u00e4misretkedele ja mitte ainult.<\/p>\n<p>MFH Skautide kolb-omadused<br \/>\nValmistatud tugevast pol\u00fcmeerist;<br \/>\nsellel on soojusisolatsioonikate ja alumiiniumlint;<br \/>\nkaas on kinnitatud nii, et seda ei saaks kaotada;<br \/>\nkerge ja mahukas, ideaalne elluj\u00e4\u00e4miseks ja aktiivseks puhkuseks.<\/p>\n","protected":false},"featured_media":149470,"template":"","meta":{"_acf_changed":false},"product_brand":[],"product_cat":[1263],"product_tag":[],"class_list":{"0":"post-149560","1":"product","2":"type-product","3":"status-publish","4":"has-post-thumbnail","6":"product_cat-kelioniu-prekes","8":"first","9":"instock","10":"purchasable","11":"product-type-simple"},"acf":[],"_links":{"self":[{"href":"https:\/\/kingarms.ee\/lt\/wp-json\/wp\/v2\/product\/149560","targetHints":{"allow":["GET"]}}],"collection":[{"href":"https:\/\/kingarms.ee\/lt\/wp-json\/wp\/v2\/product"}],"about":[{"href":"https:\/\/kingarms.ee\/lt\/wp-json\/wp\/v2\/types\/product"}],"wp:featuredmedia":[{"embeddable":true,"href":"https:\/\/kingarms.ee\/lt\/wp-json\/wp\/v2\/media\/149470"}],"wp:attachment":[{"href":"https:\/\/kingarms.ee\/lt\/wp-json\/wp\/v2\/media?parent=149560"}],"wp:term":[{"taxonomy":"product_brand","embeddable":true,"href":"https:\/\/kingarms.ee\/lt\/wp-json\/wp\/v2\/product_brand?post=149560"},{"taxonomy":"product_cat","embeddable":true,"href":"https:\/\/kingarms.ee\/lt\/wp-json\/wp\/v2\/product_cat?post=149560"},{"taxonomy":"product_tag","embeddable":true,"href":"https:\/\/kingarms.ee\/lt\/wp-json\/wp\/v2\/product_tag?post=149560"}],"curies":[{"name":"wp","href":"https:\/\/api.w.org\/{rel}","templated":true}]}}