{"id":149600,"date":"2025-05-19T17:48:29","date_gmt":"2025-05-19T14:48:29","guid":{"rendered":"https:\/\/kingarms.ee\/product\/waltheri-geelipipra-kassett-pdp-pgs-jaoks\/"},"modified":"2026-04-07T12:40:26","modified_gmt":"2026-04-07T09:40:26","slug":"waltheri-geelipipra-kassett-pdp-pgs-jaoks","status":"publish","type":"product","link":"https:\/\/kingarms.ee\/lt\/product\/waltheri-geelipipra-kassett-pdp-pgs-jaoks\/","title":{"rendered":"Waltheri geelipipra kassett PDP \/ PGS jaoks"},"content":{"rendered":"<p>Waltheri geelipipra kassett PDP \/ PGS jaoks<\/p>\n<p>Pipragaasi padrun Walther PDP p\u00fcstoli jaoks. Kassettides kasutatav aine \u00e4rritab nahka, limaskesta ja silmi.<\/p>\n<p>T\u00f5hus vahend enesekaitseks<br \/>\nP\u00e4rast l\u00f6\u00f6ki kogeb r\u00fcndaja tugevat p\u00f5letustunnet ja valu, mis annab lisaminutid p\u00f5genemiseks ja politsei kutsumiseks.<\/p>\n<p>Pipragaasi kassett Walther PDP p\u00fcstolile &#8211; funktsioonid<br \/>\n10% kapsaitsiin OC lahus;<br \/>\nvahemik kuni 5 m;<br \/>\nefektiivne inimestel ja loomadel;<br \/>\ntoimib inimestele, kes on narkootikumide, alkoholi ja muude narkootiliste ainete m\u00f5ju all;<br \/>\n\u00e4rritaja sisaldab UV-silte, mis h\u00f5lbustavad r\u00fcndaja tuvastamist.<\/p>\n","protected":false},"excerpt":{"rendered":"<p>Waltheri geelipipra kassett PDP \/ PGS jaoks Pipragaasi padrun Walther PDP p\u00fcstoli jaoks. Kassettides kasutatav aine \u00e4rritab nahka, limaskesta ja silmi.<\/p>\n<p>T\u00f5hus vahend enesekaitseks<br \/>\nP\u00e4rast l\u00f6\u00f6ki kogeb r\u00fcndaja tugevat p\u00f5letustunnet ja valu, mis annab lisaminutid p\u00f5genemiseks ja politsei kutsumiseks.<\/p>\n<p>Pipragaasi kassett Walther PDP p\u00fcstolile &#8211; funktsioonid<br \/>\n10% kapsaitsiin OC lahus;<br \/>\nvahemik kuni 5 m;<br \/>\nefektiivne inimestel ja loomadel;<br \/>\ntoimib inimestele, kes on narkootikumide, alkoholi ja muude narkootiliste ainete m\u00f5ju all;<br \/>\n\u00e4rritaja sisaldab UV-silte, mis h\u00f5lbustavad r\u00fcndaja tuvastamist.<\/p>\n","protected":false},"featured_media":155039,"template":"","meta":{"_acf_changed":false},"product_brand":[],"product_cat":[1254],"product_tag":[],"class_list":{"0":"post-149600","1":"product","2":"type-product","3":"status-publish","4":"has-post-thumbnail","6":"product_cat-pipiru-purskiklis","8":"first","9":"instock","10":"purchasable","11":"product-type-simple"},"acf":[],"_links":{"self":[{"href":"https:\/\/kingarms.ee\/lt\/wp-json\/wp\/v2\/product\/149600","targetHints":{"allow":["GET"]}}],"collection":[{"href":"https:\/\/kingarms.ee\/lt\/wp-json\/wp\/v2\/product"}],"about":[{"href":"https:\/\/kingarms.ee\/lt\/wp-json\/wp\/v2\/types\/product"}],"wp:featuredmedia":[{"embeddable":true,"href":"https:\/\/kingarms.ee\/lt\/wp-json\/wp\/v2\/media\/155039"}],"wp:attachment":[{"href":"https:\/\/kingarms.ee\/lt\/wp-json\/wp\/v2\/media?parent=149600"}],"wp:term":[{"taxonomy":"product_brand","embeddable":true,"href":"https:\/\/kingarms.ee\/lt\/wp-json\/wp\/v2\/product_brand?post=149600"},{"taxonomy":"product_cat","embeddable":true,"href":"https:\/\/kingarms.ee\/lt\/wp-json\/wp\/v2\/product_cat?post=149600"},{"taxonomy":"product_tag","embeddable":true,"href":"https:\/\/kingarms.ee\/lt\/wp-json\/wp\/v2\/product_tag?post=149600"}],"curies":[{"name":"wp","href":"https:\/\/api.w.org\/{rel}","templated":true}]}}