{"id":149723,"date":"2024-03-08T15:45:04","date_gmt":"2025-05-25T11:10:26","guid":{"rendered":"https:\/\/kingarms.ee\/product\/feniksas-tk22r-pilnas-komplektas\/"},"modified":"2025-05-25T14:10:26","modified_gmt":"2025-05-25T11:10:26","slug":"feniksas-tk22r-pilnas-komplektas","status":"publish","type":"product","link":"https:\/\/kingarms.ee\/lt\/product\/feniksas-tk22r-pilnas-komplektas\/","title":{"rendered":"Feniksas tk22r pilnas komplektas"},"content":{"rendered":"<p><img loading=\"lazy\" decoding=\"async\" class=\"alignnone size-full wp-image-99535\" src=\"https:\/\/kingarms.ee\/wp-content\/uploads\/2024\/03\/01.jpg\" alt=\"\" width=\"1000\" height=\"1000\" srcset=\"https:\/\/kingarms.ee\/wp-content\/uploads\/2024\/03\/01.jpg 1000w, https:\/\/kingarms.ee\/wp-content\/uploads\/2024\/03\/01-300x300.jpg 300w, https:\/\/kingarms.ee\/wp-content\/uploads\/2024\/03\/01-150x150.jpg 150w, https:\/\/kingarms.ee\/wp-content\/uploads\/2024\/03\/01-768x768.jpg 768w, https:\/\/kingarms.ee\/wp-content\/uploads\/2024\/03\/01-500x500.jpg 500w\" sizes=\"auto, (max-width: 1000px) 100vw, 1000px\" \/><\/p>\n","protected":false},"excerpt":{"rendered":"<p>Feniksas tk22r pilnas komplektas<\/p>\n<p>Maksimalus \u0161viesos srautas 3200 liumen\u0173<br \/>\nMinimalus \u0161viesos srautas 30 liumen\u0173<br \/>\nLED elemento tipas Luminus SST70<br \/>\n\u0160viesos temperat\u016bra balta 6500K<br \/>\nOptikos tipas plok\u0161\u010dio pavir\u0161iaus parabolinis at\u0161vaitas<br \/>\nTiesioginis \u012fkrovimas taip (USB-C)<br \/>\nBaterija \u012ftraukta Taip<br \/>\nTiekiama akumuliatoriaus talpa 5000mAh<br \/>\nLempos perjungimo mechanizmas galinis maitinimo ir re\u017eimo jungiklis + galinio re\u017eimo pasirinkimo mygtukas (Fleksensa valdymo perjungimo jungiklis)<br \/>\nSpalva \u0161viesos re\u017eimas ne<br \/>\nMaksimalus veikimo laikas vienu \u012fkrovimu 50h @ maks.30lm<br \/>\nDarbo laikas maksimaliu re\u017eimu 2h15min (sis.\u017eingsnis \u017eemyn)<br \/>\nMaksimalus \u0161viesos srauto diapazonas 480 metr\u0173<br \/>\nMaksimalus \u0161viesos srauto intensyvumas 57400cd<br \/>\nMaitinimo \u012ftampos Stabilizavimas Taip<br \/>\nApsauga nuo perkaitimo taip (lempos darbin\u0117 temperat\u016bra)<br \/>\nDarbo re\u017eimai taktin\u0117 grup\u0117: maks.3200lm@2h15min ir 3200lm strobe; darbo grup\u0117: maks.3200lm@2h15min, 1000lm@2h35min, 350lm@7h45min, 30lm @ 50h<br \/>\nApsaugos klas\u0117 IP68 2m<br \/>\nI\u0161bandytas atsparumas sm\u016bgiams iki 1 metro<br \/>\nLempos matmenys 158 mm (Ilgis) 40 mm (galvut\u0117s skersmuo) 25,4 mm (Korpuso skersmuo)<br \/>\nLempos svoris 218g (su maitinimo \u0161altiniu)<br \/>\nKorpuso med\u017eiaga III tipo anoduotas aliuminis<br \/>\nPirminio maitinimo \u0161altinio tipas su a\u0161triu antgaliu (mygtuko vir\u0161uje) ir PCB apsaugos tipas 21700 Li-ion baterija (desimit. Arb-L21 serijos baterija)<br \/>\nKomplekte yra lempa, Fenikso Tipo 21700 5000 mAh Li\u010dio jon\u0173 baterija, atsarginiai \u017eiediniai sandarikliai, USB-C \u012fkrovimo laidas, lengvas dir\u017eo d\u0117klas, apyrank\u0117.<\/p>\n","protected":false},"featured_media":135011,"template":"","meta":{"_acf_changed":false},"product_brand":[],"product_cat":[1173],"product_tag":[],"class_list":{"0":"post-149723","1":"product","2":"type-product","3":"status-publish","4":"has-post-thumbnail","6":"product_cat-zibintuvelis","8":"first","9":"instock","10":"taxable","11":"shipping-taxable","12":"purchasable","13":"product-type-simple"},"acf":[],"_links":{"self":[{"href":"https:\/\/kingarms.ee\/lt\/wp-json\/wp\/v2\/product\/149723","targetHints":{"allow":["GET"]}}],"collection":[{"href":"https:\/\/kingarms.ee\/lt\/wp-json\/wp\/v2\/product"}],"about":[{"href":"https:\/\/kingarms.ee\/lt\/wp-json\/wp\/v2\/types\/product"}],"wp:featuredmedia":[{"embeddable":true,"href":"https:\/\/kingarms.ee\/lt\/wp-json\/wp\/v2\/media\/135011"}],"wp:attachment":[{"href":"https:\/\/kingarms.ee\/lt\/wp-json\/wp\/v2\/media?parent=149723"}],"wp:term":[{"taxonomy":"product_brand","embeddable":true,"href":"https:\/\/kingarms.ee\/lt\/wp-json\/wp\/v2\/product_brand?post=149723"},{"taxonomy":"product_cat","embeddable":true,"href":"https:\/\/kingarms.ee\/lt\/wp-json\/wp\/v2\/product_cat?post=149723"},{"taxonomy":"product_tag","embeddable":true,"href":"https:\/\/kingarms.ee\/lt\/wp-json\/wp\/v2\/product_tag?post=149723"}],"curies":[{"name":"wp","href":"https:\/\/api.w.org\/{rel}","templated":true}]}}