{"id":149725,"date":"2024-07-19T18:52:15","date_gmt":"2025-05-25T11:11:15","guid":{"rendered":"https:\/\/kingarms.ee\/product\/oro-pistoletas-pcp-rp-raudonas-reksimeksas\/"},"modified":"2025-05-25T14:11:15","modified_gmt":"2025-05-25T11:11:15","slug":"oro-pistoletas-pcp-rp-raudonas-reksimeksas","status":"publish","type":"product","link":"https:\/\/kingarms.ee\/lt\/product\/oro-pistoletas-pcp-rp-raudonas-reksimeksas\/","title":{"rendered":"Oro pistoletas PCP RP raudonas Reksimeksas"},"content":{"rendered":"<p><img loading=\"lazy\" decoding=\"async\" class=\"alignnone size-full wp-image-102013\" src=\"https:\/\/kingarms.ee\/wp-content\/uploads\/2024\/07\/eng_pl_Reximex-RP-RED-PCP-Air-Pistol-118816_16.webp\" alt=\"\" width=\"1200\" height=\"1200\" srcset=\"https:\/\/kingarms.ee\/wp-content\/uploads\/2024\/07\/eng_pl_Reximex-RP-RED-PCP-Air-Pistol-118816_16.webp 1200w, https:\/\/kingarms.ee\/wp-content\/uploads\/2024\/07\/eng_pl_Reximex-RP-RED-PCP-Air-Pistol-118816_16-300x300.webp 300w, https:\/\/kingarms.ee\/wp-content\/uploads\/2024\/07\/eng_pl_Reximex-RP-RED-PCP-Air-Pistol-118816_16-1024x1024.webp 1024w, https:\/\/kingarms.ee\/wp-content\/uploads\/2024\/07\/eng_pl_Reximex-RP-RED-PCP-Air-Pistol-118816_16-150x150.webp 150w, https:\/\/kingarms.ee\/wp-content\/uploads\/2024\/07\/eng_pl_Reximex-RP-RED-PCP-Air-Pistol-118816_16-768x768.webp 768w, https:\/\/kingarms.ee\/wp-content\/uploads\/2024\/07\/eng_pl_Reximex-RP-RED-PCP-Air-Pistol-118816_16-500x500.webp 500w\" sizes=\"auto, (max-width: 1200px) 100vw, 1200px\" \/><\/p>\n","protected":false},"excerpt":{"rendered":"<p>Oro pistoletas PCP RP raudonas Reksimeksas<\/p>\n<p>RP red precision-daugiafunkcinis PCP Sportinis pistoletas su raudonos spalvos u\u017eraktu ir reguliatoriumi pakartotiniam \u0161audymui. \u012erengtas reguliuojamas \u012fvor\u0117 ir reguliuojamas paleidimo lie\u017euvis, taip pat sl\u0117gio bakas, kurio talpa yra 50 cc. Anatomin\u0117 rankena su stovu su st\u016bmoklio tvirtinimo galimybe. Galimi kalibrai: 0.177 (4.5 mm)   <\/p>\n<p>Techniniai parametrai:<br \/>\nModelis: RP raudona<br \/>\nTipas: PCP oro pistoletas<br \/>\nPradin\u0117 energija: 17 J (galima padidinti iki 25J, 35J, 40J, 58j)<br \/>\nBendras ilgis: 330,0 mm \/ 13,0&#8243; (be st\u016bmoklio), 600,0 mm \/ 23,6&#8243; (su st\u016bmokliu)<br \/>\nVamzd\u017eio ilgis: 200,0 mm \/ 7,9 colio<br \/>\nSvoris: 0,9 kg \/ 1,98 svaro (be st\u016bmoklio), 1,0 kg (su st\u016bmokliu)<br \/>\nSl\u0117gio bakas: 50 cc<br \/>\nU\u017epildymo sl\u0117gis: 250 bar<br \/>\nRankena: nuimamas sintetinis audinys<br \/>\nGamintojas: Reksimeksas, Turkija<\/p>\n<p>FAC ( * ) i\u0161samios specifikacijos: 4,5 mm kalibras \/ .177<br \/>\nMaksimalus i\u0161\u0117jimo greitis ( * * ): 160 m \/ s (525 FPS)<br \/>\nEnergija: 7 J \/ 5.2 ft lbs<br \/>\nD\u0117klo T\u016bris: 9 Vnt.<br \/>\nEfektyvi\u0173 sm\u016bgi\u0173 skai\u010dius: 110<\/p>\n","protected":false},"featured_media":135688,"template":"","meta":{"_acf_changed":false},"product_brand":[],"product_cat":[1146],"product_tag":[],"class_list":{"0":"post-149725","1":"product","2":"type-product","3":"status-publish","4":"has-post-thumbnail","6":"product_cat-pcp-hpa-lt","8":"first","9":"instock","10":"taxable","11":"shipping-taxable","12":"purchasable","13":"product-type-simple"},"acf":[],"_links":{"self":[{"href":"https:\/\/kingarms.ee\/lt\/wp-json\/wp\/v2\/product\/149725","targetHints":{"allow":["GET"]}}],"collection":[{"href":"https:\/\/kingarms.ee\/lt\/wp-json\/wp\/v2\/product"}],"about":[{"href":"https:\/\/kingarms.ee\/lt\/wp-json\/wp\/v2\/types\/product"}],"wp:featuredmedia":[{"embeddable":true,"href":"https:\/\/kingarms.ee\/lt\/wp-json\/wp\/v2\/media\/135688"}],"wp:attachment":[{"href":"https:\/\/kingarms.ee\/lt\/wp-json\/wp\/v2\/media?parent=149725"}],"wp:term":[{"taxonomy":"product_brand","embeddable":true,"href":"https:\/\/kingarms.ee\/lt\/wp-json\/wp\/v2\/product_brand?post=149725"},{"taxonomy":"product_cat","embeddable":true,"href":"https:\/\/kingarms.ee\/lt\/wp-json\/wp\/v2\/product_cat?post=149725"},{"taxonomy":"product_tag","embeddable":true,"href":"https:\/\/kingarms.ee\/lt\/wp-json\/wp\/v2\/product_tag?post=149725"}],"curies":[{"name":"wp","href":"https:\/\/api.w.org\/{rel}","templated":true}]}}