{"id":149726,"date":"2024-07-19T18:44:05","date_gmt":"2025-05-25T11:11:43","guid":{"rendered":"https:\/\/kingarms.ee\/product\/pcp-oro-sautuvas-force1-reksimeksas\/"},"modified":"2025-05-25T14:11:43","modified_gmt":"2025-05-25T11:11:43","slug":"pcp-oro-sautuvas-force1-reksimeksas","status":"publish","type":"product","link":"https:\/\/kingarms.ee\/lt\/product\/pcp-oro-sautuvas-force1-reksimeksas\/","title":{"rendered":"PCP oro \u0161autuvas FORCE1 (Reksimeksas)"},"content":{"rendered":"<p><img loading=\"lazy\" decoding=\"async\" class=\"alignnone size-full wp-image-101957\" src=\"https:\/\/kingarms.ee\/wp-content\/uploads\/2024\/07\/eng_pl_Reximex-FORCE1-PCP-Air-Rifle-118781_1.jpg\" alt=\"\" width=\"1200\" height=\"1200\" srcset=\"https:\/\/kingarms.ee\/wp-content\/uploads\/2024\/07\/eng_pl_Reximex-FORCE1-PCP-Air-Rifle-118781_1.jpg 1200w, https:\/\/kingarms.ee\/wp-content\/uploads\/2024\/07\/eng_pl_Reximex-FORCE1-PCP-Air-Rifle-118781_1-300x300.jpg 300w, https:\/\/kingarms.ee\/wp-content\/uploads\/2024\/07\/eng_pl_Reximex-FORCE1-PCP-Air-Rifle-118781_1-1024x1024.jpg 1024w, https:\/\/kingarms.ee\/wp-content\/uploads\/2024\/07\/eng_pl_Reximex-FORCE1-PCP-Air-Rifle-118781_1-150x150.jpg 150w, https:\/\/kingarms.ee\/wp-content\/uploads\/2024\/07\/eng_pl_Reximex-FORCE1-PCP-Air-Rifle-118781_1-768x768.jpg 768w, https:\/\/kingarms.ee\/wp-content\/uploads\/2024\/07\/eng_pl_Reximex-FORCE1-PCP-Air-Rifle-118781_1-500x500.jpg 500w\" sizes=\"auto, (max-width: 1200px) 100vw, 1200px\" \/><\/p>\n","protected":false},"excerpt":{"rendered":"<p>Reksimekso J\u0117ga1, modernus PCP oro \u0161autuvas praktin\u0117je taktin\u0117je \u012frangoje su pistoleto rankena ir visi\u0161kai reguliuojamu u\u017epakaliu. D\u0117l teleskopinio st\u016bmoklio, reguliuojamos kojos ir skruostikauli\u0173 galite visi\u0161kai pritaikyti \u0161autuv\u0105 pagal savo pageidavimus. Force1 yra su \u0161onine svirties pakrovimo svirtimi, dviguba b\u0117gio optika 11 ir 22 mm, gaiduko lie\u017euv\u0117liu arba reguliuojamu kietumu. Galima \u012fsigyti kalibruose: .177 (4,5 mm)   <\/p>\n<p>Bendrieji techniniai parametrai:<br \/>\nTipas: PCP oro pistoletas<br \/>\nPradin\u0117 energija: 17 J (galima padidinti iki 25J, 35J, 40J, 58j)<br \/>\nBendras ilgis: 950,0 mm \/ 37,4 colio(1030,0 mm \/ 40,5 colio, kai st\u016bmoklis i\u0161traukiamas)<br \/>\nVamzd\u017eio ilgis: 480.0 mm \/ 18.9 coli\u0173<br \/>\nSvoris: 3,3 kg \/ 7,3 svaro<br \/>\nSl\u0117ginis indas: 310 cc<br \/>\nU\u017epildymo sl\u0117gis: 200 bar<br \/>\nPadas: auk\u0161tos kokyb\u0117s sintetin\u0117 med\u017eiaga su pistoleto rankena<br \/>\nGamintojas: Reksimeksas, Turkija<\/p>\n<p>FAC ( * ) i\u0161samios specifikacijos: 4,5 mm kalibras \/ .177<br \/>\nMaksimalus fotografavimo greitis ( * * ): 365 m \/ s \/ 1200 kadr\u0173 per sekund\u0119<br \/>\nEnergija: 58 J \/ 26.55 p\u0117d\u0173 lbs<br \/>\nD\u0117klo t\u016bris: 14 vnt.<\/p>\n","protected":false},"featured_media":135638,"template":"","meta":{"_acf_changed":false},"product_brand":[],"product_cat":[1146],"product_tag":[],"class_list":{"0":"post-149726","1":"product","2":"type-product","3":"status-publish","4":"has-post-thumbnail","6":"product_cat-pcp-hpa-lt","8":"first","9":"instock","10":"taxable","11":"shipping-taxable","12":"purchasable","13":"product-type-simple"},"acf":[],"_links":{"self":[{"href":"https:\/\/kingarms.ee\/lt\/wp-json\/wp\/v2\/product\/149726","targetHints":{"allow":["GET"]}}],"collection":[{"href":"https:\/\/kingarms.ee\/lt\/wp-json\/wp\/v2\/product"}],"about":[{"href":"https:\/\/kingarms.ee\/lt\/wp-json\/wp\/v2\/types\/product"}],"wp:featuredmedia":[{"embeddable":true,"href":"https:\/\/kingarms.ee\/lt\/wp-json\/wp\/v2\/media\/135638"}],"wp:attachment":[{"href":"https:\/\/kingarms.ee\/lt\/wp-json\/wp\/v2\/media?parent=149726"}],"wp:term":[{"taxonomy":"product_brand","embeddable":true,"href":"https:\/\/kingarms.ee\/lt\/wp-json\/wp\/v2\/product_brand?post=149726"},{"taxonomy":"product_cat","embeddable":true,"href":"https:\/\/kingarms.ee\/lt\/wp-json\/wp\/v2\/product_cat?post=149726"},{"taxonomy":"product_tag","embeddable":true,"href":"https:\/\/kingarms.ee\/lt\/wp-json\/wp\/v2\/product_tag?post=149726"}],"curies":[{"name":"wp","href":"https:\/\/api.w.org\/{rel}","templated":true}]}}